{"id":93989,"date":"2017-07-02T06:07:55","date_gmt":"2017-07-02T06:07:55","guid":{"rendered":"http:\/\/www.ceramictiles.com\/srbija\/product\/keramicke-plocice-20x30-beige-2\/"},"modified":"2026-01-03T00:01:55","modified_gmt":"2026-01-03T00:01:55","slug":"keramicke-plocice-20x30-beige-2","status":"publish","type":"product","link":"https:\/\/www.keramika.com\/srbija\/keramicke-plocice-20x30-beige-2\/","title":{"rendered":"Kerami\u010dke plo\u010dice 20&#215;30 Beige"},"content":{"rendered":"<p>Veli\u010dina plo\u010dice je 20&#215;30 cm i odli\u010dna je za razli\u010dite povr\u0161ine. Ove plo\u010dice dolaze od proizvo\u0111a\u010da Primusvitoria, iz Portugala. Ta kolekcija, model plo\u010dice, se prodaje najvi\u0161e be\u017e boje. 7 mm debljina \u0107e zadovoljiti i najzahtevnije kupce. Ceramic tiles 20&#215;30 Beige je dostupna po vrlo povoljnim cenama 1973,4 RSD.<\/p>\n<p>Kliknite na ime serije za sve plo\u010dice u toj seriji: <a class=\"pdfcatal\" href=\"\/\/www.ceramictiles.com\/pdf\/primus\/catalogue_primus_vitoria.pdf\" onclick=\"recordOutboundLink(this, 'E-mail', 'Description PDF');return false;\">Primusvitoria Wallpaper<\/a><\/p>\n<p>Da bi naru\u010dili model iz PDF kataloga ove serije, molimo vas, da nas kontaktirate na: <a href=\"mailto:zo_mi@ceramictiles.com\" onclick=\"recordOutboundLink(this, 'E-mail', 'Description mail');return false;\">zo_mi@ceramictiles.com<\/a> ili nas pozovite na: For exact offer, PLS send us quantity and product you need with delivery address..<\/p>\n","protected":false},"excerpt":{"rendered":"<p>Veli\u010dina plo\u010dice je 20&#215;30 cm i odli\u010dna je za razli\u010dite povr\u0161ine. Ove plo\u010dice dolaze od proizvo\u0111a\u010da Primusvitoria, iz Portugala. Ta kolekcija, model plo\u010dice, se prodaje najvi\u0161e be\u017e boje. 7 mm debljina \u0107e zadovoljiti i najzahtevnije kupce. Ceramic tiles 20&#215;30 Beige je dostupna po vrlo povoljnim cenama 1973,4 RSD. Kliknite na ime serije za sve plo\u010dice [&hellip;]<\/p>\n","protected":false},"featured_media":93990,"template":"","meta":[],"product_cat":[200,220,230,99921441,999,290],"product_tag":[99950090],"_links":{"self":[{"href":"https:\/\/www.keramika.com\/srbija\/wp-json\/wp\/v2\/product\/93989"}],"collection":[{"href":"https:\/\/www.keramika.com\/srbija\/wp-json\/wp\/v2\/product"}],"about":[{"href":"https:\/\/www.keramika.com\/srbija\/wp-json\/wp\/v2\/types\/product"}],"wp:featuredmedia":[{"embeddable":true,"href":"https:\/\/www.keramika.com\/srbija\/wp-json\/wp\/v2\/media\/93990"}],"wp:attachment":[{"href":"https:\/\/www.keramika.com\/srbija\/wp-json\/wp\/v2\/media?parent=93989"}],"wp:term":[{"taxonomy":"product_cat","embeddable":true,"href":"https:\/\/www.keramika.com\/srbija\/wp-json\/wp\/v2\/product_cat?post=93989"},{"taxonomy":"product_tag","embeddable":true,"href":"https:\/\/www.keramika.com\/srbija\/wp-json\/wp\/v2\/product_tag?post=93989"}],"curies":[{"name":"wp","href":"https:\/\/api.w.org\/{rel}","templated":true}]}}