{"id":93987,"date":"2017-07-02T06:07:40","date_gmt":"2017-07-02T06:07:40","guid":{"rendered":"http:\/\/www.ceramictiles.com\/srbija\/product\/keramicke-plocice-15x15-green-4\/"},"modified":"2026-01-03T00:01:55","modified_gmt":"2026-01-03T00:01:55","slug":"keramicke-plocice-15x15-green-4","status":"publish","type":"product","link":"https:\/\/www.keramika.com\/srbija\/keramicke-plocice-15x15-green-4\/","title":{"rendered":"Kerami\u010dke plo\u010dice 15&#215;15 Green"},"content":{"rendered":"<p>Plo\u010dica na sliki je 15&#215;15 cm. Ove plo\u010dice dolaze od proizvo\u0111a\u010da Primusvitoria, iz Portugala. 8 mm debljine je dovoljno za zahtevnije kupce. Izuzetno moderne plo\u010dice bele boje, osve\u017eit \u0107e svaki prostor. 3588 RSD je redovna prodajna cena keramike, tu pa samo 2870,4 RSD.<\/p>\n<p>Kliknite na ime serije za sve plo\u010dice u toj seriji: <a class=\"pdfcatal\" href=\"\/\/www.ceramictiles.com\/pdf\/primus\/catalogue_primus_vitoria.pdf\" onclick=\"recordOutboundLink(this, 'E-mail', 'Description PDF');return false;\">Primusvitoria Vintage<\/a><\/p>\n<p>Da bi naru\u010dili model iz PDF kataloga ove serije, molimo vas, da nas kontaktirate na: <a href=\"mailto:zo_mi@ceramictiles.com\" onclick=\"recordOutboundLink(this, 'E-mail', 'Description mail');return false;\">zo_mi@ceramictiles.com<\/a> ili nas pozovite na: For exact offer, PLS send us quantity and product you need with delivery address..<\/p>\n","protected":false},"excerpt":{"rendered":"<p>Plo\u010dica na sliki je 15&#215;15 cm. Ove plo\u010dice dolaze od proizvo\u0111a\u010da Primusvitoria, iz Portugala. 8 mm debljine je dovoljno za zahtevnije kupce. Izuzetno moderne plo\u010dice bele boje, osve\u017eit \u0107e svaki prostor. 3588 RSD je redovna prodajna cena keramike, tu pa samo 2870,4 RSD. Kliknite na ime serije za sve plo\u010dice u toj seriji: Primusvitoria Vintage [&hellip;]<\/p>\n","protected":false},"featured_media":93988,"template":"","meta":[],"product_cat":[200,220,230,99921441,999,290],"product_tag":[],"_links":{"self":[{"href":"https:\/\/www.keramika.com\/srbija\/wp-json\/wp\/v2\/product\/93987"}],"collection":[{"href":"https:\/\/www.keramika.com\/srbija\/wp-json\/wp\/v2\/product"}],"about":[{"href":"https:\/\/www.keramika.com\/srbija\/wp-json\/wp\/v2\/types\/product"}],"wp:featuredmedia":[{"embeddable":true,"href":"https:\/\/www.keramika.com\/srbija\/wp-json\/wp\/v2\/media\/93988"}],"wp:attachment":[{"href":"https:\/\/www.keramika.com\/srbija\/wp-json\/wp\/v2\/media?parent=93987"}],"wp:term":[{"taxonomy":"product_cat","embeddable":true,"href":"https:\/\/www.keramika.com\/srbija\/wp-json\/wp\/v2\/product_cat?post=93987"},{"taxonomy":"product_tag","embeddable":true,"href":"https:\/\/www.keramika.com\/srbija\/wp-json\/wp\/v2\/product_tag?post=93987"}],"curies":[{"name":"wp","href":"https:\/\/api.w.org\/{rel}","templated":true}]}}