{"id":93969,"date":"2017-07-02T06:05:10","date_gmt":"2017-07-02T06:05:10","guid":{"rendered":"http:\/\/www.ceramictiles.com\/srbija\/product\/keramicke-plocice-15x15-brown-3\/"},"modified":"2026-01-03T00:01:52","modified_gmt":"2026-01-03T00:01:52","slug":"keramicke-plocice-15x15-brown-3","status":"publish","type":"product","link":"https:\/\/www.keramika.com\/srbija\/keramicke-plocice-15x15-brown-3\/","title":{"rendered":"Kerami\u010dke plo\u010dice 15&#215;15 Brown"},"content":{"rendered":"<p>Plo\u010dica na sliki je 15&#215;15 cm. Ceramic tiles 15&#215;15 Brown dolazi iz Portugala, koja je poznata po vrlo visokoj kvaliteta keramike u svetu. Keramika je prekrasne braon boje. U koliko \u017eelite neku drugu boju, pozovite nas i mi \u0107emo proveriti kod proizvo\u0111a\u010da. 8 mm debljina \u0107e zadovoljiti i najzahtevnije kupce. Zbog ni\u017eih tro\u0161kova, online prodaje, Vi \u0107e te na na\u0161oj strani ove plo\u010de platiti samo 1228,2 RSD.<\/p>\n<p>Kliknite na ime serije za sve plo\u010dice u toj seriji: <a class=\"pdfcatal\" href=\"\/\/www.ceramictiles.com\/pdf\/primus\/catalogue_primus_vitoria.pdf\" onclick=\"recordOutboundLink(this, 'E-mail', 'Description PDF');return false;\">Primusvitoria Roma<\/a><\/p>\n<p>Da bi naru\u010dili model iz PDF kataloga ove serije, molimo vas, da nas kontaktirate na: <a href=\"mailto:zo_mi@ceramictiles.com\" onclick=\"recordOutboundLink(this, 'E-mail', 'Description mail');return false;\">zo_mi@ceramictiles.com<\/a> ili nas pozovite na: For exact offer, PLS send us quantity and product you need with delivery address..<\/p>\n","protected":false},"excerpt":{"rendered":"<p>Plo\u010dica na sliki je 15&#215;15 cm. Ceramic tiles 15&#215;15 Brown dolazi iz Portugala, koja je poznata po vrlo visokoj kvaliteta keramike u svetu. Keramika je prekrasne braon boje. U koliko \u017eelite neku drugu boju, pozovite nas i mi \u0107emo proveriti kod proizvo\u0111a\u010da. 8 mm debljina \u0107e zadovoljiti i najzahtevnije kupce. Zbog ni\u017eih tro\u0161kova, online prodaje, [&hellip;]<\/p>\n","protected":false},"featured_media":93970,"template":"","meta":[],"product_cat":[200,220,230,99921441,999,290],"product_tag":[],"_links":{"self":[{"href":"https:\/\/www.keramika.com\/srbija\/wp-json\/wp\/v2\/product\/93969"}],"collection":[{"href":"https:\/\/www.keramika.com\/srbija\/wp-json\/wp\/v2\/product"}],"about":[{"href":"https:\/\/www.keramika.com\/srbija\/wp-json\/wp\/v2\/types\/product"}],"wp:featuredmedia":[{"embeddable":true,"href":"https:\/\/www.keramika.com\/srbija\/wp-json\/wp\/v2\/media\/93970"}],"wp:attachment":[{"href":"https:\/\/www.keramika.com\/srbija\/wp-json\/wp\/v2\/media?parent=93969"}],"wp:term":[{"taxonomy":"product_cat","embeddable":true,"href":"https:\/\/www.keramika.com\/srbija\/wp-json\/wp\/v2\/product_cat?post=93969"},{"taxonomy":"product_tag","embeddable":true,"href":"https:\/\/www.keramika.com\/srbija\/wp-json\/wp\/v2\/product_tag?post=93969"}],"curies":[{"name":"wp","href":"https:\/\/api.w.org\/{rel}","templated":true}]}}