{"id":93963,"date":"2017-07-02T06:04:24","date_gmt":"2017-07-02T06:04:24","guid":{"rendered":"http:\/\/www.ceramictiles.com\/srbija\/product\/keramicke-plocice-20x30-white-2\/"},"modified":"2026-01-03T00:01:51","modified_gmt":"2026-01-03T00:01:51","slug":"keramicke-plocice-20x30-white-2","status":"publish","type":"product","link":"https:\/\/www.keramika.com\/srbija\/keramicke-plocice-20x30-white-2\/","title":{"rendered":"Kerami\u010dke plo\u010dice 20&#215;30 White"},"content":{"rendered":"<p>U izboru plo\u010dica bele boje, ne mo\u017eete pogre\u0161iti. Plo\u010dica je debela 7 mm, \u0161to je ubraja u tvrde plo\u010dice. Plo\u010dica 20&#215;30 cm je dobra za ve\u0107 razli\u010ditih namena. Redovna cena, ovih plo\u010dica u maloprodaji je 2932,5 RSD. U na\u0161oj online trgovini, je mo\u017eete kupiti za 2346 RSD. Proizvodnja Portugala ,koja je poznata u svetu, kao jedana od najboljih proizvo\u0111a\u010da kerami\u010dkih plo\u010dica.<\/p>\n<p>Kliknite na ime serije za sve plo\u010dice u toj seriji: <a class=\"pdfcatal\" href=\"\/\/www.ceramictiles.com\/pdf\/primus\/catalogue_primus_vitoria.pdf\" onclick=\"recordOutboundLink(this, 'E-mail', 'Description PDF');return false;\">Primusvitoria Organza<\/a><\/p>\n<p>Da bi naru\u010dili model iz PDF kataloga ove serije, molimo vas, da nas kontaktirate na: <a href=\"mailto:zo_mi@ceramictiles.com\" onclick=\"recordOutboundLink(this, 'E-mail', 'Description mail');return false;\">zo_mi@ceramictiles.com<\/a> ili nas pozovite na: For exact offer, PLS send us quantity and product you need with delivery address..<\/p>\n","protected":false},"excerpt":{"rendered":"<p>U izboru plo\u010dica bele boje, ne mo\u017eete pogre\u0161iti. Plo\u010dica je debela 7 mm, \u0161to je ubraja u tvrde plo\u010dice. Plo\u010dica 20&#215;30 cm je dobra za ve\u0107 razli\u010ditih namena. Redovna cena, ovih plo\u010dica u maloprodaji je 2932,5 RSD. U na\u0161oj online trgovini, je mo\u017eete kupiti za 2346 RSD. Proizvodnja Portugala ,koja je poznata u svetu, kao [&hellip;]<\/p>\n","protected":false},"featured_media":93964,"template":"","meta":[],"product_cat":[200,220,230,99921441,999,290],"product_tag":[],"_links":{"self":[{"href":"https:\/\/www.keramika.com\/srbija\/wp-json\/wp\/v2\/product\/93963"}],"collection":[{"href":"https:\/\/www.keramika.com\/srbija\/wp-json\/wp\/v2\/product"}],"about":[{"href":"https:\/\/www.keramika.com\/srbija\/wp-json\/wp\/v2\/types\/product"}],"wp:featuredmedia":[{"embeddable":true,"href":"https:\/\/www.keramika.com\/srbija\/wp-json\/wp\/v2\/media\/93964"}],"wp:attachment":[{"href":"https:\/\/www.keramika.com\/srbija\/wp-json\/wp\/v2\/media?parent=93963"}],"wp:term":[{"taxonomy":"product_cat","embeddable":true,"href":"https:\/\/www.keramika.com\/srbija\/wp-json\/wp\/v2\/product_cat?post=93963"},{"taxonomy":"product_tag","embeddable":true,"href":"https:\/\/www.keramika.com\/srbija\/wp-json\/wp\/v2\/product_tag?post=93963"}],"curies":[{"name":"wp","href":"https:\/\/api.w.org\/{rel}","templated":true}]}}