{"id":93959,"date":"2017-07-02T06:03:52","date_gmt":"2017-07-02T06:03:52","guid":{"rendered":"http:\/\/www.ceramictiles.com\/srbija\/product\/keramicke-plocice-10x10-brown\/"},"modified":"2026-01-03T00:01:50","modified_gmt":"2026-01-03T00:01:50","slug":"keramicke-plocice-10x10-brown","status":"publish","type":"product","link":"https:\/\/www.keramika.com\/srbija\/keramicke-plocice-10x10-brown\/","title":{"rendered":"Kerami\u010dke plo\u010dice 10&#215;10 Brown"},"content":{"rendered":"<p>Keramika je prekrasne braon boje. U koliko \u017eelite neku drugu boju, pozovite nas i mi \u0107emo proveriti kod proizvo\u0111a\u010da. Veli\u010dina 10&#215;10 cm je odli\u010dna za sve podloge. Ceramic tiles 10&#215;10 Brown je dostupna po vrlo povoljnim cenama 3036 RSD. Ceramic tiles 10&#215;10 Brown je proizvod iz Portugala te je izuzetno kvalitetna. Debljina plo\u010dice, je vrlo va\u017ena 7 mm i ubraja tu plo\u010dicu me\u0111u najkvalitetnije.<\/p>\n<p>Kliknite na ime serije za sve plo\u010dice u toj seriji: <a class=\"pdfcatal\" href=\"\/\/www.ceramictiles.com\/pdf\/primus\/catalogue_primus_vitoria.pdf\" onclick=\"recordOutboundLink(this, 'E-mail', 'Description PDF');return false;\">Primusvitoria Natur<\/a><\/p>\n<p>Da bi naru\u010dili model iz PDF kataloga ove serije, molimo vas, da nas kontaktirate na: <a href=\"mailto:zo_mi@ceramictiles.com\" onclick=\"recordOutboundLink(this, 'E-mail', 'Description mail');return false;\">zo_mi@ceramictiles.com<\/a> ili nas pozovite na: For exact offer, PLS send us quantity and product you need with delivery address..<\/p>\n","protected":false},"excerpt":{"rendered":"<p>Keramika je prekrasne braon boje. U koliko \u017eelite neku drugu boju, pozovite nas i mi \u0107emo proveriti kod proizvo\u0111a\u010da. Veli\u010dina 10&#215;10 cm je odli\u010dna za sve podloge. Ceramic tiles 10&#215;10 Brown je dostupna po vrlo povoljnim cenama 3036 RSD. Ceramic tiles 10&#215;10 Brown je proizvod iz Portugala te je izuzetno kvalitetna. Debljina plo\u010dice, je vrlo [&hellip;]<\/p>\n","protected":false},"featured_media":93960,"template":"","meta":[],"product_cat":[200,220,230,99921441,999,290],"product_tag":[],"_links":{"self":[{"href":"https:\/\/www.keramika.com\/srbija\/wp-json\/wp\/v2\/product\/93959"}],"collection":[{"href":"https:\/\/www.keramika.com\/srbija\/wp-json\/wp\/v2\/product"}],"about":[{"href":"https:\/\/www.keramika.com\/srbija\/wp-json\/wp\/v2\/types\/product"}],"wp:featuredmedia":[{"embeddable":true,"href":"https:\/\/www.keramika.com\/srbija\/wp-json\/wp\/v2\/media\/93960"}],"wp:attachment":[{"href":"https:\/\/www.keramika.com\/srbija\/wp-json\/wp\/v2\/media?parent=93959"}],"wp:term":[{"taxonomy":"product_cat","embeddable":true,"href":"https:\/\/www.keramika.com\/srbija\/wp-json\/wp\/v2\/product_cat?post=93959"},{"taxonomy":"product_tag","embeddable":true,"href":"https:\/\/www.keramika.com\/srbija\/wp-json\/wp\/v2\/product_tag?post=93959"}],"curies":[{"name":"wp","href":"https:\/\/api.w.org\/{rel}","templated":true}]}}