{"id":93949,"date":"2017-07-02T06:02:32","date_gmt":"2017-07-02T06:02:32","guid":{"rendered":"http:\/\/www.ceramictiles.com\/srbija\/product\/keramicke-plocice-20x20-red-2\/"},"modified":"2026-01-03T00:01:49","modified_gmt":"2026-01-03T00:01:49","slug":"keramicke-plocice-20x20-red-2","status":"publish","type":"product","link":"https:\/\/www.keramika.com\/srbija\/keramicke-plocice-20x20-red-2\/","title":{"rendered":"Kerami\u010dke plo\u010dice 20&#215;20 Red"},"content":{"rendered":"<p>Plo\u010dica na sliki je 20&#215;20 cm. Plo\u010dice crne boje, su letos izuzetno tre\u017eene. Umesto 6037,5 RSD \u0161to je redovna maloprodajna cena keramike, u na\u0161oj online prodavnici, je mo\u017eete dobiti za samo 4830 RSD. 7 mm debljine je dovoljno za zahtevnije kupce. Ove plo\u010dice dolaze od proizvo\u0111a\u010da Primusvitoria, iz Portugala.<\/p>\n<p>Kliknite na ime serije za sve plo\u010dice u toj seriji: <a class=\"pdfcatal\" href=\"\/\/www.ceramictiles.com\/pdf\/primus\/catalogue_primus_vitoria.pdf\" onclick=\"recordOutboundLink(this, 'E-mail', 'Description PDF');return false;\">Primusvitoria Mate<\/a><\/p>\n<p>Da bi naru\u010dili model iz PDF kataloga ove serije, molimo vas, da nas kontaktirate na: <a href=\"mailto:zo_mi@ceramictiles.com\" onclick=\"recordOutboundLink(this, 'E-mail', 'Description mail');return false;\">zo_mi@ceramictiles.com<\/a> ili nas pozovite na: For exact offer, PLS send us quantity and product you need with delivery address..<\/p>\n","protected":false},"excerpt":{"rendered":"<p>Plo\u010dica na sliki je 20&#215;20 cm. Plo\u010dice crne boje, su letos izuzetno tre\u017eene. Umesto 6037,5 RSD \u0161to je redovna maloprodajna cena keramike, u na\u0161oj online prodavnici, je mo\u017eete dobiti za samo 4830 RSD. 7 mm debljine je dovoljno za zahtevnije kupce. Ove plo\u010dice dolaze od proizvo\u0111a\u010da Primusvitoria, iz Portugala. Kliknite na ime serije za sve [&hellip;]<\/p>\n","protected":false},"featured_media":93950,"template":"","meta":[],"product_cat":[200,220,230,99921441,999,290],"product_tag":[],"_links":{"self":[{"href":"https:\/\/www.keramika.com\/srbija\/wp-json\/wp\/v2\/product\/93949"}],"collection":[{"href":"https:\/\/www.keramika.com\/srbija\/wp-json\/wp\/v2\/product"}],"about":[{"href":"https:\/\/www.keramika.com\/srbija\/wp-json\/wp\/v2\/types\/product"}],"wp:featuredmedia":[{"embeddable":true,"href":"https:\/\/www.keramika.com\/srbija\/wp-json\/wp\/v2\/media\/93950"}],"wp:attachment":[{"href":"https:\/\/www.keramika.com\/srbija\/wp-json\/wp\/v2\/media?parent=93949"}],"wp:term":[{"taxonomy":"product_cat","embeddable":true,"href":"https:\/\/www.keramika.com\/srbija\/wp-json\/wp\/v2\/product_cat?post=93949"},{"taxonomy":"product_tag","embeddable":true,"href":"https:\/\/www.keramika.com\/srbija\/wp-json\/wp\/v2\/product_tag?post=93949"}],"curies":[{"name":"wp","href":"https:\/\/api.w.org\/{rel}","templated":true}]}}