{"id":93947,"date":"2017-07-02T06:02:18","date_gmt":"2017-07-02T06:02:18","guid":{"rendered":"http:\/\/www.ceramictiles.com\/srbija\/product\/keramicke-plocice-20x20-white-2\/"},"modified":"2026-01-03T00:01:48","modified_gmt":"2026-01-03T00:01:48","slug":"keramicke-plocice-20x20-white-2","status":"publish","type":"product","link":"https:\/\/www.keramika.com\/srbija\/keramicke-plocice-20x20-white-2\/","title":{"rendered":"Kerami\u010dke plo\u010dice 20&#215;20 White"},"content":{"rendered":"<p>Veli\u010dina ove plo\u010dice je 20&#215;20 cm. Plo\u010dice dolaze iz Portugala, koja je poznata po kvalitetnoj keramiki. Izuzetno moderne plo\u010dice bele boje, osve\u017eit \u0107e svaki prostor. Ova plo\u010dica je debela 7 mm i zato je izuzetno izdr\u017eljiva. Online cena je samo 1373,1 RSD, dok redovna, maloprodajna cena 1716,95 RSD.<\/p>\n<p>Kliknite na ime serije za sve plo\u010dice u toj seriji: <a class=\"pdfcatal\" href=\"\/\/www.ceramictiles.com\/pdf\/primus\/catalogue_primus_vitoria.pdf\" onclick=\"recordOutboundLink(this, 'E-mail', 'Description PDF');return false;\">Primusvitoria Mate<\/a><\/p>\n<p>Da bi naru\u010dili model iz PDF kataloga ove serije, molimo vas, da nas kontaktirate na: <a href=\"mailto:zo_mi@ceramictiles.com\" onclick=\"recordOutboundLink(this, 'E-mail', 'Description mail');return false;\">zo_mi@ceramictiles.com<\/a> ili nas pozovite na: For exact offer, PLS send us quantity and product you need with delivery address..<\/p>\n","protected":false},"excerpt":{"rendered":"<p>Veli\u010dina ove plo\u010dice je 20&#215;20 cm. Plo\u010dice dolaze iz Portugala, koja je poznata po kvalitetnoj keramiki. Izuzetno moderne plo\u010dice bele boje, osve\u017eit \u0107e svaki prostor. Ova plo\u010dica je debela 7 mm i zato je izuzetno izdr\u017eljiva. Online cena je samo 1373,1 RSD, dok redovna, maloprodajna cena 1716,95 RSD. Kliknite na ime serije za sve plo\u010dice [&hellip;]<\/p>\n","protected":false},"featured_media":93948,"template":"","meta":[],"product_cat":[200,220,230,99921441,999,290],"product_tag":[],"_links":{"self":[{"href":"https:\/\/www.keramika.com\/srbija\/wp-json\/wp\/v2\/product\/93947"}],"collection":[{"href":"https:\/\/www.keramika.com\/srbija\/wp-json\/wp\/v2\/product"}],"about":[{"href":"https:\/\/www.keramika.com\/srbija\/wp-json\/wp\/v2\/types\/product"}],"wp:featuredmedia":[{"embeddable":true,"href":"https:\/\/www.keramika.com\/srbija\/wp-json\/wp\/v2\/media\/93948"}],"wp:attachment":[{"href":"https:\/\/www.keramika.com\/srbija\/wp-json\/wp\/v2\/media?parent=93947"}],"wp:term":[{"taxonomy":"product_cat","embeddable":true,"href":"https:\/\/www.keramika.com\/srbija\/wp-json\/wp\/v2\/product_cat?post=93947"},{"taxonomy":"product_tag","embeddable":true,"href":"https:\/\/www.keramika.com\/srbija\/wp-json\/wp\/v2\/product_tag?post=93947"}],"curies":[{"name":"wp","href":"https:\/\/api.w.org\/{rel}","templated":true}]}}