{"id":93945,"date":"2017-07-02T06:02:01","date_gmt":"2017-07-02T06:02:01","guid":{"rendered":"http:\/\/www.ceramictiles.com\/srbija\/product\/keramicke-plocice-20x20-brown-2\/"},"modified":"2026-01-03T00:01:48","modified_gmt":"2026-01-03T00:01:48","slug":"keramicke-plocice-20x20-brown-2","status":"publish","type":"product","link":"https:\/\/www.keramika.com\/srbija\/keramicke-plocice-20x20-brown-2\/","title":{"rendered":"Kerami\u010dke plo\u010dice 20&#215;20 Brown"},"content":{"rendered":"<p>Plo\u010dica 20&#215;20 cm je dobra za ve\u0107 razli\u010ditih namena. 7 mm debljina \u0107e zadovoljiti i najzahtevnije kupce. Zbog ni\u017eih tro\u0161kova, online prodaje, Vi \u0107e te na na\u0161oj strani ove plo\u010de platiti samo 2387,4 RSD. U izboru plo\u010dica braon boje, ne mo\u017eete pogre\u0161iti. Ceramic tiles 20&#215;20 Brown je proizvod iz Portugala te je izuzetno kvalitetna.<\/p>\n<p>Kliknite na ime serije za sve plo\u010dice u toj seriji: <a class=\"pdfcatal\" href=\"\/\/www.ceramictiles.com\/pdf\/primus\/catalogue_primus_vitoria.pdf\" onclick=\"recordOutboundLink(this, 'E-mail', 'Description PDF');return false;\">Primusvitoria Mate<\/a><\/p>\n<p>Da bi naru\u010dili model iz PDF kataloga ove serije, molimo vas, da nas kontaktirate na: <a href=\"mailto:zo_mi@ceramictiles.com\" onclick=\"recordOutboundLink(this, 'E-mail', 'Description mail');return false;\">zo_mi@ceramictiles.com<\/a> ili nas pozovite na: For exact offer, PLS send us quantity and product you need with delivery address..<\/p>\n","protected":false},"excerpt":{"rendered":"<p>Plo\u010dica 20&#215;20 cm je dobra za ve\u0107 razli\u010ditih namena. 7 mm debljina \u0107e zadovoljiti i najzahtevnije kupce. Zbog ni\u017eih tro\u0161kova, online prodaje, Vi \u0107e te na na\u0161oj strani ove plo\u010de platiti samo 2387,4 RSD. U izboru plo\u010dica braon boje, ne mo\u017eete pogre\u0161iti. Ceramic tiles 20&#215;20 Brown je proizvod iz Portugala te je izuzetno kvalitetna. Kliknite [&hellip;]<\/p>\n","protected":false},"featured_media":93946,"template":"","meta":[],"product_cat":[200,220,230,99921441,999,290],"product_tag":[],"_links":{"self":[{"href":"https:\/\/www.keramika.com\/srbija\/wp-json\/wp\/v2\/product\/93945"}],"collection":[{"href":"https:\/\/www.keramika.com\/srbija\/wp-json\/wp\/v2\/product"}],"about":[{"href":"https:\/\/www.keramika.com\/srbija\/wp-json\/wp\/v2\/types\/product"}],"wp:featuredmedia":[{"embeddable":true,"href":"https:\/\/www.keramika.com\/srbija\/wp-json\/wp\/v2\/media\/93946"}],"wp:attachment":[{"href":"https:\/\/www.keramika.com\/srbija\/wp-json\/wp\/v2\/media?parent=93945"}],"wp:term":[{"taxonomy":"product_cat","embeddable":true,"href":"https:\/\/www.keramika.com\/srbija\/wp-json\/wp\/v2\/product_cat?post=93945"},{"taxonomy":"product_tag","embeddable":true,"href":"https:\/\/www.keramika.com\/srbija\/wp-json\/wp\/v2\/product_tag?post=93945"}],"curies":[{"name":"wp","href":"https:\/\/api.w.org\/{rel}","templated":true}]}}