{"id":93941,"date":"2017-07-02T06:01:29","date_gmt":"2017-07-02T06:01:29","guid":{"rendered":"http:\/\/www.ceramictiles.com\/srbija\/product\/keramicke-plocice-15x15-white-2\/"},"modified":"2026-01-03T00:01:47","modified_gmt":"2026-01-03T00:01:47","slug":"keramicke-plocice-15x15-white-2","status":"publish","type":"product","link":"https:\/\/www.keramika.com\/srbija\/keramicke-plocice-15x15-white-2\/","title":{"rendered":"Kerami\u010dke plo\u010dice 15&#215;15 White"},"content":{"rendered":"<p>Debljina 6 mm \u010dini plo\u010dicu vrlo izdr\u017eljivom i prijatnom na dodir. Ta kolekcija, model plo\u010dice, se prodaje najvi\u0161e bele boje. Veli\u010dina ove plo\u010dice je 15&#215;15 cm. Plo\u010dice dolaze iz Portugala, koja je poznata po kvalitetnoj keramiki. Redovna cena, ovih plo\u010dica u maloprodaji je 2846,25 RSD. U na\u0161oj online trgovini, je mo\u017eete kupiti za 2277 RSD.<\/p>\n<p>Kliknite na ime serije za sve plo\u010dice u toj seriji: <a class=\"pdfcatal\" href=\"\/\/www.ceramictiles.com\/pdf\/primus\/catalogue_primus_vitoria.pdf\" onclick=\"recordOutboundLink(this, 'E-mail', 'Description PDF');return false;\">Primusvitoria Marroco<\/a><\/p>\n<p>Da bi naru\u010dili model iz PDF kataloga ove serije, molimo vas, da nas kontaktirate na: <a href=\"mailto:zo_mi@ceramictiles.com\" onclick=\"recordOutboundLink(this, 'E-mail', 'Description mail');return false;\">zo_mi@ceramictiles.com<\/a> ili nas pozovite na: For exact offer, PLS send us quantity and product you need with delivery address..<\/p>\n","protected":false},"excerpt":{"rendered":"<p>Debljina 6 mm \u010dini plo\u010dicu vrlo izdr\u017eljivom i prijatnom na dodir. Ta kolekcija, model plo\u010dice, se prodaje najvi\u0161e bele boje. Veli\u010dina ove plo\u010dice je 15&#215;15 cm. Plo\u010dice dolaze iz Portugala, koja je poznata po kvalitetnoj keramiki. Redovna cena, ovih plo\u010dica u maloprodaji je 2846,25 RSD. U na\u0161oj online trgovini, je mo\u017eete kupiti za 2277 RSD. [&hellip;]<\/p>\n","protected":false},"featured_media":93942,"template":"","meta":[],"product_cat":[200,220,230,99921441,999,290],"product_tag":[],"_links":{"self":[{"href":"https:\/\/www.keramika.com\/srbija\/wp-json\/wp\/v2\/product\/93941"}],"collection":[{"href":"https:\/\/www.keramika.com\/srbija\/wp-json\/wp\/v2\/product"}],"about":[{"href":"https:\/\/www.keramika.com\/srbija\/wp-json\/wp\/v2\/types\/product"}],"wp:featuredmedia":[{"embeddable":true,"href":"https:\/\/www.keramika.com\/srbija\/wp-json\/wp\/v2\/media\/93942"}],"wp:attachment":[{"href":"https:\/\/www.keramika.com\/srbija\/wp-json\/wp\/v2\/media?parent=93941"}],"wp:term":[{"taxonomy":"product_cat","embeddable":true,"href":"https:\/\/www.keramika.com\/srbija\/wp-json\/wp\/v2\/product_cat?post=93941"},{"taxonomy":"product_tag","embeddable":true,"href":"https:\/\/www.keramika.com\/srbija\/wp-json\/wp\/v2\/product_tag?post=93941"}],"curies":[{"name":"wp","href":"https:\/\/api.w.org\/{rel}","templated":true}]}}