{"id":93939,"date":"2017-07-02T06:01:14","date_gmt":"2017-07-02T06:01:14","guid":{"rendered":"http:\/\/www.ceramictiles.com\/srbija\/product\/keramicke-plocice-15x15-green-2\/"},"modified":"2026-01-03T00:01:47","modified_gmt":"2026-01-03T00:01:47","slug":"keramicke-plocice-15x15-green-2","status":"publish","type":"product","link":"https:\/\/www.keramika.com\/srbija\/keramicke-plocice-15x15-green-2\/","title":{"rendered":"Kerami\u010dke plo\u010dice 15&#215;15 Green"},"content":{"rendered":"<p>Plo\u010dice dolaze iz Portugala, koja je poznata po kvalitetnoj keramiki. Plo\u010dica 15&#215;15 cm je dobra za ve\u0107 razli\u010ditih namena. Online cena je samo 3408,6 RSD, dok redovna, maloprodajna cena 4260,75 RSD. Keramika je prekrasne bele boje. U koliko \u017eelite neku drugu boju, pozovite nas i mi \u0107emo proveriti kod proizvo\u0111a\u010da. Plo\u010dica je debela 6 mm, \u0161to je ubraja u tvrde plo\u010dice.<\/p>\n<p>Kliknite na ime serije za sve plo\u010dice u toj seriji: <a class=\"pdfcatal\" href=\"\/\/www.ceramictiles.com\/pdf\/primus\/catalogue_primus_vitoria.pdf\" onclick=\"recordOutboundLink(this, 'E-mail', 'Description PDF');return false;\">Primusvitoria Joaninha<\/a><\/p>\n<p>Da bi naru\u010dili model iz PDF kataloga ove serije, molimo vas, da nas kontaktirate na: <a href=\"mailto:zo_mi@ceramictiles.com\" onclick=\"recordOutboundLink(this, 'E-mail', 'Description mail');return false;\">zo_mi@ceramictiles.com<\/a> ili nas pozovite na: For exact offer, PLS send us quantity and product you need with delivery address..<\/p>\n","protected":false},"excerpt":{"rendered":"<p>Plo\u010dice dolaze iz Portugala, koja je poznata po kvalitetnoj keramiki. Plo\u010dica 15&#215;15 cm je dobra za ve\u0107 razli\u010ditih namena. Online cena je samo 3408,6 RSD, dok redovna, maloprodajna cena 4260,75 RSD. Keramika je prekrasne bele boje. U koliko \u017eelite neku drugu boju, pozovite nas i mi \u0107emo proveriti kod proizvo\u0111a\u010da. Plo\u010dica je debela 6 mm, [&hellip;]<\/p>\n","protected":false},"featured_media":93940,"template":"","meta":[],"product_cat":[200,220,230,99921441,999,290],"product_tag":[],"_links":{"self":[{"href":"https:\/\/www.keramika.com\/srbija\/wp-json\/wp\/v2\/product\/93939"}],"collection":[{"href":"https:\/\/www.keramika.com\/srbija\/wp-json\/wp\/v2\/product"}],"about":[{"href":"https:\/\/www.keramika.com\/srbija\/wp-json\/wp\/v2\/types\/product"}],"wp:featuredmedia":[{"embeddable":true,"href":"https:\/\/www.keramika.com\/srbija\/wp-json\/wp\/v2\/media\/93940"}],"wp:attachment":[{"href":"https:\/\/www.keramika.com\/srbija\/wp-json\/wp\/v2\/media?parent=93939"}],"wp:term":[{"taxonomy":"product_cat","embeddable":true,"href":"https:\/\/www.keramika.com\/srbija\/wp-json\/wp\/v2\/product_cat?post=93939"},{"taxonomy":"product_tag","embeddable":true,"href":"https:\/\/www.keramika.com\/srbija\/wp-json\/wp\/v2\/product_tag?post=93939"}],"curies":[{"name":"wp","href":"https:\/\/api.w.org\/{rel}","templated":true}]}}