{"id":93935,"date":"2017-07-02T06:00:42","date_gmt":"2017-07-02T06:00:42","guid":{"rendered":"http:\/\/www.ceramictiles.com\/srbija\/product\/keramicke-plocice-20x30-white-brilho\/"},"modified":"2026-01-03T00:01:46","modified_gmt":"2026-01-03T00:01:46","slug":"keramicke-plocice-20x30-white-brilho","status":"publish","type":"product","link":"https:\/\/www.keramika.com\/srbija\/keramicke-plocice-20x30-white-brilho\/","title":{"rendered":"Kerami\u010dke plo\u010dice 20&#215;30 White Brilho"},"content":{"rendered":"<p>Ceramic tiles 20&#215;30 White Brilho dolazi iz Portugala, koja je poznata po vrlo visokoj kvaliteta keramike u svetu. Veli\u010dina 20&#215;30 cm je odli\u010dna za sve podloge. U maloprodaji bi morali za tu plo\u010dicu platiti 2104,5 RSD, online cena je samo 1683,6 RSD. Plo\u010dice bele boje, su letos izuzetno tre\u017eene. Plo\u010dica je debela 7 mm, \u0161to je ubraja u tvrde plo\u010dice.<\/p>\n<p>Kliknite na ime serije za sve plo\u010dice u toj seriji: <a class=\"pdfcatal\" href=\"\/\/www.ceramictiles.com\/pdf\/primus\/catalogue_primus_vitoria.pdf\" onclick=\"recordOutboundLink(this, 'E-mail', 'Description PDF');return false;\">Primusvitoria In Albis<\/a><\/p>\n<p>Da bi naru\u010dili model iz PDF kataloga ove serije, molimo vas, da nas kontaktirate na: <a href=\"mailto:zo_mi@ceramictiles.com\" onclick=\"recordOutboundLink(this, 'E-mail', 'Description mail');return false;\">zo_mi@ceramictiles.com<\/a> ili nas pozovite na: For exact offer, PLS send us quantity and product you need with delivery address..<\/p>\n","protected":false},"excerpt":{"rendered":"<p>Ceramic tiles 20&#215;30 White Brilho dolazi iz Portugala, koja je poznata po vrlo visokoj kvaliteta keramike u svetu. Veli\u010dina 20&#215;30 cm je odli\u010dna za sve podloge. U maloprodaji bi morali za tu plo\u010dicu platiti 2104,5 RSD, online cena je samo 1683,6 RSD. Plo\u010dice bele boje, su letos izuzetno tre\u017eene. Plo\u010dica je debela 7 mm, \u0161to [&hellip;]<\/p>\n","protected":false},"featured_media":93936,"template":"","meta":[],"product_cat":[200,220,230,99921441,999,290],"product_tag":[],"_links":{"self":[{"href":"https:\/\/www.keramika.com\/srbija\/wp-json\/wp\/v2\/product\/93935"}],"collection":[{"href":"https:\/\/www.keramika.com\/srbija\/wp-json\/wp\/v2\/product"}],"about":[{"href":"https:\/\/www.keramika.com\/srbija\/wp-json\/wp\/v2\/types\/product"}],"wp:featuredmedia":[{"embeddable":true,"href":"https:\/\/www.keramika.com\/srbija\/wp-json\/wp\/v2\/media\/93936"}],"wp:attachment":[{"href":"https:\/\/www.keramika.com\/srbija\/wp-json\/wp\/v2\/media?parent=93935"}],"wp:term":[{"taxonomy":"product_cat","embeddable":true,"href":"https:\/\/www.keramika.com\/srbija\/wp-json\/wp\/v2\/product_cat?post=93935"},{"taxonomy":"product_tag","embeddable":true,"href":"https:\/\/www.keramika.com\/srbija\/wp-json\/wp\/v2\/product_tag?post=93935"}],"curies":[{"name":"wp","href":"https:\/\/api.w.org\/{rel}","templated":true}]}}