{"id":93919,"date":"2017-07-02T05:58:35","date_gmt":"2017-07-02T05:58:35","guid":{"rendered":"http:\/\/www.ceramictiles.com\/srbija\/product\/keramicke-plocice-20x20-beige\/"},"modified":"2026-01-03T00:01:44","modified_gmt":"2026-01-03T00:01:44","slug":"keramicke-plocice-20x20-beige","status":"publish","type":"product","link":"https:\/\/www.keramika.com\/srbija\/keramicke-plocice-20x20-beige\/","title":{"rendered":"Kerami\u010dke plo\u010dice 20&#215;20 Beige"},"content":{"rendered":"<p>\u0160irina i du\u017eina plo\u010dice su 20&#215;20 cm. Debljina 6 mm \u010dini plo\u010dicu vrlo izdr\u017eljivom i prijatnom na dodir. Redovna cena, ovih plo\u010dica u maloprodaji je 3846,75 RSD. U na\u0161oj online trgovini, je mo\u017eete kupiti za 3077,4 RSD. Plo\u010dice be\u017e boje, su letos izuzetno tre\u017eene. Ove plo\u010dice dolaze od proizvo\u0111a\u010da Primusvitoria, iz Portugala.<\/p>\n<p>Kliknite na ime serije za sve plo\u010dice u toj seriji: <a class=\"pdfcatal\" href=\"\/\/www.ceramictiles.com\/pdf\/primus\/catalogue_primus_vitoria.pdf\" onclick=\"recordOutboundLink(this, 'E-mail', 'Description PDF');return false;\">Primusvitoria Dot Floor<\/a><\/p>\n<p>Da bi naru\u010dili model iz PDF kataloga ove serije, molimo vas, da nas kontaktirate na: <a href=\"mailto:zo_mi@ceramictiles.com\" onclick=\"recordOutboundLink(this, 'E-mail', 'Description mail');return false;\">zo_mi@ceramictiles.com<\/a> ili nas pozovite na: For exact offer, PLS send us quantity and product you need with delivery address..<\/p>\n","protected":false},"excerpt":{"rendered":"<p>\u0160irina i du\u017eina plo\u010dice su 20&#215;20 cm. Debljina 6 mm \u010dini plo\u010dicu vrlo izdr\u017eljivom i prijatnom na dodir. Redovna cena, ovih plo\u010dica u maloprodaji je 3846,75 RSD. U na\u0161oj online trgovini, je mo\u017eete kupiti za 3077,4 RSD. Plo\u010dice be\u017e boje, su letos izuzetno tre\u017eene. Ove plo\u010dice dolaze od proizvo\u0111a\u010da Primusvitoria, iz Portugala. Kliknite na ime [&hellip;]<\/p>\n","protected":false},"featured_media":93920,"template":"","meta":[],"product_cat":[200,220,230,99921441,999,290],"product_tag":[],"_links":{"self":[{"href":"https:\/\/www.keramika.com\/srbija\/wp-json\/wp\/v2\/product\/93919"}],"collection":[{"href":"https:\/\/www.keramika.com\/srbija\/wp-json\/wp\/v2\/product"}],"about":[{"href":"https:\/\/www.keramika.com\/srbija\/wp-json\/wp\/v2\/types\/product"}],"wp:featuredmedia":[{"embeddable":true,"href":"https:\/\/www.keramika.com\/srbija\/wp-json\/wp\/v2\/media\/93920"}],"wp:attachment":[{"href":"https:\/\/www.keramika.com\/srbija\/wp-json\/wp\/v2\/media?parent=93919"}],"wp:term":[{"taxonomy":"product_cat","embeddable":true,"href":"https:\/\/www.keramika.com\/srbija\/wp-json\/wp\/v2\/product_cat?post=93919"},{"taxonomy":"product_tag","embeddable":true,"href":"https:\/\/www.keramika.com\/srbija\/wp-json\/wp\/v2\/product_tag?post=93919"}],"curies":[{"name":"wp","href":"https:\/\/api.w.org\/{rel}","templated":true}]}}