{"id":93917,"date":"2017-07-02T05:58:20","date_gmt":"2017-07-02T05:58:20","guid":{"rendered":"http:\/\/www.ceramictiles.com\/srbija\/product\/keramicke-plocice-20x20-white\/"},"modified":"2026-01-03T00:01:43","modified_gmt":"2026-01-03T00:01:43","slug":"keramicke-plocice-20x20-white","status":"publish","type":"product","link":"https:\/\/www.keramika.com\/srbija\/keramicke-plocice-20x20-white\/","title":{"rendered":"Kerami\u010dke plo\u010dice 20&#215;20 White"},"content":{"rendered":"<p>Izuzetno moderne plo\u010dice bele boje, osve\u017eit \u0107e svaki prostor. Veli\u010dina ove plo\u010dice je 20&#215;20 cm. U maloprodaji bi morali za tu plo\u010dicu platiti 3846,75 RSD, online cena je samo 3077,4 RSD. 6 mm debljine je dovoljno za zahtevnije kupce. Ceramic tiles 20&#215;20 White dolazi iz Portugala, koja je poznata po vrlo visokoj kvaliteta keramike u svetu.<\/p>\n<p>Kliknite na ime serije za sve plo\u010dice u toj seriji: <a class=\"pdfcatal\" href=\"\/\/www.ceramictiles.com\/pdf\/primus\/catalogue_primus_vitoria.pdf\" onclick=\"recordOutboundLink(this, 'E-mail', 'Description PDF');return false;\">Primusvitoria Dot Floor<\/a><\/p>\n<p>Da bi naru\u010dili model iz PDF kataloga ove serije, molimo vas, da nas kontaktirate na: <a href=\"mailto:zo_mi@ceramictiles.com\" onclick=\"recordOutboundLink(this, 'E-mail', 'Description mail');return false;\">zo_mi@ceramictiles.com<\/a> ili nas pozovite na: For exact offer, PLS send us quantity and product you need with delivery address..<\/p>\n","protected":false},"excerpt":{"rendered":"<p>Izuzetno moderne plo\u010dice bele boje, osve\u017eit \u0107e svaki prostor. Veli\u010dina ove plo\u010dice je 20&#215;20 cm. U maloprodaji bi morali za tu plo\u010dicu platiti 3846,75 RSD, online cena je samo 3077,4 RSD. 6 mm debljine je dovoljno za zahtevnije kupce. Ceramic tiles 20&#215;20 White dolazi iz Portugala, koja je poznata po vrlo visokoj kvaliteta keramike u [&hellip;]<\/p>\n","protected":false},"featured_media":93918,"template":"","meta":[],"product_cat":[200,220,230,99921441,999,290],"product_tag":[],"_links":{"self":[{"href":"https:\/\/www.keramika.com\/srbija\/wp-json\/wp\/v2\/product\/93917"}],"collection":[{"href":"https:\/\/www.keramika.com\/srbija\/wp-json\/wp\/v2\/product"}],"about":[{"href":"https:\/\/www.keramika.com\/srbija\/wp-json\/wp\/v2\/types\/product"}],"wp:featuredmedia":[{"embeddable":true,"href":"https:\/\/www.keramika.com\/srbija\/wp-json\/wp\/v2\/media\/93918"}],"wp:attachment":[{"href":"https:\/\/www.keramika.com\/srbija\/wp-json\/wp\/v2\/media?parent=93917"}],"wp:term":[{"taxonomy":"product_cat","embeddable":true,"href":"https:\/\/www.keramika.com\/srbija\/wp-json\/wp\/v2\/product_cat?post=93917"},{"taxonomy":"product_tag","embeddable":true,"href":"https:\/\/www.keramika.com\/srbija\/wp-json\/wp\/v2\/product_tag?post=93917"}],"curies":[{"name":"wp","href":"https:\/\/api.w.org\/{rel}","templated":true}]}}