{"id":93905,"date":"2017-07-02T05:56:47","date_gmt":"2017-07-02T05:56:47","guid":{"rendered":"http:\/\/www.ceramictiles.com\/srbija\/product\/keramicke-plocice-20x20-yellow\/"},"modified":"2026-01-03T00:01:41","modified_gmt":"2026-01-03T00:01:41","slug":"keramicke-plocice-20x20-yellow","status":"publish","type":"product","link":"https:\/\/www.keramika.com\/srbija\/keramicke-plocice-20x20-yellow\/","title":{"rendered":"Kerami\u010dke plo\u010dice 20&#215;20 Yellow"},"content":{"rendered":"<p>Ceramic tiles 20&#215;20 Yellow dolazi iz Portugala, koja je poznata po vrlo visokoj kvaliteta keramike u svetu. 7 mm debljina \u0107e zadovoljiti i najzahtevnije kupce. Plo\u010dica 20&#215;20 cm je dobra za ve\u0107 razli\u010ditih namena. U maloprodaji bi morali za tu plo\u010dicu platiti 2165,45 RSD, online cena je samo 1731,9 RSD. Ta kolekcija, model plo\u010dice, se prodaje najvi\u0161e narand\u017easte boje.<\/p>\n<p>Kliknite na ime serije za sve plo\u010dice u toj seriji: <a class=\"pdfcatal\" href=\"\/\/www.ceramictiles.com\/pdf\/primus\/catalogue_primus_vitoria.pdf\" onclick=\"recordOutboundLink(this, 'E-mail', 'Description PDF');return false;\">Primusvitoria Brilho<\/a><\/p>\n<p>Da bi naru\u010dili model iz PDF kataloga ove serije, molimo vas, da nas kontaktirate na: <a href=\"mailto:zo_mi@ceramictiles.com\" onclick=\"recordOutboundLink(this, 'E-mail', 'Description mail');return false;\">zo_mi@ceramictiles.com<\/a> ili nas pozovite na: For exact offer, PLS send us quantity and product you need with delivery address..<\/p>\n","protected":false},"excerpt":{"rendered":"<p>Ceramic tiles 20&#215;20 Yellow dolazi iz Portugala, koja je poznata po vrlo visokoj kvaliteta keramike u svetu. 7 mm debljina \u0107e zadovoljiti i najzahtevnije kupce. Plo\u010dica 20&#215;20 cm je dobra za ve\u0107 razli\u010ditih namena. U maloprodaji bi morali za tu plo\u010dicu platiti 2165,45 RSD, online cena je samo 1731,9 RSD. Ta kolekcija, model plo\u010dice, se [&hellip;]<\/p>\n","protected":false},"featured_media":93906,"template":"","meta":[],"product_cat":[200,220,230,99921441,999,290],"product_tag":[99950090],"_links":{"self":[{"href":"https:\/\/www.keramika.com\/srbija\/wp-json\/wp\/v2\/product\/93905"}],"collection":[{"href":"https:\/\/www.keramika.com\/srbija\/wp-json\/wp\/v2\/product"}],"about":[{"href":"https:\/\/www.keramika.com\/srbija\/wp-json\/wp\/v2\/types\/product"}],"wp:featuredmedia":[{"embeddable":true,"href":"https:\/\/www.keramika.com\/srbija\/wp-json\/wp\/v2\/media\/93906"}],"wp:attachment":[{"href":"https:\/\/www.keramika.com\/srbija\/wp-json\/wp\/v2\/media?parent=93905"}],"wp:term":[{"taxonomy":"product_cat","embeddable":true,"href":"https:\/\/www.keramika.com\/srbija\/wp-json\/wp\/v2\/product_cat?post=93905"},{"taxonomy":"product_tag","embeddable":true,"href":"https:\/\/www.keramika.com\/srbija\/wp-json\/wp\/v2\/product_tag?post=93905"}],"curies":[{"name":"wp","href":"https:\/\/api.w.org\/{rel}","templated":true}]}}