{"id":93899,"date":"2017-07-02T05:56:01","date_gmt":"2017-07-02T05:56:01","guid":{"rendered":"http:\/\/www.ceramictiles.com\/srbija\/product\/keramicke-plocice-10x20-verde-wagon\/"},"modified":"2026-01-03T00:01:41","modified_gmt":"2026-01-03T00:01:41","slug":"keramicke-plocice-10x20-verde-wagon","status":"publish","type":"product","link":"https:\/\/www.keramika.com\/srbija\/keramicke-plocice-10x20-verde-wagon\/","title":{"rendered":"Kerami\u010dke plo\u010dice 10&#215;20 Verde Wagon"},"content":{"rendered":"<p>Izuzetno moderne plo\u010dice plave boje, osve\u017eit \u0107e svaki prostor. Dimenzije ovih plo\u010dica su 10&#215;20 cm. Ceramic tiles 10&#215;20 Verde Wagon je proizvod iz Portugala te je izuzetno kvalitetna. Zbog ni\u017eih tro\u0161kova, online prodaje, Vi \u0107e te na na\u0161oj strani ove plo\u010de platiti samo 3408,6 RSD. Ova plo\u010dica je debela 7 mm i zato je izuzetno izdr\u017eljiva.<\/p>\n<p>Kliknite na ime serije za sve plo\u010dice u toj seriji: <a class=\"pdfcatal\" href=\"\/\/www.ceramictiles.com\/pdf\/primus\/catalogue_primus_vitoria.pdf\" onclick=\"recordOutboundLink(this, 'E-mail', 'Description PDF');return false;\">Primusvitoria Biselados<\/a><\/p>\n<p>Da bi naru\u010dili model iz PDF kataloga ove serije, molimo vas, da nas kontaktirate na: <a href=\"mailto:zo_mi@ceramictiles.com\" onclick=\"recordOutboundLink(this, 'E-mail', 'Description mail');return false;\">zo_mi@ceramictiles.com<\/a> ili nas pozovite na: For exact offer, PLS send us quantity and product you need with delivery address..<\/p>\n","protected":false},"excerpt":{"rendered":"<p>Izuzetno moderne plo\u010dice plave boje, osve\u017eit \u0107e svaki prostor. Dimenzije ovih plo\u010dica su 10&#215;20 cm. Ceramic tiles 10&#215;20 Verde Wagon je proizvod iz Portugala te je izuzetno kvalitetna. Zbog ni\u017eih tro\u0161kova, online prodaje, Vi \u0107e te na na\u0161oj strani ove plo\u010de platiti samo 3408,6 RSD. Ova plo\u010dica je debela 7 mm i zato je izuzetno [&hellip;]<\/p>\n","protected":false},"featured_media":93900,"template":"","meta":[],"product_cat":[200,220,230,99921441,999,290],"product_tag":[],"_links":{"self":[{"href":"https:\/\/www.keramika.com\/srbija\/wp-json\/wp\/v2\/product\/93899"}],"collection":[{"href":"https:\/\/www.keramika.com\/srbija\/wp-json\/wp\/v2\/product"}],"about":[{"href":"https:\/\/www.keramika.com\/srbija\/wp-json\/wp\/v2\/types\/product"}],"wp:featuredmedia":[{"embeddable":true,"href":"https:\/\/www.keramika.com\/srbija\/wp-json\/wp\/v2\/media\/93900"}],"wp:attachment":[{"href":"https:\/\/www.keramika.com\/srbija\/wp-json\/wp\/v2\/media?parent=93899"}],"wp:term":[{"taxonomy":"product_cat","embeddable":true,"href":"https:\/\/www.keramika.com\/srbija\/wp-json\/wp\/v2\/product_cat?post=93899"},{"taxonomy":"product_tag","embeddable":true,"href":"https:\/\/www.keramika.com\/srbija\/wp-json\/wp\/v2\/product_tag?post=93899"}],"curies":[{"name":"wp","href":"https:\/\/api.w.org\/{rel}","templated":true}]}}