{"id":93893,"date":"2017-07-02T05:55:03","date_gmt":"2017-07-02T05:55:03","guid":{"rendered":"http:\/\/www.ceramictiles.com\/srbija\/product\/mosavit-mosaico-trendy-celeste\/"},"modified":"2026-01-03T00:01:40","modified_gmt":"2026-01-03T00:01:40","slug":"mosavit-mosaico-trendy-celeste","status":"publish","type":"product","link":"https:\/\/www.keramika.com\/srbija\/mosavit-mosaico-trendy-celeste\/","title":{"rendered":"Mosavit Mosaico Trendy Celeste"},"content":{"rendered":"<p>Veli\u010dina 31,6&#215;31,6 cm mre\u017ee, na koju su pritvr\u0111ene mozaik plo\u010dice, je odli\u010dna za pokrivanje povr\u0161ine. Ovaj mozaik je 5 mm, te je vrlo je izdr\u017eljiv. Veoma moderan mozaik, dominantne bele boje, oboga\u0107uje savki prostor. Na na\u0161em sajtu, \u0107e te dobiti mozaik za samo 15812,5 RSD, dok je u maloprodaji 19766,2 RSD. Ovaj mozaik je proizveden od proizvo\u0111a\u010da Mosavit, iz \u0160panije.<\/p>\n<p>Technical description: <\/p>\n<p>Min. 1 box &#8211; Delivery 30 Euro\/box in EU<\/p>\n","protected":false},"excerpt":{"rendered":"<p>Veli\u010dina 31,6&#215;31,6 cm mre\u017ee, na koju su pritvr\u0111ene mozaik plo\u010dice, je odli\u010dna za pokrivanje povr\u0161ine. Ovaj mozaik je 5 mm, te je vrlo je izdr\u017eljiv. Veoma moderan mozaik, dominantne bele boje, oboga\u0107uje savki prostor. Na na\u0161em sajtu, \u0107e te dobiti mozaik za samo 15812,5 RSD, dok je u maloprodaji 19766,2 RSD. Ovaj mozaik je proizveden [&hellip;]<\/p>\n","protected":false},"featured_media":93894,"template":"","meta":[],"product_cat":[999405,400,999,410],"product_tag":[99950093],"_links":{"self":[{"href":"https:\/\/www.keramika.com\/srbija\/wp-json\/wp\/v2\/product\/93893"}],"collection":[{"href":"https:\/\/www.keramika.com\/srbija\/wp-json\/wp\/v2\/product"}],"about":[{"href":"https:\/\/www.keramika.com\/srbija\/wp-json\/wp\/v2\/types\/product"}],"wp:featuredmedia":[{"embeddable":true,"href":"https:\/\/www.keramika.com\/srbija\/wp-json\/wp\/v2\/media\/93894"}],"wp:attachment":[{"href":"https:\/\/www.keramika.com\/srbija\/wp-json\/wp\/v2\/media?parent=93893"}],"wp:term":[{"taxonomy":"product_cat","embeddable":true,"href":"https:\/\/www.keramika.com\/srbija\/wp-json\/wp\/v2\/product_cat?post=93893"},{"taxonomy":"product_tag","embeddable":true,"href":"https:\/\/www.keramika.com\/srbija\/wp-json\/wp\/v2\/product_tag?post=93893"}],"curies":[{"name":"wp","href":"https:\/\/api.w.org\/{rel}","templated":true}]}}