{"id":93887,"date":"2017-07-02T05:53:56","date_gmt":"2017-07-02T05:53:56","guid":{"rendered":"http:\/\/www.ceramictiles.com\/srbija\/product\/mosavit-mosaico-trendy-antracita\/"},"modified":"2026-01-03T00:01:39","modified_gmt":"2026-01-03T00:01:39","slug":"mosavit-mosaico-trendy-antracita","status":"publish","type":"product","link":"https:\/\/www.keramika.com\/srbija\/mosavit-mosaico-trendy-antracita\/","title":{"rendered":"Mosavit Mosaico Trendy Antracita"},"content":{"rendered":"<p>Ove lepe, mozaik plo\u010dice crne boje, \u0107e obogatiti svaki prostor. Dimenzije mre\u017ee na koju je pritvr\u0111en mozaik je 31,6&#215;31,6 cm. Mre\u017ea omogu\u0107ava jednostavnu instalaciju. Zaradi ni\u017eih tro\u0161kova kod internetne prodaje, \u0107e te na na\u0161oj strani za taj mozaik platiti 15812,5 RSD. Ovaj mozaik je proizveden od proizvo\u0111a\u010da Mosavit, iz \u0160panije. Mozaik je debljine 5 mm, \u0161to ga \u010dini izuzetno tvrdim.<\/p>\n<p>Technical description: <\/p>\n<p>Min. 1 box &#8211; Delivery 30 Euro\/box in EU<\/p>\n","protected":false},"excerpt":{"rendered":"<p>Ove lepe, mozaik plo\u010dice crne boje, \u0107e obogatiti svaki prostor. Dimenzije mre\u017ee na koju je pritvr\u0111en mozaik je 31,6&#215;31,6 cm. Mre\u017ea omogu\u0107ava jednostavnu instalaciju. Zaradi ni\u017eih tro\u0161kova kod internetne prodaje, \u0107e te na na\u0161oj strani za taj mozaik platiti 15812,5 RSD. Ovaj mozaik je proizveden od proizvo\u0111a\u010da Mosavit, iz \u0160panije. Mozaik je debljine 5 mm, [&hellip;]<\/p>\n","protected":false},"featured_media":93888,"template":"","meta":[],"product_cat":[999405,400,999,410],"product_tag":[99950093],"_links":{"self":[{"href":"https:\/\/www.keramika.com\/srbija\/wp-json\/wp\/v2\/product\/93887"}],"collection":[{"href":"https:\/\/www.keramika.com\/srbija\/wp-json\/wp\/v2\/product"}],"about":[{"href":"https:\/\/www.keramika.com\/srbija\/wp-json\/wp\/v2\/types\/product"}],"wp:featuredmedia":[{"embeddable":true,"href":"https:\/\/www.keramika.com\/srbija\/wp-json\/wp\/v2\/media\/93888"}],"wp:attachment":[{"href":"https:\/\/www.keramika.com\/srbija\/wp-json\/wp\/v2\/media?parent=93887"}],"wp:term":[{"taxonomy":"product_cat","embeddable":true,"href":"https:\/\/www.keramika.com\/srbija\/wp-json\/wp\/v2\/product_cat?post=93887"},{"taxonomy":"product_tag","embeddable":true,"href":"https:\/\/www.keramika.com\/srbija\/wp-json\/wp\/v2\/product_tag?post=93887"}],"curies":[{"name":"wp","href":"https:\/\/api.w.org\/{rel}","templated":true}]}}