{"id":93885,"date":"2017-07-02T05:53:39","date_gmt":"2017-07-02T05:53:39","guid":{"rendered":"http:\/\/www.ceramictiles.com\/srbija\/product\/mosavit-mosaico-sundance-rosa\/"},"modified":"2026-01-03T00:01:39","modified_gmt":"2026-01-03T00:01:39","slug":"mosavit-mosaico-sundance-rosa","status":"publish","type":"product","link":"https:\/\/www.keramika.com\/srbija\/mosavit-mosaico-sundance-rosa\/","title":{"rendered":"Mosavit Mosaico Sundance Rosa"},"content":{"rendered":"<p>Ove lepe, mozaik plo\u010dice roze boje, \u0107e obogatiti svaki prostor. Veli\u010dina mre\u017ee 31,6&#215;31,6 cm nakoju je pritvr\u0111en, omogu\u0107ava pritvr\u0111ivanje na razli\u010dite povr\u0161ine. Debljina plo\u010dice je vrlo va\u017ena, 5 mm &#8211; mozaik spada me\u0111u najkvalitetnije. Mosavit Mosaico Sundance Rosa je proizvod iz \u0160panije te je izuzetno kvalitetna. Namjesto 17608,8 RSD \u0161to je cena u maloprodaji, Vi pla\u0107ate samo 14087,5 RSD.<\/p>\n<p>Technical description: <\/p>\n<p>Min. 1 box &#8211; Delivery 30 Euro\/box in EU<\/p>\n","protected":false},"excerpt":{"rendered":"<p>Ove lepe, mozaik plo\u010dice roze boje, \u0107e obogatiti svaki prostor. Veli\u010dina mre\u017ee 31,6&#215;31,6 cm nakoju je pritvr\u0111en, omogu\u0107ava pritvr\u0111ivanje na razli\u010dite povr\u0161ine. Debljina plo\u010dice je vrlo va\u017ena, 5 mm &#8211; mozaik spada me\u0111u najkvalitetnije. Mosavit Mosaico Sundance Rosa je proizvod iz \u0160panije te je izuzetno kvalitetna. Namjesto 17608,8 RSD \u0161to je cena u maloprodaji, Vi [&hellip;]<\/p>\n","protected":false},"featured_media":93886,"template":"","meta":[],"product_cat":[999405,400,999,410],"product_tag":[99950093],"_links":{"self":[{"href":"https:\/\/www.keramika.com\/srbija\/wp-json\/wp\/v2\/product\/93885"}],"collection":[{"href":"https:\/\/www.keramika.com\/srbija\/wp-json\/wp\/v2\/product"}],"about":[{"href":"https:\/\/www.keramika.com\/srbija\/wp-json\/wp\/v2\/types\/product"}],"wp:featuredmedia":[{"embeddable":true,"href":"https:\/\/www.keramika.com\/srbija\/wp-json\/wp\/v2\/media\/93886"}],"wp:attachment":[{"href":"https:\/\/www.keramika.com\/srbija\/wp-json\/wp\/v2\/media?parent=93885"}],"wp:term":[{"taxonomy":"product_cat","embeddable":true,"href":"https:\/\/www.keramika.com\/srbija\/wp-json\/wp\/v2\/product_cat?post=93885"},{"taxonomy":"product_tag","embeddable":true,"href":"https:\/\/www.keramika.com\/srbija\/wp-json\/wp\/v2\/product_tag?post=93885"}],"curies":[{"name":"wp","href":"https:\/\/api.w.org\/{rel}","templated":true}]}}