{"id":93861,"date":"2017-07-02T05:49:49","date_gmt":"2017-07-02T05:49:49","guid":{"rendered":"http:\/\/www.ceramictiles.com\/srbija\/product\/mosavit-mosaico-moondance-blanco-y-negro\/"},"modified":"2026-01-03T00:01:36","modified_gmt":"2026-01-03T00:01:36","slug":"mosavit-mosaico-moondance-blanco-y-negro","status":"publish","type":"product","link":"https:\/\/www.keramika.com\/srbija\/mosavit-mosaico-moondance-blanco-y-negro\/","title":{"rendered":"Mosavit Mosaico Moondance Blanco Y Negro"},"content":{"rendered":"<p>17608,8 RSD je redovna prodajna cena keramike, tu pa samo 14087,5 RSD. Ovaj mozaik je 5 mm, te je vrlo je izdr\u017eljiv. Naj vi\u0161e se prodaju bele mozik plo\u010dice. Mozaik je iz \u0160panije , koja je poznata u svetu kao jedan od najboljih proizvo\u0111a\u010da mozaik plo\u010dica. Veli\u010dina mre\u017ee 31,6&#215;31,6 cm nakoju je pritvr\u0111en, omogu\u0107ava pritvr\u0111ivanje na razli\u010dite povr\u0161ine.<\/p>\n<p>Technical description: <\/p>\n<p>Min. 1 box &#8211; Delivery 30 Euro\/box in EU<\/p>\n","protected":false},"excerpt":{"rendered":"<p>17608,8 RSD je redovna prodajna cena keramike, tu pa samo 14087,5 RSD. Ovaj mozaik je 5 mm, te je vrlo je izdr\u017eljiv. Naj vi\u0161e se prodaju bele mozik plo\u010dice. Mozaik je iz \u0160panije , koja je poznata u svetu kao jedan od najboljih proizvo\u0111a\u010da mozaik plo\u010dica. Veli\u010dina mre\u017ee 31,6&#215;31,6 cm nakoju je pritvr\u0111en, omogu\u0107ava pritvr\u0111ivanje [&hellip;]<\/p>\n","protected":false},"featured_media":93862,"template":"","meta":[],"product_cat":[999405,400,999,410],"product_tag":[99950093],"_links":{"self":[{"href":"https:\/\/www.keramika.com\/srbija\/wp-json\/wp\/v2\/product\/93861"}],"collection":[{"href":"https:\/\/www.keramika.com\/srbija\/wp-json\/wp\/v2\/product"}],"about":[{"href":"https:\/\/www.keramika.com\/srbija\/wp-json\/wp\/v2\/types\/product"}],"wp:featuredmedia":[{"embeddable":true,"href":"https:\/\/www.keramika.com\/srbija\/wp-json\/wp\/v2\/media\/93862"}],"wp:attachment":[{"href":"https:\/\/www.keramika.com\/srbija\/wp-json\/wp\/v2\/media?parent=93861"}],"wp:term":[{"taxonomy":"product_cat","embeddable":true,"href":"https:\/\/www.keramika.com\/srbija\/wp-json\/wp\/v2\/product_cat?post=93861"},{"taxonomy":"product_tag","embeddable":true,"href":"https:\/\/www.keramika.com\/srbija\/wp-json\/wp\/v2\/product_tag?post=93861"}],"curies":[{"name":"wp","href":"https:\/\/api.w.org\/{rel}","templated":true}]}}