{"id":93857,"date":"2017-07-02T05:49:13","date_gmt":"2017-07-02T05:49:13","guid":{"rendered":"http:\/\/www.ceramictiles.com\/srbija\/product\/mosavit-mosaico-mezcla-haya-roble-nogal\/"},"modified":"2026-01-03T00:01:35","modified_gmt":"2026-01-03T00:01:35","slug":"mosavit-mosaico-mezcla-haya-roble-nogal","status":"publish","type":"product","link":"https:\/\/www.keramika.com\/srbija\/mosavit-mosaico-mezcla-haya-roble-nogal\/","title":{"rendered":"Mosavit Mosaico Mezcla Haya-Roble-Nogal"},"content":{"rendered":"<p>Prilikom izbora mozaika u glavnom be\u017e boji ne\u0107ete pogre\u0161iti Veli\u010dina mre\u017ee 31,6&#215;31,6 cm nakoju je pritvr\u0111en, omogu\u0107ava pritvr\u0111ivanje na razli\u010dite povr\u0161ine. 17070,6 RSD je redovna prodajna cena keramike, tu pa samo 13656,25 RSD. Ove mozaik plo\u010dice doleaze iz \u0160panije, koja je poznata po kvalitetnom mozaiku. 5 mm debljina \u0107e zadovoljiti i najzahtevnije kupce.<\/p>\n<p>Technical description: <\/p>\n<p>Min. 1 box &#8211; Delivery 30 Euro\/box in EU<\/p>\n","protected":false},"excerpt":{"rendered":"<p>Prilikom izbora mozaika u glavnom be\u017e boji ne\u0107ete pogre\u0161iti Veli\u010dina mre\u017ee 31,6&#215;31,6 cm nakoju je pritvr\u0111en, omogu\u0107ava pritvr\u0111ivanje na razli\u010dite povr\u0161ine. 17070,6 RSD je redovna prodajna cena keramike, tu pa samo 13656,25 RSD. Ove mozaik plo\u010dice doleaze iz \u0160panije, koja je poznata po kvalitetnom mozaiku. 5 mm debljina \u0107e zadovoljiti i najzahtevnije kupce. Technical description: [&hellip;]<\/p>\n","protected":false},"featured_media":93858,"template":"","meta":[],"product_cat":[999405,400,999,410],"product_tag":[99950093],"_links":{"self":[{"href":"https:\/\/www.keramika.com\/srbija\/wp-json\/wp\/v2\/product\/93857"}],"collection":[{"href":"https:\/\/www.keramika.com\/srbija\/wp-json\/wp\/v2\/product"}],"about":[{"href":"https:\/\/www.keramika.com\/srbija\/wp-json\/wp\/v2\/types\/product"}],"wp:featuredmedia":[{"embeddable":true,"href":"https:\/\/www.keramika.com\/srbija\/wp-json\/wp\/v2\/media\/93858"}],"wp:attachment":[{"href":"https:\/\/www.keramika.com\/srbija\/wp-json\/wp\/v2\/media?parent=93857"}],"wp:term":[{"taxonomy":"product_cat","embeddable":true,"href":"https:\/\/www.keramika.com\/srbija\/wp-json\/wp\/v2\/product_cat?post=93857"},{"taxonomy":"product_tag","embeddable":true,"href":"https:\/\/www.keramika.com\/srbija\/wp-json\/wp\/v2\/product_tag?post=93857"}],"curies":[{"name":"wp","href":"https:\/\/api.w.org\/{rel}","templated":true}]}}