{"id":93855,"date":"2017-07-02T05:48:55","date_gmt":"2017-07-02T05:48:55","guid":{"rendered":"http:\/\/www.ceramictiles.com\/srbija\/product\/mosavit-mosaico-marmol-calacatta\/"},"modified":"2026-01-03T00:01:35","modified_gmt":"2026-01-03T00:01:35","slug":"mosavit-mosaico-marmol-calacatta","status":"publish","type":"product","link":"https:\/\/www.keramika.com\/srbija\/mosavit-mosaico-marmol-calacatta\/","title":{"rendered":"Mosavit Mosaico Marmol Calacatta"},"content":{"rendered":"<p>Ovaj mozaik je dostupan u prekrasnoj sive dominantnoj boji. Ako \u017eelite da razli\u010dite boje kontaktirajte nas i mi \u0107emo proveriti kod proizvo\u0111a\u010da. Mosavit Mosaico Marmol Calacatta je dostupna po vrlo povoljnim cenama 11356,25 RSD. Veli\u010dina 31,6&#215;31,6 cm mre\u017ee, na koju su pritvr\u0111ene mozaik plo\u010dice, je odli\u010dna za pokrivanje povr\u0161ine. 5 mm debljine je dovoljno za zahtevnije kupce. Ovaj mozaik je proizveden od proizvo\u0111a\u010da Mosavit, iz \u0160panije.<\/p>\n<p>Technical description: <\/p>\n<p>Min. 1 box &#8211; Delivery 30 Euro\/box in EU<\/p>\n","protected":false},"excerpt":{"rendered":"<p>Ovaj mozaik je dostupan u prekrasnoj sive dominantnoj boji. Ako \u017eelite da razli\u010dite boje kontaktirajte nas i mi \u0107emo proveriti kod proizvo\u0111a\u010da. Mosavit Mosaico Marmol Calacatta je dostupna po vrlo povoljnim cenama 11356,25 RSD. Veli\u010dina 31,6&#215;31,6 cm mre\u017ee, na koju su pritvr\u0111ene mozaik plo\u010dice, je odli\u010dna za pokrivanje povr\u0161ine. 5 mm debljine je dovoljno za [&hellip;]<\/p>\n","protected":false},"featured_media":93856,"template":"","meta":[],"product_cat":[999405,400,999,410],"product_tag":[99950093],"_links":{"self":[{"href":"https:\/\/www.keramika.com\/srbija\/wp-json\/wp\/v2\/product\/93855"}],"collection":[{"href":"https:\/\/www.keramika.com\/srbija\/wp-json\/wp\/v2\/product"}],"about":[{"href":"https:\/\/www.keramika.com\/srbija\/wp-json\/wp\/v2\/types\/product"}],"wp:featuredmedia":[{"embeddable":true,"href":"https:\/\/www.keramika.com\/srbija\/wp-json\/wp\/v2\/media\/93856"}],"wp:attachment":[{"href":"https:\/\/www.keramika.com\/srbija\/wp-json\/wp\/v2\/media?parent=93855"}],"wp:term":[{"taxonomy":"product_cat","embeddable":true,"href":"https:\/\/www.keramika.com\/srbija\/wp-json\/wp\/v2\/product_cat?post=93855"},{"taxonomy":"product_tag","embeddable":true,"href":"https:\/\/www.keramika.com\/srbija\/wp-json\/wp\/v2\/product_tag?post=93855"}],"curies":[{"name":"wp","href":"https:\/\/api.w.org\/{rel}","templated":true}]}}