{"id":93853,"date":"2017-07-02T05:48:36","date_gmt":"2017-07-02T05:48:36","guid":{"rendered":"http:\/\/www.ceramictiles.com\/srbija\/product\/unikatne-mozik-plocice-hd5\/"},"modified":"2026-01-03T00:01:35","modified_gmt":"2026-01-03T00:01:35","slug":"unikatne-mozik-plocice-hd5","status":"publish","type":"product","link":"https:\/\/www.keramika.com\/srbija\/unikatne-mozik-plocice-hd5\/","title":{"rendered":"Unikatne mozik plo\u010dice HD5"},"content":{"rendered":"<p><span style=\"color: #3366ff;\"><strong>Unikatni mozaik !<\/strong><\/span><br \/>\n<span style=\"color: #3366ff;\"><strong> Po\u0161aljite nam va\u0161u fotografiju. Vrhunska tehnologiji izrade mozaika omogu\u0107ava da tu sliku prenesemo u HD kvaliteti u staklene plo\u010dice. Mozaik plo\u010dice su prakti\u010dno ne uni\u0161tive.<\/strong><\/span><br \/>\n<span style=\"color: #3366ff;\"><strong> Va\u0161a lepota ostaje za uvek.<\/strong><\/span><\/p>\n<p>Debljina od 5 mm ovog mozaika ga \u010dini vrlo izdr\u017eljivim i prijatnim na dodir. Mozaik je iz \u0160panije , koja je poznata u svetu kao jedan od najboljih proizvo\u0111a\u010da mozaik plo\u010dica. Veli\u010dina 31,6&#215;31,6 cm mre\u017ee, na koju su pritvr\u0111ene mozaik plo\u010dice, je odli\u010dna za pokrivanje povr\u0161ine. Zaradi ni\u017eih tro\u0161kova kod internetne prodaje, \u0107e te na na\u0161oj strani za taj mozaik platiti 57500 RSD. Prilikom izbora mozaika u glavnom narand\u017easte boji ne\u0107ete pogre\u0161iti<\/p>\n<p>Technical description: High definition ceramics \u2013 For a project or for your bathroom, high definition ceramics is a great way to get ceramics exactly as you want it, completely unique! How does it work? You send us any picture by your desire and we impetrate it into glass mosai<\/p>\n","protected":false},"excerpt":{"rendered":"<p>Unikatni mozaik ! Po\u0161aljite nam va\u0161u fotografiju. Vrhunska tehnologiji izrade mozaika omogu\u0107ava da tu sliku prenesemo u HD kvaliteti u staklene plo\u010dice. Mozaik plo\u010dice su prakti\u010dno ne uni\u0161tive. Va\u0161a lepota ostaje za uvek. Debljina od 5 mm ovog mozaika ga \u010dini vrlo izdr\u017eljivim i prijatnim na dodir. Mozaik je iz \u0160panije , koja je poznata [&hellip;]<\/p>\n","protected":false},"featured_media":93854,"template":"","meta":[],"product_cat":[999405,400,999,410,300],"product_tag":[],"_links":{"self":[{"href":"https:\/\/www.keramika.com\/srbija\/wp-json\/wp\/v2\/product\/93853"}],"collection":[{"href":"https:\/\/www.keramika.com\/srbija\/wp-json\/wp\/v2\/product"}],"about":[{"href":"https:\/\/www.keramika.com\/srbija\/wp-json\/wp\/v2\/types\/product"}],"wp:featuredmedia":[{"embeddable":true,"href":"https:\/\/www.keramika.com\/srbija\/wp-json\/wp\/v2\/media\/93854"}],"wp:attachment":[{"href":"https:\/\/www.keramika.com\/srbija\/wp-json\/wp\/v2\/media?parent=93853"}],"wp:term":[{"taxonomy":"product_cat","embeddable":true,"href":"https:\/\/www.keramika.com\/srbija\/wp-json\/wp\/v2\/product_cat?post=93853"},{"taxonomy":"product_tag","embeddable":true,"href":"https:\/\/www.keramika.com\/srbija\/wp-json\/wp\/v2\/product_tag?post=93853"}],"curies":[{"name":"wp","href":"https:\/\/api.w.org\/{rel}","templated":true}]}}