{"id":93849,"date":"2017-07-02T05:47:59","date_gmt":"2017-07-02T05:47:59","guid":{"rendered":"http:\/\/www.ceramictiles.com\/srbija\/product\/unikatne-mozik-plocice-hd3\/"},"modified":"2026-01-03T00:01:34","modified_gmt":"2026-01-03T00:01:34","slug":"unikatne-mozik-plocice-hd3","status":"publish","type":"product","link":"https:\/\/www.keramika.com\/srbija\/unikatne-mozik-plocice-hd3\/","title":{"rendered":"Unikatne mozik plo\u010dice HD3"},"content":{"rendered":"<p><span style=\"color: #3366ff;\"><strong>Unikatni mozaik !<\/strong><\/span><br \/>\n<span style=\"color: #3366ff;\"><strong> Po\u0161aljite nam va\u0161u fotografiju. Vrhunska tehnologiji izrade mozaika omogu\u0107ava da tu sliku prenesemo u HD kvaliteti u staklene plo\u010dice. Mozaik plo\u010dice su prakti\u010dno ne uni\u0161tive.<\/strong><\/span><br \/>\n<span style=\"color: #3366ff;\"><strong> Va\u0161a lepota ostaje za uvek.<\/strong><\/span><\/p>\n<p>Mozaik je pritvr\u0111en na mre\u017eu, \u0161to olak\u0161ava njegovu ugradnju. Veli\u010dina mre\u017ee je 31,6&#215;31,6 cm , te je pogodan je za razli\u010dite povr\u0161ine. Mozaik plo\u010dice bele boje, su izuzetno tra\u017eene. Unique glass mosaic tiles HD3 dolazi iz \u0160panije, koja je poznata po vrlo visokoj kvaliteta keramike u svetu. Debljina od 5 mm ovog mozaika ga \u010dini vrlo izdr\u017eljivim i prijatnim na dodir. 71875 RSD je redovna prodajna cena keramike, tu pa samo 57500 RSD.<\/p>\n<p>Technical description: High definition ceramics \u2013 For a project or for your bathroom, high definition ceramics is a great way to get ceramics exactly as you want it, completely unique! How does it work? You send us any picture by your desire and we impetrate it into glass mosai<\/p>\n","protected":false},"excerpt":{"rendered":"<p>Unikatni mozaik ! Po\u0161aljite nam va\u0161u fotografiju. Vrhunska tehnologiji izrade mozaika omogu\u0107ava da tu sliku prenesemo u HD kvaliteti u staklene plo\u010dice. Mozaik plo\u010dice su prakti\u010dno ne uni\u0161tive. Va\u0161a lepota ostaje za uvek. Mozaik je pritvr\u0111en na mre\u017eu, \u0161to olak\u0161ava njegovu ugradnju. Veli\u010dina mre\u017ee je 31,6&#215;31,6 cm , te je pogodan je za razli\u010dite povr\u0161ine. [&hellip;]<\/p>\n","protected":false},"featured_media":93850,"template":"","meta":[],"product_cat":[999405,400,999,410,300],"product_tag":[],"_links":{"self":[{"href":"https:\/\/www.keramika.com\/srbija\/wp-json\/wp\/v2\/product\/93849"}],"collection":[{"href":"https:\/\/www.keramika.com\/srbija\/wp-json\/wp\/v2\/product"}],"about":[{"href":"https:\/\/www.keramika.com\/srbija\/wp-json\/wp\/v2\/types\/product"}],"wp:featuredmedia":[{"embeddable":true,"href":"https:\/\/www.keramika.com\/srbija\/wp-json\/wp\/v2\/media\/93850"}],"wp:attachment":[{"href":"https:\/\/www.keramika.com\/srbija\/wp-json\/wp\/v2\/media?parent=93849"}],"wp:term":[{"taxonomy":"product_cat","embeddable":true,"href":"https:\/\/www.keramika.com\/srbija\/wp-json\/wp\/v2\/product_cat?post=93849"},{"taxonomy":"product_tag","embeddable":true,"href":"https:\/\/www.keramika.com\/srbija\/wp-json\/wp\/v2\/product_tag?post=93849"}],"curies":[{"name":"wp","href":"https:\/\/api.w.org\/{rel}","templated":true}]}}