{"id":93845,"date":"2017-07-02T05:47:22","date_gmt":"2017-07-02T05:47:22","guid":{"rendered":"http:\/\/www.ceramictiles.com\/srbija\/product\/unikatne-mozik-plocice-hd\/"},"modified":"2026-01-03T00:01:33","modified_gmt":"2026-01-03T00:01:33","slug":"unikatne-mozik-plocice-hd","status":"publish","type":"product","link":"https:\/\/www.keramika.com\/srbija\/unikatne-mozik-plocice-hd\/","title":{"rendered":"Unikatne mozik plo\u010dice HD"},"content":{"rendered":"<p><span style=\"color: #3366ff;\"><strong>Unikatni mozaik !<\/strong><\/span><br \/>\n<span style=\"color: #3366ff;\"><strong> Po\u0161aljite nam va\u0161u fotografiju. Vrhunska tehnologiji izrade mozaika omogu\u0107ava da tu sliku prenesemo u HD kvaliteti u staklene plo\u010dice. Mozaik plo\u010dice su prakti\u010dno ne uni\u0161tive.<\/strong><\/span><br \/>\n<span style=\"color: #3366ff;\"><strong> Va\u0161a lepota ostaje za uvek.<\/strong><\/span><\/p>\n<p>71875 RSD je redovna prodajna cena keramike, tu pa samo 57500 RSD. \u0160irina i du\u017eina mre\u017ee na koju je pritvr\u0111en mozaik je 31,6&#215;31,6 cm. Mre\u017ea se jednostavno mo\u017eete polo\u017eiti na razli\u010dite povr\u0161ine. Naj vi\u0161e se prodaju bele mozik plo\u010dice. Debljina od 5 mm ovog mozaika ga \u010dini vrlo izdr\u017eljivim i prijatnim na dodir. Ove mozaik plo\u010dice doleaze iz \u0160panije, koja je poznata po kvalitetnom mozaiku.<\/p>\n<p>Technical description: High definition ceramics \u2013 For a project or for your bathroom, high definition ceramics is a great way to get ceramics exactly as you want it, completely unique! How does it work? You send us any picture by your desire and we impetrate it into glass mosai<\/p>\n","protected":false},"excerpt":{"rendered":"<p>Unikatni mozaik ! Po\u0161aljite nam va\u0161u fotografiju. Vrhunska tehnologiji izrade mozaika omogu\u0107ava da tu sliku prenesemo u HD kvaliteti u staklene plo\u010dice. Mozaik plo\u010dice su prakti\u010dno ne uni\u0161tive. Va\u0161a lepota ostaje za uvek. 71875 RSD je redovna prodajna cena keramike, tu pa samo 57500 RSD. \u0160irina i du\u017eina mre\u017ee na koju je pritvr\u0111en mozaik je [&hellip;]<\/p>\n","protected":false},"featured_media":93846,"template":"","meta":[],"product_cat":[999405,400,999,410,300],"product_tag":[],"_links":{"self":[{"href":"https:\/\/www.keramika.com\/srbija\/wp-json\/wp\/v2\/product\/93845"}],"collection":[{"href":"https:\/\/www.keramika.com\/srbija\/wp-json\/wp\/v2\/product"}],"about":[{"href":"https:\/\/www.keramika.com\/srbija\/wp-json\/wp\/v2\/types\/product"}],"wp:featuredmedia":[{"embeddable":true,"href":"https:\/\/www.keramika.com\/srbija\/wp-json\/wp\/v2\/media\/93846"}],"wp:attachment":[{"href":"https:\/\/www.keramika.com\/srbija\/wp-json\/wp\/v2\/media?parent=93845"}],"wp:term":[{"taxonomy":"product_cat","embeddable":true,"href":"https:\/\/www.keramika.com\/srbija\/wp-json\/wp\/v2\/product_cat?post=93845"},{"taxonomy":"product_tag","embeddable":true,"href":"https:\/\/www.keramika.com\/srbija\/wp-json\/wp\/v2\/product_tag?post=93845"}],"curies":[{"name":"wp","href":"https:\/\/api.w.org\/{rel}","templated":true}]}}