{"id":93841,"date":"2017-07-02T05:46:38","date_gmt":"2017-07-02T05:46:38","guid":{"rendered":"http:\/\/www.ceramictiles.com\/srbija\/product\/mosavit-mosaico-forest-roble\/"},"modified":"2026-01-03T00:01:33","modified_gmt":"2026-01-03T00:01:33","slug":"mosavit-mosaico-forest-roble","status":"publish","type":"product","link":"https:\/\/www.keramika.com\/srbija\/mosavit-mosaico-forest-roble\/","title":{"rendered":"Mosavit Mosaico Forest Roble"},"content":{"rendered":"<p>Dimenzije mre\u017ee na koju je pritvr\u0111en mozaik je 31,6&#215;31,6 cm. Mre\u017ea omogu\u0107ava jednostavnu instalaciju. Mosavit Mosaico Forest Roble je proizvod iz \u0160panije te je izuzetno kvalitetna. Ovaj mozaik je 5 mm, te je vrlo je izdr\u017eljiv. Ovaj mozaik je dostupan u prekrasnoj braon dominantnoj boji. Ako \u017eelite da razli\u010dite boje kontaktirajte nas i mi \u0107emo proveriti kod proizvo\u0111a\u010da. 15991,9 RSD je redovna prodajna cena keramike, tu pa samo 12793,75 RSD.<\/p>\n<p>Technical description: <\/p>\n<p>Min. 1 box &#8211; Delivery 30 Euro\/box in EU<\/p>\n","protected":false},"excerpt":{"rendered":"<p>Dimenzije mre\u017ee na koju je pritvr\u0111en mozaik je 31,6&#215;31,6 cm. Mre\u017ea omogu\u0107ava jednostavnu instalaciju. Mosavit Mosaico Forest Roble je proizvod iz \u0160panije te je izuzetno kvalitetna. Ovaj mozaik je 5 mm, te je vrlo je izdr\u017eljiv. Ovaj mozaik je dostupan u prekrasnoj braon dominantnoj boji. Ako \u017eelite da razli\u010dite boje kontaktirajte nas i mi \u0107emo [&hellip;]<\/p>\n","protected":false},"featured_media":93842,"template":"","meta":[],"product_cat":[999405,400,999,410],"product_tag":[99950093],"_links":{"self":[{"href":"https:\/\/www.keramika.com\/srbija\/wp-json\/wp\/v2\/product\/93841"}],"collection":[{"href":"https:\/\/www.keramika.com\/srbija\/wp-json\/wp\/v2\/product"}],"about":[{"href":"https:\/\/www.keramika.com\/srbija\/wp-json\/wp\/v2\/types\/product"}],"wp:featuredmedia":[{"embeddable":true,"href":"https:\/\/www.keramika.com\/srbija\/wp-json\/wp\/v2\/media\/93842"}],"wp:attachment":[{"href":"https:\/\/www.keramika.com\/srbija\/wp-json\/wp\/v2\/media?parent=93841"}],"wp:term":[{"taxonomy":"product_cat","embeddable":true,"href":"https:\/\/www.keramika.com\/srbija\/wp-json\/wp\/v2\/product_cat?post=93841"},{"taxonomy":"product_tag","embeddable":true,"href":"https:\/\/www.keramika.com\/srbija\/wp-json\/wp\/v2\/product_tag?post=93841"}],"curies":[{"name":"wp","href":"https:\/\/api.w.org\/{rel}","templated":true}]}}