{"id":93839,"date":"2017-07-02T05:46:19","date_gmt":"2017-07-02T05:46:19","guid":{"rendered":"http:\/\/www.ceramictiles.com\/srbija\/product\/mosavit-mosaico-forest-nogal\/"},"modified":"2026-01-03T00:01:33","modified_gmt":"2026-01-03T00:01:33","slug":"mosavit-mosaico-forest-nogal","status":"publish","type":"product","link":"https:\/\/www.keramika.com\/srbija\/mosavit-mosaico-forest-nogal\/","title":{"rendered":"Mosavit Mosaico Forest Nogal"},"content":{"rendered":"<p>5 mm debljina \u0107e zadovoljiti i najzahtevnije kupce. Veoma moderan mozaik, dominantne braon boje, oboga\u0107uje savki prostor. Mosavit Mosaico Forest Nogal je dostupna po vrlo povoljnim cenama 12793,75 RSD. Mosavit Mosaico Forest Nogal dolazi iz \u0160panije, koja je poznata po vrlo visokoj kvaliteta keramike u svetu. \u0160irina i du\u017eina mre\u017ee na koju je pritvr\u0111en mozaik je 31,6&#215;31,6 cm. Mre\u017ea se jednostavno mo\u017eete polo\u017eiti na razli\u010dite povr\u0161ine.<\/p>\n<p>Technical description: <\/p>\n<p>Min. 1 box &#8211; Delivery 30 Euro\/box in EU<\/p>\n","protected":false},"excerpt":{"rendered":"<p>5 mm debljina \u0107e zadovoljiti i najzahtevnije kupce. Veoma moderan mozaik, dominantne braon boje, oboga\u0107uje savki prostor. Mosavit Mosaico Forest Nogal je dostupna po vrlo povoljnim cenama 12793,75 RSD. Mosavit Mosaico Forest Nogal dolazi iz \u0160panije, koja je poznata po vrlo visokoj kvaliteta keramike u svetu. \u0160irina i du\u017eina mre\u017ee na koju je pritvr\u0111en mozaik [&hellip;]<\/p>\n","protected":false},"featured_media":93840,"template":"","meta":[],"product_cat":[999405,400,999,410],"product_tag":[99950093],"_links":{"self":[{"href":"https:\/\/www.keramika.com\/srbija\/wp-json\/wp\/v2\/product\/93839"}],"collection":[{"href":"https:\/\/www.keramika.com\/srbija\/wp-json\/wp\/v2\/product"}],"about":[{"href":"https:\/\/www.keramika.com\/srbija\/wp-json\/wp\/v2\/types\/product"}],"wp:featuredmedia":[{"embeddable":true,"href":"https:\/\/www.keramika.com\/srbija\/wp-json\/wp\/v2\/media\/93840"}],"wp:attachment":[{"href":"https:\/\/www.keramika.com\/srbija\/wp-json\/wp\/v2\/media?parent=93839"}],"wp:term":[{"taxonomy":"product_cat","embeddable":true,"href":"https:\/\/www.keramika.com\/srbija\/wp-json\/wp\/v2\/product_cat?post=93839"},{"taxonomy":"product_tag","embeddable":true,"href":"https:\/\/www.keramika.com\/srbija\/wp-json\/wp\/v2\/product_tag?post=93839"}],"curies":[{"name":"wp","href":"https:\/\/api.w.org\/{rel}","templated":true}]}}