{"id":93835,"date":"2017-07-02T05:45:42","date_gmt":"2017-07-02T05:45:42","guid":{"rendered":"http:\/\/www.ceramictiles.com\/srbija\/product\/mosavit-mosaico-forest-embero\/"},"modified":"2026-01-03T00:01:32","modified_gmt":"2026-01-03T00:01:32","slug":"mosavit-mosaico-forest-embero","status":"publish","type":"product","link":"https:\/\/www.keramika.com\/srbija\/mosavit-mosaico-forest-embero\/","title":{"rendered":"Mosavit Mosaico Forest Embero"},"content":{"rendered":"<p>5 mm debljina \u0107e zadovoljiti i najzahtevnije kupce. Veli\u010dina 31,6&#215;31,6 cm mre\u017ee, na koju su pritvr\u0111ene mozaik plo\u010dice, je odli\u010dna za pokrivanje povr\u0161ine. Namjesto 15991,9 RSD \u0161to je cena u maloprodaji, Vi pla\u0107ate samo 12793,75 RSD. Naj vi\u0161e se prodaju be\u017e mozik plo\u010dice. Mozaik je iz \u0160panije , koja je poznata u svetu kao jedan od najboljih proizvo\u0111a\u010da mozaik plo\u010dica.<\/p>\n<p>Technical description: <\/p>\n<p>Min. 1 box &#8211; Delivery 30 Euro\/box in EU<\/p>\n","protected":false},"excerpt":{"rendered":"<p>5 mm debljina \u0107e zadovoljiti i najzahtevnije kupce. Veli\u010dina 31,6&#215;31,6 cm mre\u017ee, na koju su pritvr\u0111ene mozaik plo\u010dice, je odli\u010dna za pokrivanje povr\u0161ine. Namjesto 15991,9 RSD \u0161to je cena u maloprodaji, Vi pla\u0107ate samo 12793,75 RSD. Naj vi\u0161e se prodaju be\u017e mozik plo\u010dice. Mozaik je iz \u0160panije , koja je poznata u svetu kao jedan [&hellip;]<\/p>\n","protected":false},"featured_media":93836,"template":"","meta":[],"product_cat":[999405,400,999,410],"product_tag":[99950093],"_links":{"self":[{"href":"https:\/\/www.keramika.com\/srbija\/wp-json\/wp\/v2\/product\/93835"}],"collection":[{"href":"https:\/\/www.keramika.com\/srbija\/wp-json\/wp\/v2\/product"}],"about":[{"href":"https:\/\/www.keramika.com\/srbija\/wp-json\/wp\/v2\/types\/product"}],"wp:featuredmedia":[{"embeddable":true,"href":"https:\/\/www.keramika.com\/srbija\/wp-json\/wp\/v2\/media\/93836"}],"wp:attachment":[{"href":"https:\/\/www.keramika.com\/srbija\/wp-json\/wp\/v2\/media?parent=93835"}],"wp:term":[{"taxonomy":"product_cat","embeddable":true,"href":"https:\/\/www.keramika.com\/srbija\/wp-json\/wp\/v2\/product_cat?post=93835"},{"taxonomy":"product_tag","embeddable":true,"href":"https:\/\/www.keramika.com\/srbija\/wp-json\/wp\/v2\/product_tag?post=93835"}],"curies":[{"name":"wp","href":"https:\/\/api.w.org\/{rel}","templated":true}]}}