{"id":93833,"date":"2017-07-02T05:45:23","date_gmt":"2017-07-02T05:45:23","guid":{"rendered":"http:\/\/www.ceramictiles.com\/srbija\/product\/mosavit-mosaico-drops-negro-50\/"},"modified":"2026-01-03T00:01:32","modified_gmt":"2026-01-03T00:01:32","slug":"mosavit-mosaico-drops-negro-50","status":"publish","type":"product","link":"https:\/\/www.keramika.com\/srbija\/mosavit-mosaico-drops-negro-50\/","title":{"rendered":"Mosavit Mosaico Drops Negro 50"},"content":{"rendered":"<p>Mozaik je iz \u0160panije , koja je poznata u svetu kao jedan od najboljih proizvo\u0111a\u010da mozaik plo\u010dica. Ove lepe, mozaik plo\u010dice plave boje, \u0107e obogatiti svaki prostor. Redovna cena tog mozaika u maloprodaji je 17789,35 RSD, a u na\u0161oj online trgovini, ga mo\u017eete dobiti za 14231,25 RSD. 5 mm debljine je dovoljno za zahtevnije kupce. Veli\u010dina 31,6&#215;31,6 cm mre\u017ee, na koju su pritvr\u0111ene mozaik plo\u010dice, je odli\u010dna za pokrivanje povr\u0161ine.<\/p>\n<p>Technical description: <\/p>\n<p>Min. 1 box &#8211; Delivery 30 Euro\/box in EU<\/p>\n","protected":false},"excerpt":{"rendered":"<p>Mozaik je iz \u0160panije , koja je poznata u svetu kao jedan od najboljih proizvo\u0111a\u010da mozaik plo\u010dica. Ove lepe, mozaik plo\u010dice plave boje, \u0107e obogatiti svaki prostor. Redovna cena tog mozaika u maloprodaji je 17789,35 RSD, a u na\u0161oj online trgovini, ga mo\u017eete dobiti za 14231,25 RSD. 5 mm debljine je dovoljno za zahtevnije kupce. [&hellip;]<\/p>\n","protected":false},"featured_media":93834,"template":"","meta":[],"product_cat":[999405,400,999,410],"product_tag":[99950093],"_links":{"self":[{"href":"https:\/\/www.keramika.com\/srbija\/wp-json\/wp\/v2\/product\/93833"}],"collection":[{"href":"https:\/\/www.keramika.com\/srbija\/wp-json\/wp\/v2\/product"}],"about":[{"href":"https:\/\/www.keramika.com\/srbija\/wp-json\/wp\/v2\/types\/product"}],"wp:featuredmedia":[{"embeddable":true,"href":"https:\/\/www.keramika.com\/srbija\/wp-json\/wp\/v2\/media\/93834"}],"wp:attachment":[{"href":"https:\/\/www.keramika.com\/srbija\/wp-json\/wp\/v2\/media?parent=93833"}],"wp:term":[{"taxonomy":"product_cat","embeddable":true,"href":"https:\/\/www.keramika.com\/srbija\/wp-json\/wp\/v2\/product_cat?post=93833"},{"taxonomy":"product_tag","embeddable":true,"href":"https:\/\/www.keramika.com\/srbija\/wp-json\/wp\/v2\/product_tag?post=93833"}],"curies":[{"name":"wp","href":"https:\/\/api.w.org\/{rel}","templated":true}]}}