{"id":93829,"date":"2017-07-02T05:44:48","date_gmt":"2017-07-02T05:44:48","guid":{"rendered":"http:\/\/www.ceramictiles.com\/srbija\/product\/mosavit-mosaico-drops-cobalto-50\/"},"modified":"2026-01-03T00:01:31","modified_gmt":"2026-01-03T00:01:31","slug":"mosavit-mosaico-drops-cobalto-50","status":"publish","type":"product","link":"https:\/\/www.keramika.com\/srbija\/mosavit-mosaico-drops-cobalto-50\/","title":{"rendered":"Mosavit Mosaico Drops Cobalto 50"},"content":{"rendered":"<p>Veli\u010dina mre\u017ee 31,6&#215;31,6 cm nakoju je pritvr\u0111en, omogu\u0107ava pritvr\u0111ivanje na razli\u010dite povr\u0161ine. Ovaj mozaik je 5 mm, te je vrlo je izdr\u017eljiv. U maloprodaji je cena 17789,35 RSD, online cena, pa je samo 14231,25 RSD. Ovaj mozaik je dostupan u prekrasnoj plave dominantnoj boji. Ako \u017eelite da razli\u010dite boje kontaktirajte nas i mi \u0107emo proveriti kod proizvo\u0111a\u010da. Ovaj mozaik je proizveden od proizvo\u0111a\u010da Mosavit, iz \u0160panije.<\/p>\n<p>Technical description: <\/p>\n<p>Min. 1 box &#8211; Delivery 30 Euro\/box in EU<\/p>\n","protected":false},"excerpt":{"rendered":"<p>Veli\u010dina mre\u017ee 31,6&#215;31,6 cm nakoju je pritvr\u0111en, omogu\u0107ava pritvr\u0111ivanje na razli\u010dite povr\u0161ine. Ovaj mozaik je 5 mm, te je vrlo je izdr\u017eljiv. U maloprodaji je cena 17789,35 RSD, online cena, pa je samo 14231,25 RSD. Ovaj mozaik je dostupan u prekrasnoj plave dominantnoj boji. Ako \u017eelite da razli\u010dite boje kontaktirajte nas i mi \u0107emo proveriti [&hellip;]<\/p>\n","protected":false},"featured_media":93830,"template":"","meta":[],"product_cat":[999405,400,999,410],"product_tag":[99950093],"_links":{"self":[{"href":"https:\/\/www.keramika.com\/srbija\/wp-json\/wp\/v2\/product\/93829"}],"collection":[{"href":"https:\/\/www.keramika.com\/srbija\/wp-json\/wp\/v2\/product"}],"about":[{"href":"https:\/\/www.keramika.com\/srbija\/wp-json\/wp\/v2\/types\/product"}],"wp:featuredmedia":[{"embeddable":true,"href":"https:\/\/www.keramika.com\/srbija\/wp-json\/wp\/v2\/media\/93830"}],"wp:attachment":[{"href":"https:\/\/www.keramika.com\/srbija\/wp-json\/wp\/v2\/media?parent=93829"}],"wp:term":[{"taxonomy":"product_cat","embeddable":true,"href":"https:\/\/www.keramika.com\/srbija\/wp-json\/wp\/v2\/product_cat?post=93829"},{"taxonomy":"product_tag","embeddable":true,"href":"https:\/\/www.keramika.com\/srbija\/wp-json\/wp\/v2\/product_tag?post=93829"}],"curies":[{"name":"wp","href":"https:\/\/api.w.org\/{rel}","templated":true}]}}