{"id":93823,"date":"2017-07-02T05:43:46","date_gmt":"2017-07-02T05:43:46","guid":{"rendered":"http:\/\/www.ceramictiles.com\/srbija\/product\/mosavit-mosaico-drops-beige-50\/"},"modified":"2026-01-03T00:01:30","modified_gmt":"2026-01-03T00:01:30","slug":"mosavit-mosaico-drops-beige-50","status":"publish","type":"product","link":"https:\/\/www.keramika.com\/srbija\/mosavit-mosaico-drops-beige-50\/","title":{"rendered":"Mosavit Mosaico Drops Beige 50"},"content":{"rendered":"<p>Mosavit Mosaico Drops Beige 50 dolazi iz \u0160panije, koja je poznata po vrlo visokoj kvaliteta keramike u svetu. Dimenzije mre\u017ee na koju je pritvr\u0111en mozaik je 31,6&#215;31,6 cm. Mre\u017ea omogu\u0107ava jednostavnu instalaciju. 5 mm debljine je dovoljno za zahtevnije kupce. 17789,35 RSD je redovna prodajna cena keramike, tu pa samo 14231,25 RSD. Ove lepe, mozaik plo\u010dice be\u017e boje, \u0107e obogatiti svaki prostor.<\/p>\n<p>Technical description: <\/p>\n<p>Min. 1 box &#8211; Delivery 30 Euro\/box in EU<\/p>\n","protected":false},"excerpt":{"rendered":"<p>Mosavit Mosaico Drops Beige 50 dolazi iz \u0160panije, koja je poznata po vrlo visokoj kvaliteta keramike u svetu. Dimenzije mre\u017ee na koju je pritvr\u0111en mozaik je 31,6&#215;31,6 cm. Mre\u017ea omogu\u0107ava jednostavnu instalaciju. 5 mm debljine je dovoljno za zahtevnije kupce. 17789,35 RSD je redovna prodajna cena keramike, tu pa samo 14231,25 RSD. Ove lepe, mozaik [&hellip;]<\/p>\n","protected":false},"featured_media":93824,"template":"","meta":[],"product_cat":[999405,400,999,410],"product_tag":[99950093],"_links":{"self":[{"href":"https:\/\/www.keramika.com\/srbija\/wp-json\/wp\/v2\/product\/93823"}],"collection":[{"href":"https:\/\/www.keramika.com\/srbija\/wp-json\/wp\/v2\/product"}],"about":[{"href":"https:\/\/www.keramika.com\/srbija\/wp-json\/wp\/v2\/types\/product"}],"wp:featuredmedia":[{"embeddable":true,"href":"https:\/\/www.keramika.com\/srbija\/wp-json\/wp\/v2\/media\/93824"}],"wp:attachment":[{"href":"https:\/\/www.keramika.com\/srbija\/wp-json\/wp\/v2\/media?parent=93823"}],"wp:term":[{"taxonomy":"product_cat","embeddable":true,"href":"https:\/\/www.keramika.com\/srbija\/wp-json\/wp\/v2\/product_cat?post=93823"},{"taxonomy":"product_tag","embeddable":true,"href":"https:\/\/www.keramika.com\/srbija\/wp-json\/wp\/v2\/product_tag?post=93823"}],"curies":[{"name":"wp","href":"https:\/\/api.w.org\/{rel}","templated":true}]}}