{"id":93817,"date":"2017-07-02T05:42:34","date_gmt":"2017-07-02T05:42:34","guid":{"rendered":"http:\/\/www.ceramictiles.com\/srbija\/product\/mosavit-mosaico-dreams-flor-pistacho\/"},"modified":"2026-01-03T00:01:30","modified_gmt":"2026-01-03T00:01:30","slug":"mosavit-mosaico-dreams-flor-pistacho","status":"publish","type":"product","link":"https:\/\/www.keramika.com\/srbija\/mosavit-mosaico-dreams-flor-pistacho\/","title":{"rendered":"Mosavit Mosaico Dreams Flor Pistacho"},"content":{"rendered":"<p>Namjesto 16531,25 RSD \u0161to je cena u maloprodaji, Vi pla\u0107ate samo 13225 RSD. plo\u010dica proizvo\u0111a\u010da Mosavit iz \u0160panije. Mozaik je debljine 5 mm, \u0161to ga \u010dini izuzetno tvrdim. Plo\u010dice zelene boje osvje\u017eit \u0107e svaki prostor. Mozaik je pritvr\u0111en na mre\u017eu, \u0161to olak\u0161ava njegovu ugradnju. Veli\u010dina mre\u017ee je 31,6&#215;31,6 cm , te je pogodan je za razli\u010dite povr\u0161ine.<\/p>\n<p>Technical description: <\/p>\n<p>Min. 1 box &#8211; Delivery 30 Euro\/box in EU<\/p>\n","protected":false},"excerpt":{"rendered":"<p>Namjesto 16531,25 RSD \u0161to je cena u maloprodaji, Vi pla\u0107ate samo 13225 RSD. plo\u010dica proizvo\u0111a\u010da Mosavit iz \u0160panije. Mozaik je debljine 5 mm, \u0161to ga \u010dini izuzetno tvrdim. Plo\u010dice zelene boje osvje\u017eit \u0107e svaki prostor. Mozaik je pritvr\u0111en na mre\u017eu, \u0161to olak\u0161ava njegovu ugradnju. Veli\u010dina mre\u017ee je 31,6&#215;31,6 cm , te je pogodan je za [&hellip;]<\/p>\n","protected":false},"featured_media":93818,"template":"","meta":[],"product_cat":[999405,400,999,410],"product_tag":[99950093],"_links":{"self":[{"href":"https:\/\/www.keramika.com\/srbija\/wp-json\/wp\/v2\/product\/93817"}],"collection":[{"href":"https:\/\/www.keramika.com\/srbija\/wp-json\/wp\/v2\/product"}],"about":[{"href":"https:\/\/www.keramika.com\/srbija\/wp-json\/wp\/v2\/types\/product"}],"wp:featuredmedia":[{"embeddable":true,"href":"https:\/\/www.keramika.com\/srbija\/wp-json\/wp\/v2\/media\/93818"}],"wp:attachment":[{"href":"https:\/\/www.keramika.com\/srbija\/wp-json\/wp\/v2\/media?parent=93817"}],"wp:term":[{"taxonomy":"product_cat","embeddable":true,"href":"https:\/\/www.keramika.com\/srbija\/wp-json\/wp\/v2\/product_cat?post=93817"},{"taxonomy":"product_tag","embeddable":true,"href":"https:\/\/www.keramika.com\/srbija\/wp-json\/wp\/v2\/product_tag?post=93817"}],"curies":[{"name":"wp","href":"https:\/\/api.w.org\/{rel}","templated":true}]}}