{"id":93797,"date":"2017-07-02T05:38:59","date_gmt":"2017-07-02T05:38:59","guid":{"rendered":"http:\/\/www.ceramictiles.com\/srbija\/product\/mosavit-mosaico-bamboo-cocktail\/"},"modified":"2026-01-03T00:01:27","modified_gmt":"2026-01-03T00:01:27","slug":"mosavit-mosaico-bamboo-cocktail","status":"publish","type":"product","link":"https:\/\/www.keramika.com\/srbija\/mosavit-mosaico-bamboo-cocktail\/","title":{"rendered":"Mosavit Mosaico Bamboo Cocktail"},"content":{"rendered":"<p>Zaradi ni\u017eih tro\u0161kova kod internetne prodaje, \u0107e te na na\u0161oj strani za taj mozaik platiti 13225 RSD. 5 mm debljina \u0107e zadovoljiti i najzahtevnije kupce. Mosavit Mosaico Bamboo Cocktail dolazi iz \u0160panije, koja je poznata po vrlo visokoj kvaliteta keramike u svetu. Dimenzije mre\u017ee na koju je pritvr\u0111en mozaik je 31,6&#215;31,6 cm. Mre\u017ea omogu\u0107ava jednostavnu instalaciju. Prilikom izbora mozaika u glavnom bele boji ne\u0107ete pogre\u0161iti<\/p>\n<p>Technical description: <\/p>\n<p>Min. 1 box &#8211; Delivery 30 Euro\/box in EU<\/p>\n","protected":false},"excerpt":{"rendered":"<p>Zaradi ni\u017eih tro\u0161kova kod internetne prodaje, \u0107e te na na\u0161oj strani za taj mozaik platiti 13225 RSD. 5 mm debljina \u0107e zadovoljiti i najzahtevnije kupce. Mosavit Mosaico Bamboo Cocktail dolazi iz \u0160panije, koja je poznata po vrlo visokoj kvaliteta keramike u svetu. Dimenzije mre\u017ee na koju je pritvr\u0111en mozaik je 31,6&#215;31,6 cm. Mre\u017ea omogu\u0107ava jednostavnu [&hellip;]<\/p>\n","protected":false},"featured_media":93798,"template":"","meta":[],"product_cat":[999405,400,999,410],"product_tag":[99950093],"_links":{"self":[{"href":"https:\/\/www.keramika.com\/srbija\/wp-json\/wp\/v2\/product\/93797"}],"collection":[{"href":"https:\/\/www.keramika.com\/srbija\/wp-json\/wp\/v2\/product"}],"about":[{"href":"https:\/\/www.keramika.com\/srbija\/wp-json\/wp\/v2\/types\/product"}],"wp:featuredmedia":[{"embeddable":true,"href":"https:\/\/www.keramika.com\/srbija\/wp-json\/wp\/v2\/media\/93798"}],"wp:attachment":[{"href":"https:\/\/www.keramika.com\/srbija\/wp-json\/wp\/v2\/media?parent=93797"}],"wp:term":[{"taxonomy":"product_cat","embeddable":true,"href":"https:\/\/www.keramika.com\/srbija\/wp-json\/wp\/v2\/product_cat?post=93797"},{"taxonomy":"product_tag","embeddable":true,"href":"https:\/\/www.keramika.com\/srbija\/wp-json\/wp\/v2\/product_tag?post=93797"}],"curies":[{"name":"wp","href":"https:\/\/api.w.org\/{rel}","templated":true}]}}