{"id":93789,"date":"2017-07-02T05:37:36","date_gmt":"2017-07-02T05:37:36","guid":{"rendered":"http:\/\/www.ceramictiles.com\/srbija\/product\/mosavit-mosaico-bamboo-beige-100\/"},"modified":"2026-01-03T00:01:26","modified_gmt":"2026-01-03T00:01:26","slug":"mosavit-mosaico-bamboo-beige-100","status":"publish","type":"product","link":"https:\/\/www.keramika.com\/srbija\/mosavit-mosaico-bamboo-beige-100\/","title":{"rendered":"Mosavit Mosaico Bamboo Beige 100"},"content":{"rendered":"<p>Mosavit Mosaico Bamboo Beige 100 dolazi iz \u0160panije, koja je poznata po vrlo visokoj kvaliteta keramike u svetu. 16531,25 RSD je redovna prodajna cena keramike, tu pa samo 13225 RSD. Ove lepe, mozaik plo\u010dice crne boje, \u0107e obogatiti svaki prostor. 5 mm debljine je dovoljno za zahtevnije kupce. Mozaik je pritvr\u0111en na mre\u017eu, \u0161to olak\u0161ava njegovu ugradnju. Veli\u010dina mre\u017ee je 31,6&#215;31,6 cm , te je pogodan je za razli\u010dite povr\u0161ine.<\/p>\n<p>Technical description: <\/p>\n<p>Min. 1 box &#8211; Delivery 30 Euro\/box in EU<\/p>\n","protected":false},"excerpt":{"rendered":"<p>Mosavit Mosaico Bamboo Beige 100 dolazi iz \u0160panije, koja je poznata po vrlo visokoj kvaliteta keramike u svetu. 16531,25 RSD je redovna prodajna cena keramike, tu pa samo 13225 RSD. Ove lepe, mozaik plo\u010dice crne boje, \u0107e obogatiti svaki prostor. 5 mm debljine je dovoljno za zahtevnije kupce. Mozaik je pritvr\u0111en na mre\u017eu, \u0161to olak\u0161ava [&hellip;]<\/p>\n","protected":false},"featured_media":93790,"template":"","meta":[],"product_cat":[999405,400,999,410],"product_tag":[99950093],"_links":{"self":[{"href":"https:\/\/www.keramika.com\/srbija\/wp-json\/wp\/v2\/product\/93789"}],"collection":[{"href":"https:\/\/www.keramika.com\/srbija\/wp-json\/wp\/v2\/product"}],"about":[{"href":"https:\/\/www.keramika.com\/srbija\/wp-json\/wp\/v2\/types\/product"}],"wp:featuredmedia":[{"embeddable":true,"href":"https:\/\/www.keramika.com\/srbija\/wp-json\/wp\/v2\/media\/93790"}],"wp:attachment":[{"href":"https:\/\/www.keramika.com\/srbija\/wp-json\/wp\/v2\/media?parent=93789"}],"wp:term":[{"taxonomy":"product_cat","embeddable":true,"href":"https:\/\/www.keramika.com\/srbija\/wp-json\/wp\/v2\/product_cat?post=93789"},{"taxonomy":"product_tag","embeddable":true,"href":"https:\/\/www.keramika.com\/srbija\/wp-json\/wp\/v2\/product_tag?post=93789"}],"curies":[{"name":"wp","href":"https:\/\/api.w.org\/{rel}","templated":true}]}}