{"id":93787,"date":"2017-07-02T05:37:10","date_gmt":"2017-07-02T05:37:10","guid":{"rendered":"http:\/\/www.ceramictiles.com\/srbija\/product\/mosavit-mosaico-bamboo-antracita-50\/"},"modified":"2026-01-03T00:01:26","modified_gmt":"2026-01-03T00:01:26","slug":"mosavit-mosaico-bamboo-antracita-50","status":"publish","type":"product","link":"https:\/\/www.keramika.com\/srbija\/mosavit-mosaico-bamboo-antracita-50\/","title":{"rendered":"Mosavit Mosaico Bamboo Antracita 50"},"content":{"rendered":"<p>Mosavit Mosaico Bamboo Antracita 50 je proizvod iz \u0160panije te je izuzetno kvalitetna. Prilikom izbora mozaika u glavnom crne boji ne\u0107ete pogre\u0161iti Veli\u010dina mre\u017ee sa mozaikom je 31,6&#215;31,6 cm, \u0161to omogu\u0107ava jednostavnu ugradnju. Ovaj mozaik je 5 mm, te je vrlo je izdr\u017eljiv. Namjesto 14195,6 RSD \u0161to je cena u maloprodaji, Vi pla\u0107ate samo 11356,25 RSD.<\/p>\n<p>Technical description: <\/p>\n<p>Min. 1 box &#8211; Delivery 30 Euro\/box in EU<\/p>\n","protected":false},"excerpt":{"rendered":"<p>Mosavit Mosaico Bamboo Antracita 50 je proizvod iz \u0160panije te je izuzetno kvalitetna. Prilikom izbora mozaika u glavnom crne boji ne\u0107ete pogre\u0161iti Veli\u010dina mre\u017ee sa mozaikom je 31,6&#215;31,6 cm, \u0161to omogu\u0107ava jednostavnu ugradnju. Ovaj mozaik je 5 mm, te je vrlo je izdr\u017eljiv. Namjesto 14195,6 RSD \u0161to je cena u maloprodaji, Vi pla\u0107ate samo 11356,25 [&hellip;]<\/p>\n","protected":false},"featured_media":93788,"template":"","meta":[],"product_cat":[999405,400,999,410],"product_tag":[99950093],"_links":{"self":[{"href":"https:\/\/www.keramika.com\/srbija\/wp-json\/wp\/v2\/product\/93787"}],"collection":[{"href":"https:\/\/www.keramika.com\/srbija\/wp-json\/wp\/v2\/product"}],"about":[{"href":"https:\/\/www.keramika.com\/srbija\/wp-json\/wp\/v2\/types\/product"}],"wp:featuredmedia":[{"embeddable":true,"href":"https:\/\/www.keramika.com\/srbija\/wp-json\/wp\/v2\/media\/93788"}],"wp:attachment":[{"href":"https:\/\/www.keramika.com\/srbija\/wp-json\/wp\/v2\/media?parent=93787"}],"wp:term":[{"taxonomy":"product_cat","embeddable":true,"href":"https:\/\/www.keramika.com\/srbija\/wp-json\/wp\/v2\/product_cat?post=93787"},{"taxonomy":"product_tag","embeddable":true,"href":"https:\/\/www.keramika.com\/srbija\/wp-json\/wp\/v2\/product_tag?post=93787"}],"curies":[{"name":"wp","href":"https:\/\/api.w.org\/{rel}","templated":true}]}}