{"id":93781,"date":"2018-01-04T05:36:02","date_gmt":"2018-01-04T05:36:02","guid":{"rendered":"http:\/\/www.ceramictiles.com\/srbija\/product\/mosavit-mosaico-acquaris-grey\/"},"modified":"2026-01-03T00:01:25","modified_gmt":"2026-01-03T00:01:25","slug":"neutrals-lustre-acquaris","status":"publish","type":"product","link":"https:\/\/www.keramika.com\/srbija\/neutrals-lustre-acquaris\/","title":{"rendered":"Neutrals lustre Acquaris"},"content":{"rendered":"<p>Mozaik plo\u010dice su na mre\u017ei, \u0161to olak\u0161ava njegovu instalaciju. Veli\u010dina mre\u017ee je 31,6&#215;31,6 cm. Mosavit Mosaico Acquaris Grey je dostupna po vrlo povoljnim cenama 11068,75 RSD. Mosavit Mosaico Acquaris Grey dolazi iz \u0160panije, koja je poznata po vrlo visokoj kvaliteta keramike u svetu. Debljina plo\u010dice je vrlo va\u017ena, 5 mm &#8211; mozaik spada me\u0111u najkvalitetnije. Veoma moderan mozaik, dominantne sive boje, oboga\u0107uje savki prostor.<\/p>\n<p>Technical description: <\/p>\n<p>Min. 1 box &#8211; Delivery 30 Euro\/box in EU<\/p>\n<p>[vc_row][vc_column][\/vc_column][\/vc_row][vc_row][vc_column width=&#8220;1\/3&#8243;][vc_single_image source=&#8220;external_link&#8220; onclick=&#8220;link_image&#8220; custom_src=&#8220;https:\/\/www.ceramictiles.com\/images\/mosavit\/glass_mosaic_acquaris_bali.jpg&#8220; el_class=&#8220;eheight&#8220;][vc_column_text]<strong>Acquaris Bali<\/strong><br \/><a class=\"pdfcatal\" href=\"\/\/www.ceramictiles.com\/pdf\/catalogue_mosavit_desing.pdf\" onclick=\"recordOutboundLink(this, 'E-mail', 'Description PDF');return false;\"> PDF Kolekcijski katalog<\/a><\/a><br \/>Za najbolju ponudu, po\u0161aljite nam boju, dimenzije, koli\u010dinu i adresu za dostavu.<br \/><a href=\"mailto:zo_mi@ceramictiles.com\" onclick=\"recordOutboundLink(this, 'E-mail', 'Description mail');return false;\">Zahtjev za ponudu<\/a>[\/vc_column_text][vc_separator color=&#8220;black&#8220; border_width=&#8220;2&#8243;]<br \/>\n[\/vc_column][vc_column width=&#8220;1\/3&#8243;][vc_single_image source=&#8220;external_link&#8220; onclick=&#8220;link_image&#8220; custom_src=&#8220;https:\/\/www.ceramictiles.com\/images\/mosavit\/glass_mosaic_acquaris_caribe.jpg&#8220; el_class=&#8220;eheight&#8220;][vc_column_text]<strong>Acquaris Caribe<\/strong><br \/><a class=\"pdfcatal\" href=\"\/\/www.ceramictiles.com\/pdf\/catalogue_mosavit_desing.pdf\" onclick=\"recordOutboundLink(this, 'E-mail', 'Description PDF');return false;\"> PDF Kolekcijski katalog<\/a><\/a><br \/>Za najbolju ponudu, po\u0161aljite nam boju, dimenzije, koli\u010dinu i adresu za dostavu.<br \/><a href=\"mailto:zo_mi@ceramictiles.com\" onclick=\"recordOutboundLink(this, 'E-mail', 'Description mail');return false;\">Zahtjev za ponudu<\/a>[\/vc_column_text][vc_separator color=&#8220;black&#8220; border_width=&#8220;2&#8243;]<br \/>\n[\/vc_column][vc_column width=&#8220;1\/3&#8243;][vc_single_image source=&#8220;external_link&#8220; onclick=&#8220;link_image&#8220; custom_src=&#8220;https:\/\/www.ceramictiles.com\/images\/mosavit\/glass_mosaic_acquaris_carmin.jpg&#8220; el_class=&#8220;eheight&#8220;][vc_column_text]<strong>Acquaris Carmin<\/strong><br \/><a class=\"pdfcatal\" href=\"\/\/www.ceramictiles.com\/pdf\/catalogue_mosavit_desing.pdf\" onclick=\"recordOutboundLink(this, 'E-mail', 'Description PDF');return false;\"> PDF Kolekcijski katalog<\/a><\/a><br \/>Za najbolju ponudu, po\u0161aljite nam boju, dimenzije, koli\u010dinu i adresu za dostavu.<br \/><a href=\"mailto:zo_mi@ceramictiles.com\" onclick=\"recordOutboundLink(this, 'E-mail', 'Description mail');return false;\">Zahtjev za ponudu<\/a>[\/vc_column_text][vc_separator color=&#8220;black&#8220; border_width=&#8220;2&#8243;]<br \/>\n[\/vc_column][vc_column width=&#8220;1\/3&#8243;][vc_single_image source=&#8220;external_link&#8220; onclick=&#8220;link_image&#8220; custom_src=&#8220;https:\/\/www.ceramictiles.com\/images\/mosavit\/glass_mosaic_acquaris_celeste.jpg&#8220; el_class=&#8220;eheight&#8220;][vc_column_text]<strong>Acquaris Celeste<\/strong><br \/><a class=\"pdfcatal\" href=\"\/\/www.ceramictiles.com\/pdf\/catalogue_mosavit_desing.pdf\" onclick=\"recordOutboundLink(this, 'E-mail', 'Description PDF');return false;\"> PDF Kolekcijski katalog<\/a><\/a><br \/>Za najbolju ponudu, po\u0161aljite nam boju, dimenzije, koli\u010dinu i adresu za dostavu.<br \/><a href=\"mailto:zo_mi@ceramictiles.com\" onclick=\"recordOutboundLink(this, 'E-mail', 'Description mail');return false;\">Zahtjev za ponudu<\/a>[\/vc_column_text][vc_separator color=&#8220;black&#8220; border_width=&#8220;2&#8243;]<br \/>\n[\/vc_column][vc_column width=&#8220;1\/3&#8243;][vc_single_image source=&#8220;external_link&#8220; onclick=&#8220;link_image&#8220; custom_src=&#8220;https:\/\/www.ceramictiles.com\/images\/mosavit\/glass_mosaic_acquaris_cobalto.jpg&#8220; el_class=&#8220;eheight&#8220;][vc_column_text]<strong>Acquaris Cobalto<\/strong><br \/><a class=\"pdfcatal\" href=\"\/\/www.ceramictiles.com\/pdf\/catalogue_mosavit_desing.pdf\" onclick=\"recordOutboundLink(this, 'E-mail', 'Description PDF');return false;\"> PDF Kolekcijski katalog<\/a><\/a><br \/>Za najbolju ponudu, po\u0161aljite nam boju, dimenzije, koli\u010dinu i adresu za dostavu.<br \/><a href=\"mailto:zo_mi@ceramictiles.com\" onclick=\"recordOutboundLink(this, 'E-mail', 'Description mail');return false;\">Zahtjev za ponudu<\/a>[\/vc_column_text][vc_separator color=&#8220;black&#8220; border_width=&#8220;2&#8243;]<br \/>\n[\/vc_column][vc_column width=&#8220;1\/3&#8243;][vc_single_image source=&#8220;external_link&#8220; onclick=&#8220;link_image&#8220; custom_src=&#8220;https:\/\/www.ceramictiles.com\/images\/mosavit\/glass_mosaic_acquaris_coffee.jpg&#8220; el_class=&#8220;eheight&#8220;][vc_column_text]<strong>Acquaris Coffee<\/strong><br \/><a class=\"pdfcatal\" href=\"\/\/www.ceramictiles.com\/pdf\/catalogue_mosavit_desing.pdf\" onclick=\"recordOutboundLink(this, 'E-mail', 'Description PDF');return false;\"> PDF Kolekcijski katalog<\/a><\/a><br \/>Za najbolju ponudu, po\u0161aljite nam boju, dimenzije, koli\u010dinu i adresu za dostavu.<br \/><a href=\"mailto:zo_mi@ceramictiles.com\" onclick=\"recordOutboundLink(this, 'E-mail', 'Description mail');return false;\">Zahtjev za ponudu<\/a>[\/vc_column_text][vc_separator color=&#8220;black&#8220; border_width=&#8220;2&#8243;]<br \/>\n[\/vc_column][vc_column width=&#8220;1\/3&#8243;][vc_single_image source=&#8220;external_link&#8220; onclick=&#8220;link_image&#8220; custom_src=&#8220;https:\/\/www.ceramictiles.com\/images\/mosavit\/glass_mosaic_acquaris_edel.jpg&#8220; el_class=&#8220;eheight&#8220;][vc_column_text]<strong>Acquaris Edel<\/strong><br \/><a class=\"pdfcatal\" href=\"\/\/www.ceramictiles.com\/pdf\/catalogue_mosavit_desing.pdf\" onclick=\"recordOutboundLink(this, 'E-mail', 'Description PDF');return false;\"> PDF Kolekcijski katalog<\/a><\/a><br \/>Za najbolju ponudu, po\u0161aljite nam boju, dimenzije, koli\u010dinu i adresu za dostavu.<br \/><a href=\"mailto:zo_mi@ceramictiles.com\" onclick=\"recordOutboundLink(this, 'E-mail', 'Description mail');return false;\">Zahtjev za ponudu<\/a>[\/vc_column_text][vc_separator color=&#8220;black&#8220; border_width=&#8220;2&#8243;]<br \/>\n[\/vc_column][vc_column width=&#8220;1\/3&#8243;][vc_single_image source=&#8220;external_link&#8220; onclick=&#8220;link_image&#8220; custom_src=&#8220;https:\/\/www.ceramictiles.com\/images\/mosavit\/glass_mosaic_acquaris_grey.jpg&#8220; el_class=&#8220;eheight&#8220;][vc_column_text]<strong>Acquaris Grey<\/strong><br \/><a class=\"pdfcatal\" href=\"\/\/www.ceramictiles.com\/pdf\/catalogue_mosavit_desing.pdf\" onclick=\"recordOutboundLink(this, 'E-mail', 'Description PDF');return false;\"> PDF Kolekcijski katalog<\/a><\/a><br \/>Za najbolju ponudu, po\u0161aljite nam boju, dimenzije, koli\u010dinu i adresu za dostavu.<br \/><a href=\"mailto:zo_mi@ceramictiles.com\" onclick=\"recordOutboundLink(this, 'E-mail', 'Description mail');return false;\">Zahtjev za ponudu<\/a>[\/vc_column_text][vc_separator color=&#8220;black&#8220; border_width=&#8220;2&#8243;]<br \/>\n[\/vc_column][vc_column width=&#8220;1\/3&#8243;][vc_single_image source=&#8220;external_link&#8220; onclick=&#8220;link_image&#8220; custom_src=&#8220;https:\/\/www.ceramictiles.com\/images\/mosavit\/glass_mosaic_acquaris_jacaranda.jpg&#8220; el_class=&#8220;eheight&#8220;][vc_column_text]<strong>Acquaris Jacaranda<\/strong><br \/><a class=\"pdfcatal\" href=\"\/\/www.ceramictiles.com\/pdf\/catalogue_mosavit_desing.pdf\" onclick=\"recordOutboundLink(this, 'E-mail', 'Description PDF');return false;\"> PDF Kolekcijski katalog<\/a><\/a><br \/>Za najbolju ponudu, po\u0161aljite nam boju, dimenzije, koli\u010dinu i adresu za dostavu.<br \/><a href=\"mailto:zo_mi@ceramictiles.com\" onclick=\"recordOutboundLink(this, 'E-mail', 'Description mail');return false;\">Zahtjev za ponudu<\/a>[\/vc_column_text][vc_separator color=&#8220;black&#8220; border_width=&#8220;2&#8243;]<br \/>\n[\/vc_column][vc_column width=&#8220;1\/3&#8243;][vc_single_image source=&#8220;external_link&#8220; onclick=&#8220;link_image&#8220; custom_src=&#8220;https:\/\/www.ceramictiles.com\/images\/mosavit\/glass_mosaic_acquaris_jacinto.jpg&#8220; el_class=&#8220;eheight&#8220;][vc_column_text]<strong>Acquaris Jacinto<\/strong><br \/><a class=\"pdfcatal\" href=\"\/\/www.ceramictiles.com\/pdf\/catalogue_mosavit_desing.pdf\" onclick=\"recordOutboundLink(this, 'E-mail', 'Description PDF');return false;\"> PDF Kolekcijski katalog<\/a><\/a><br \/>Za najbolju ponudu, po\u0161aljite nam boju, dimenzije, koli\u010dinu i adresu za dostavu.<br \/><a href=\"mailto:zo_mi@ceramictiles.com\" onclick=\"recordOutboundLink(this, 'E-mail', 'Description mail');return false;\">Zahtjev za ponudu<\/a>[\/vc_column_text][vc_separator color=&#8220;black&#8220; border_width=&#8220;2&#8243;]<br \/>\n[\/vc_column][vc_column width=&#8220;1\/3&#8243;][vc_single_image source=&#8220;external_link&#8220; onclick=&#8220;link_image&#8220; custom_src=&#8220;https:\/\/www.ceramictiles.com\/images\/mosavit\/glass_mosaic_acquaris_jazmin.jpg&#8220; el_class=&#8220;eheight&#8220;][vc_column_text]<strong>Acquaris Jazmin<\/strong><br \/><a class=\"pdfcatal\" href=\"\/\/www.ceramictiles.com\/pdf\/catalogue_mosavit_desing.pdf\" onclick=\"recordOutboundLink(this, 'E-mail', 'Description PDF');return false;\"> PDF Kolekcijski katalog<\/a><\/a><br \/>Za najbolju ponudu, po\u0161aljite nam boju, dimenzije, koli\u010dinu i adresu za dostavu.<br \/><a href=\"mailto:zo_mi@ceramictiles.com\" onclick=\"recordOutboundLink(this, 'E-mail', 'Description mail');return false;\">Zahtjev za ponudu<\/a>[\/vc_column_text][vc_separator color=&#8220;black&#8220; border_width=&#8220;2&#8243;]<br \/>\n[\/vc_column][vc_column width=&#8220;1\/3&#8243;][vc_single_image source=&#8220;external_link&#8220; onclick=&#8220;link_image&#8220; custom_src=&#8220;https:\/\/www.ceramictiles.com\/images\/mosavit\/glass_mosaic_acquaris_lavanda.jpg&#8220; el_class=&#8220;eheight&#8220;][vc_column_text]<strong>Acquaris Lavanda<\/strong><br \/><a class=\"pdfcatal\" href=\"\/\/www.ceramictiles.com\/pdf\/catalogue_mosavit_desing.pdf\" onclick=\"recordOutboundLink(this, 'E-mail', 'Description PDF');return false;\"> PDF Kolekcijski katalog<\/a><\/a><br \/>Za najbolju ponudu, po\u0161aljite nam boju, dimenzije, koli\u010dinu i adresu za dostavu.<br \/><a href=\"mailto:zo_mi@ceramictiles.com\" onclick=\"recordOutboundLink(this, 'E-mail', 'Description mail');return false;\">Zahtjev za ponudu<\/a>[\/vc_column_text][vc_separator color=&#8220;black&#8220; border_width=&#8220;2&#8243;]<br \/>\n[\/vc_column][vc_column width=&#8220;1\/3&#8243;][vc_single_image source=&#8220;external_link&#8220; onclick=&#8220;link_image&#8220; custom_src=&#8220;https:\/\/www.ceramictiles.com\/images\/mosavit\/glass_mosaic_acquaris_lila.jpg&#8220; el_class=&#8220;eheight&#8220;][vc_column_text]<strong>Acquaris Lila<\/strong><br \/><a class=\"pdfcatal\" href=\"\/\/www.ceramictiles.com\/pdf\/catalogue_mosavit_desing.pdf\" onclick=\"recordOutboundLink(this, 'E-mail', 'Description PDF');return false;\"> PDF Kolekcijski katalog<\/a><\/a><br \/>Za najbolju ponudu, po\u0161aljite nam boju, dimenzije, koli\u010dinu i adresu za dostavu.<br \/><a href=\"mailto:zo_mi@ceramictiles.com\" onclick=\"recordOutboundLink(this, 'E-mail', 'Description mail');return false;\">Zahtjev za ponudu<\/a>[\/vc_column_text][vc_separator color=&#8220;black&#8220; border_width=&#8220;2&#8243;]<br \/>\n[\/vc_column][vc_column width=&#8220;1\/3&#8243;][vc_single_image source=&#8220;external_link&#8220; onclick=&#8220;link_image&#8220; custom_src=&#8220;https:\/\/www.ceramictiles.com\/images\/mosavit\/glass_mosaic_acquaris_lotto.jpg&#8220; el_class=&#8220;eheight&#8220;][vc_column_text]<strong>Acquaris Lotto<\/strong><br \/><a class=\"pdfcatal\" href=\"\/\/www.ceramictiles.com\/pdf\/catalogue_mosavit_desing.pdf\" onclick=\"recordOutboundLink(this, 'E-mail', 'Description PDF');return false;\"> PDF Kolekcijski katalog<\/a><\/a><br \/>Za najbolju ponudu, po\u0161aljite nam boju, dimenzije, koli\u010dinu i adresu za dostavu.<br \/><a href=\"mailto:zo_mi@ceramictiles.com\" onclick=\"recordOutboundLink(this, 'E-mail', 'Description mail');return false;\">Zahtjev za ponudu<\/a>[\/vc_column_text][vc_separator color=&#8220;black&#8220; border_width=&#8220;2&#8243;]<br \/>\n[\/vc_column][vc_column width=&#8220;1\/3&#8243;][vc_single_image source=&#8220;external_link&#8220; onclick=&#8220;link_image&#8220; custom_src=&#8220;https:\/\/www.ceramictiles.com\/images\/mosavit\/glass_mosaic_acquaris_lunaria.jpg&#8220; el_class=&#8220;eheight&#8220;][vc_column_text]<strong>Acquaris Lunaria<\/strong><br \/><a class=\"pdfcatal\" href=\"\/\/www.ceramictiles.com\/pdf\/catalogue_mosavit_desing.pdf\" onclick=\"recordOutboundLink(this, 'E-mail', 'Description PDF');return false;\"> PDF Kolekcijski katalog<\/a><\/a><br \/>Za najbolju ponudu, po\u0161aljite nam boju, dimenzije, koli\u010dinu i adresu za dostavu.<br \/><a href=\"mailto:zo_mi@ceramictiles.com\" onclick=\"recordOutboundLink(this, 'E-mail', 'Description mail');return false;\">Zahtjev za ponudu<\/a>[\/vc_column_text][vc_separator color=&#8220;black&#8220; border_width=&#8220;2&#8243;]<br \/>\n[\/vc_column][vc_column width=&#8220;1\/3&#8243;][vc_single_image source=&#8220;external_link&#8220; onclick=&#8220;link_image&#8220; custom_src=&#8220;https:\/\/www.ceramictiles.com\/images\/mosavit\/glass_mosaic_acquaris_magnolia.jpg&#8220; el_class=&#8220;eheight&#8220;][vc_column_text]<strong>Acquaris Magnolia<\/strong><br \/><a class=\"pdfcatal\" href=\"\/\/www.ceramictiles.com\/pdf\/catalogue_mosavit_desing.pdf\" onclick=\"recordOutboundLink(this, 'E-mail', 'Description PDF');return false;\"> PDF Kolekcijski katalog<\/a><\/a><br \/>Za najbolju ponudu, po\u0161aljite nam boju, dimenzije, koli\u010dinu i adresu za dostavu.<br \/><a href=\"mailto:zo_mi@ceramictiles.com\" onclick=\"recordOutboundLink(this, 'E-mail', 'Description mail');return false;\">Zahtjev za ponudu<\/a>[\/vc_column_text][vc_separator color=&#8220;black&#8220; border_width=&#8220;2&#8243;]<br \/>\n[\/vc_column][vc_column width=&#8220;1\/3&#8243;][vc_single_image source=&#8220;external_link&#8220; onclick=&#8220;link_image&#8220; custom_src=&#8220;https:\/\/www.ceramictiles.com\/images\/mosavit\/glass_mosaic_acquaris_maldivas.jpg&#8220; el_class=&#8220;eheight&#8220;][vc_column_text]<strong>Acquaris Maldivas<\/strong><br \/><a class=\"pdfcatal\" href=\"\/\/www.ceramictiles.com\/pdf\/catalogue_mosavit_desing.pdf\" onclick=\"recordOutboundLink(this, 'E-mail', 'Description PDF');return false;\"> PDF Kolekcijski katalog<\/a><\/a><br \/>Za najbolju ponudu, po\u0161aljite nam boju, dimenzije, koli\u010dinu i adresu za dostavu.<br \/><a href=\"mailto:zo_mi@ceramictiles.com\" onclick=\"recordOutboundLink(this, 'E-mail', 'Description mail');return false;\">Zahtjev za ponudu<\/a>[\/vc_column_text][vc_separator color=&#8220;black&#8220; border_width=&#8220;2&#8243;]<br \/>\n[\/vc_column][vc_column width=&#8220;1\/3&#8243;][vc_single_image source=&#8220;external_link&#8220; onclick=&#8220;link_image&#8220; custom_src=&#8220;https:\/\/www.ceramictiles.com\/images\/mosavit\/glass_mosaic_acquaris_narciso.jpg&#8220; el_class=&#8220;eheight&#8220;][vc_column_text]<strong>Acquaris Narciso<\/strong><br \/><a class=\"pdfcatal\" href=\"\/\/www.ceramictiles.com\/pdf\/catalogue_mosavit_desing.pdf\" onclick=\"recordOutboundLink(this, 'E-mail', 'Description PDF');return false;\"> PDF Kolekcijski katalog<\/a><\/a><br \/>Za najbolju ponudu, po\u0161aljite nam boju, dimenzije, koli\u010dinu i adresu za dostavu.<br \/><a href=\"mailto:zo_mi@ceramictiles.com\" onclick=\"recordOutboundLink(this, 'E-mail', 'Description mail');return false;\">Zahtjev za ponudu<\/a>[\/vc_column_text][vc_separator color=&#8220;black&#8220; border_width=&#8220;2&#8243;]<br \/>\n[\/vc_column][vc_column width=&#8220;1\/3&#8243;][vc_single_image source=&#8220;external_link&#8220; onclick=&#8220;link_image&#8220; custom_src=&#8220;https:\/\/www.ceramictiles.com\/images\/mosavit\/glass_mosaic_acquaris_nenufar.jpg&#8220; el_class=&#8220;eheight&#8220;][vc_column_text]<strong>Acquaris Nenufar<\/strong><br \/><a class=\"pdfcatal\" href=\"\/\/www.ceramictiles.com\/pdf\/catalogue_mosavit_desing.pdf\" onclick=\"recordOutboundLink(this, 'E-mail', 'Description PDF');return false;\"> PDF Kolekcijski katalog<\/a><\/a><br \/>Za najbolju ponudu, po\u0161aljite nam boju, dimenzije, koli\u010dinu i adresu za dostavu.<br \/><a href=\"mailto:zo_mi@ceramictiles.com\" onclick=\"recordOutboundLink(this, 'E-mail', 'Description mail');return false;\">Zahtjev za ponudu<\/a>[\/vc_column_text][vc_separator color=&#8220;black&#8220; border_width=&#8220;2&#8243;]<br \/>\n[\/vc_column][vc_column width=&#8220;1\/3&#8243;][vc_single_image source=&#8220;external_link&#8220; onclick=&#8220;link_image&#8220; custom_src=&#8220;https:\/\/www.ceramictiles.com\/images\/mosavit\/glass_mosaic_acquaris_oran.jpg&#8220; el_class=&#8220;eheight&#8220;][vc_column_text]<strong>Acquaris Oran<\/strong><br \/><a class=\"pdfcatal\" href=\"\/\/www.ceramictiles.com\/pdf\/catalogue_mosavit_desing.pdf\" onclick=\"recordOutboundLink(this, 'E-mail', 'Description PDF');return false;\"> PDF Kolekcijski katalog<\/a><\/a><br \/>Za najbolju ponudu, po\u0161aljite nam boju, dimenzije, koli\u010dinu i adresu za dostavu.<br \/><a href=\"mailto:zo_mi@ceramictiles.com\" onclick=\"recordOutboundLink(this, 'E-mail', 'Description mail');return false;\">Zahtjev za ponudu<\/a>[\/vc_column_text][vc_separator color=&#8220;black&#8220; border_width=&#8220;2&#8243;]<br \/>\n[\/vc_column][vc_column width=&#8220;1\/3&#8243;][vc_single_image source=&#8220;external_link&#8220; onclick=&#8220;link_image&#8220; custom_src=&#8220;https:\/\/www.ceramictiles.com\/images\/mosavit\/glass_mosaic_acquaris_pasion.jpg&#8220; el_class=&#8220;eheight&#8220;][vc_column_text]<strong>Acquaris Pasion<\/strong><br \/><a class=\"pdfcatal\" href=\"\/\/www.ceramictiles.com\/pdf\/catalogue_mosavit_desing.pdf\" onclick=\"recordOutboundLink(this, 'E-mail', 'Description PDF');return false;\"> PDF Kolekcijski katalog<\/a><\/a><br \/>Za najbolju ponudu, po\u0161aljite nam boju, dimenzije, koli\u010dinu i adresu za dostavu.<br \/><a href=\"mailto:zo_mi@ceramictiles.com\" onclick=\"recordOutboundLink(this, 'E-mail', 'Description mail');return false;\">Zahtjev za ponudu<\/a>[\/vc_column_text][vc_separator color=&#8220;black&#8220; border_width=&#8220;2&#8243;]<br \/>\n[\/vc_column][vc_column width=&#8220;1\/3&#8243;][vc_single_image source=&#8220;external_link&#8220; onclick=&#8220;link_image&#8220; custom_src=&#8220;https:\/\/www.ceramictiles.com\/images\/mosavit\/glass_mosaic_acquaris_petunia.jpg&#8220; el_class=&#8220;eheight&#8220;][vc_column_text]<strong>Acquaris Petunia<\/strong><br \/><a class=\"pdfcatal\" href=\"\/\/www.ceramictiles.com\/pdf\/catalogue_mosavit_desing.pdf\" onclick=\"recordOutboundLink(this, 'E-mail', 'Description PDF');return false;\"> PDF Kolekcijski katalog<\/a><\/a><br \/>Za najbolju ponudu, po\u0161aljite nam boju, dimenzije, koli\u010dinu i adresu za dostavu.<br \/><a href=\"mailto:zo_mi@ceramictiles.com\" onclick=\"recordOutboundLink(this, 'E-mail', 'Description mail');return false;\">Zahtjev za ponudu<\/a>[\/vc_column_text][vc_separator color=&#8220;black&#8220; border_width=&#8220;2&#8243;]<br \/>\n[\/vc_column][vc_column width=&#8220;1\/3&#8243;][vc_single_image source=&#8220;external_link&#8220; onclick=&#8220;link_image&#8220; custom_src=&#8220;https:\/\/www.ceramictiles.com\/images\/mosavit\/glass_mosaic_acquaris_sahe.jpg&#8220; el_class=&#8220;eheight&#8220;][vc_column_text]<strong>Acquaris Sahe<\/strong><br \/><a class=\"pdfcatal\" href=\"\/\/www.ceramictiles.com\/pdf\/catalogue_mosavit_desing.pdf\" onclick=\"recordOutboundLink(this, 'E-mail', 'Description PDF');return false;\"> PDF Kolekcijski katalog<\/a><\/a><br \/>Za najbolju ponudu, po\u0161aljite nam boju, dimenzije, koli\u010dinu i adresu za dostavu.<br \/><a href=\"mailto:zo_mi@ceramictiles.com\" onclick=\"recordOutboundLink(this, 'E-mail', 'Description mail');return false;\">Zahtjev za ponudu<\/a>[\/vc_column_text][vc_separator color=&#8220;black&#8220; border_width=&#8220;2&#8243;]<br \/>\n[\/vc_column][vc_column width=&#8220;1\/3&#8243;][vc_single_image source=&#8220;external_link&#8220; onclick=&#8220;link_image&#8220; custom_src=&#8220;https:\/\/www.ceramictiles.com\/images\/mosavit\/glass_mosaic_acquaris_sandal.jpg&#8220; el_class=&#8220;eheight&#8220;][vc_column_text]<strong>Acquaris Sandal<\/strong><br \/><a class=\"pdfcatal\" href=\"\/\/www.ceramictiles.com\/pdf\/catalogue_mosavit_desing.pdf\" onclick=\"recordOutboundLink(this, 'E-mail', 'Description PDF');return false;\"> PDF Kolekcijski katalog<\/a><\/a><br \/>Za najbolju ponudu, po\u0161aljite nam boju, dimenzije, koli\u010dinu i adresu za dostavu.<br \/><a href=\"mailto:zo_mi@ceramictiles.com\" onclick=\"recordOutboundLink(this, 'E-mail', 'Description mail');return false;\">Zahtjev za ponudu<\/a>[\/vc_column_text][vc_separator color=&#8220;black&#8220; border_width=&#8220;2&#8243;]<br \/>\n[\/vc_column][vc_column width=&#8220;1\/3&#8243;][vc_single_image source=&#8220;external_link&#8220; onclick=&#8220;link_image&#8220; custom_src=&#8220;https:\/\/www.ceramictiles.com\/images\/mosavit\/glass_mosaic_acquaris_tamarindo.jpg&#8220; el_class=&#8220;eheight&#8220;][vc_column_text]<strong>Acquaris Tamarindo<\/strong><br \/><a class=\"pdfcatal\" href=\"\/\/www.ceramictiles.com\/pdf\/catalogue_mosavit_desing.pdf\" onclick=\"recordOutboundLink(this, 'E-mail', 'Description PDF');return false;\"> PDF Kolekcijski katalog<\/a><\/a><br \/>Za najbolju ponudu, po\u0161aljite nam boju, dimenzije, koli\u010dinu i adresu za dostavu.<br \/><a href=\"mailto:zo_mi@ceramictiles.com\" onclick=\"recordOutboundLink(this, 'E-mail', 'Description mail');return false;\">Zahtjev za ponudu<\/a>[\/vc_column_text][vc_separator color=&#8220;black&#8220; border_width=&#8220;2&#8243;]<br \/>\n[\/vc_column][vc_column width=&#8220;1\/3&#8243;][vc_single_image source=&#8220;external_link&#8220; onclick=&#8220;link_image&#8220; custom_src=&#8220;https:\/\/www.ceramictiles.com\/images\/mosavit\/glass_mosaic_acquaris_tulipan.jpg&#8220; el_class=&#8220;eheight&#8220;][vc_column_text]<strong>Acquaris Tulipan<\/strong><br \/><a class=\"pdfcatal\" href=\"\/\/www.ceramictiles.com\/pdf\/catalogue_mosavit_desing.pdf\" onclick=\"recordOutboundLink(this, 'E-mail', 'Description PDF');return false;\"> PDF Kolekcijski katalog<\/a><\/a><br \/>Za najbolju ponudu, po\u0161aljite nam boju, dimenzije, koli\u010dinu i adresu za dostavu.<br \/><a href=\"mailto:zo_mi@ceramictiles.com\" onclick=\"recordOutboundLink(this, 'E-mail', 'Description mail');return false;\">Zahtjev za ponudu<\/a>[\/vc_column_text][vc_separator color=&#8220;black&#8220; border_width=&#8220;2&#8243;]<br \/>\n[\/vc_column][vc_column width=&#8220;1\/3&#8243;][vc_single_image source=&#8220;external_link&#8220; onclick=&#8220;link_image&#8220; custom_src=&#8220;https:\/\/www.ceramictiles.com\/images\/mosavit\/glass_mosaic_acquaris_verbena.jpg&#8220; el_class=&#8220;eheight&#8220;][vc_column_text]<strong>Acquaris Verbena<\/strong><br \/><a class=\"pdfcatal\" href=\"\/\/www.ceramictiles.com\/pdf\/catalogue_mosavit_desing.pdf\" onclick=\"recordOutboundLink(this, 'E-mail', 'Description PDF');return false;\"> PDF Kolekcijski katalog<\/a><\/a><br \/>Za najbolju ponudu, po\u0161aljite nam boju, dimenzije, koli\u010dinu i adresu za dostavu.<br \/><a href=\"mailto:zo_mi@ceramictiles.com\" onclick=\"recordOutboundLink(this, 'E-mail', 'Description mail');return false;\">Zahtjev za ponudu<\/a>[\/vc_column_text][vc_separator color=&#8220;black&#8220; border_width=&#8220;2&#8243;]<\/p>\n<p>[\/vc_column][\/vc_row]<\/p>\n","protected":false},"excerpt":{"rendered":"<p>Stakleni mozaik sa bisernim efektom<\/p>\n","protected":false},"featured_media":93782,"template":"","meta":[],"product_cat":[999405,400,999,410],"product_tag":[99950093],"_links":{"self":[{"href":"https:\/\/www.keramika.com\/srbija\/wp-json\/wp\/v2\/product\/93781"}],"collection":[{"href":"https:\/\/www.keramika.com\/srbija\/wp-json\/wp\/v2\/product"}],"about":[{"href":"https:\/\/www.keramika.com\/srbija\/wp-json\/wp\/v2\/types\/product"}],"wp:featuredmedia":[{"embeddable":true,"href":"https:\/\/www.keramika.com\/srbija\/wp-json\/wp\/v2\/media\/93782"}],"wp:attachment":[{"href":"https:\/\/www.keramika.com\/srbija\/wp-json\/wp\/v2\/media?parent=93781"}],"wp:term":[{"taxonomy":"product_cat","embeddable":true,"href":"https:\/\/www.keramika.com\/srbija\/wp-json\/wp\/v2\/product_cat?post=93781"},{"taxonomy":"product_tag","embeddable":true,"href":"https:\/\/www.keramika.com\/srbija\/wp-json\/wp\/v2\/product_tag?post=93781"}],"curies":[{"name":"wp","href":"https:\/\/api.w.org\/{rel}","templated":true}]}}