{"id":93697,"date":"2017-07-02T05:21:51","date_gmt":"2017-07-02T05:21:51","guid":{"rendered":"http:\/\/www.ceramictiles.com\/srbija\/product\/aparici-mosaic-radical-black\/"},"modified":"2017-07-02T05:21:51","modified_gmt":"2017-07-02T05:21:51","slug":"aparici-mosaic-radical-black","status":"publish","type":"product","link":"https:\/\/www.keramika.com\/srbija\/aparici-mosaic-radical-black\/","title":{"rendered":"Aparici Mosaic Radical Black"},"content":{"rendered":"<p>Veli\u010dina mre\u017ee 30&#215;30 cm nakoju je pritvr\u0111en, omogu\u0107ava pritvr\u0111ivanje na razli\u010dite povr\u0161ine. Plo\u010dice crne boje osvje\u017eit \u0107e svaki prostor. Ove mozaik plo\u010dice doleaze iz \u0160panije, koja je poznata po kvalitetnom mozaiku. Mozaik je debljine 6 mm, \u0161to ga \u010dini izuzetno tvrdim.<\/p>\n<p>Kliknite na ime serije za sve plo\u010dice u toj seriji: <a class=\"pdfcatal\" href=\"\/\/www.ceramictiles.com\/pdf\/aparici\/catalogue_mosaics_aparici.pdf\" onclick=\"recordOutboundLink(this, 'E-mail', 'Description PDF');return false;\">Aparici Aparici Mosaicos<\/a><\/p>\n<p>Da bi naru\u010dili model iz PDF kataloga ove serije, molimo vas, da nas kontaktirate na: <a href=\"mailto:zo_mi@ceramictiles.com\" onclick=\"recordOutboundLink(this, 'E-mail', 'Description mail');return false;\">zo_mi@ceramictiles.com<\/a> ili nas pozovite na: For exact offer, PLS send us quantity and product you need with delivery address..<\/p>\n<p>Technical description: Natural stone mosaic 30&#215;30<\/p>\n","protected":false},"excerpt":{"rendered":"<p>Veli\u010dina mre\u017ee 30&#215;30 cm nakoju je pritvr\u0111en, omogu\u0107ava pritvr\u0111ivanje na razli\u010dite povr\u0161ine. Plo\u010dice crne boje osvje\u017eit \u0107e svaki prostor. Ove mozaik plo\u010dice doleaze iz \u0160panije, koja je poznata po kvalitetnom mozaiku. Mozaik je debljine 6 mm, \u0161to ga \u010dini izuzetno tvrdim. Kliknite na ime serije za sve plo\u010dice u toj seriji: Aparici Aparici Mosaicos Da [&hellip;]<\/p>\n","protected":false},"featured_media":93698,"template":"","meta":[],"product_cat":[999773,420,400,999],"product_tag":[],"_links":{"self":[{"href":"https:\/\/www.keramika.com\/srbija\/wp-json\/wp\/v2\/product\/93697"}],"collection":[{"href":"https:\/\/www.keramika.com\/srbija\/wp-json\/wp\/v2\/product"}],"about":[{"href":"https:\/\/www.keramika.com\/srbija\/wp-json\/wp\/v2\/types\/product"}],"wp:featuredmedia":[{"embeddable":true,"href":"https:\/\/www.keramika.com\/srbija\/wp-json\/wp\/v2\/media\/93698"}],"wp:attachment":[{"href":"https:\/\/www.keramika.com\/srbija\/wp-json\/wp\/v2\/media?parent=93697"}],"wp:term":[{"taxonomy":"product_cat","embeddable":true,"href":"https:\/\/www.keramika.com\/srbija\/wp-json\/wp\/v2\/product_cat?post=93697"},{"taxonomy":"product_tag","embeddable":true,"href":"https:\/\/www.keramika.com\/srbija\/wp-json\/wp\/v2\/product_tag?post=93697"}],"curies":[{"name":"wp","href":"https:\/\/api.w.org\/{rel}","templated":true}]}}