{"id":93693,"date":"2017-07-02T05:21:12","date_gmt":"2017-07-02T05:21:12","guid":{"rendered":"http:\/\/www.ceramictiles.com\/srbija\/product\/aparici-mosaic-ozono-square\/"},"modified":"2017-07-02T05:21:12","modified_gmt":"2017-07-02T05:21:12","slug":"aparici-mosaic-ozono-square","status":"publish","type":"product","link":"https:\/\/www.keramika.com\/srbija\/aparici-mosaic-ozono-square\/","title":{"rendered":"Aparici Mosaic Ozono Square"},"content":{"rendered":"<p>Debljina plo\u010dice je vrlo va\u017ena, 6 mm &#8211; mozaik spada me\u0111u najkvalitetnije. Veli\u010dina mre\u017ee 30&#215;30 cm nakoju je pritvr\u0111en, omogu\u0107ava pritvr\u0111ivanje na razli\u010dite povr\u0161ine. Ove mozaik plo\u010dice doleaze iz \u0160panije, koja je poznata po kvalitetnom mozaiku. Naj vi\u0161e se prodaju crne mozik plo\u010dice.<\/p>\n<p>Kliknite na ime serije za sve plo\u010dice u toj seriji: <a class=\"pdfcatal\" href=\"\/\/www.ceramictiles.com\/pdf\/aparici\/catalogue_mosaics_aparici.pdf\" onclick=\"recordOutboundLink(this, 'E-mail', 'Description PDF');return false;\">Aparici Aparici Mosaicos<\/a><\/p>\n<p>Da bi naru\u010dili model iz PDF kataloga ove serije, molimo vas, da nas kontaktirate na: <a href=\"mailto:zo_mi@ceramictiles.com\" onclick=\"recordOutboundLink(this, 'E-mail', 'Description mail');return false;\">zo_mi@ceramictiles.com<\/a> ili nas pozovite na: For exact offer, PLS send us quantity and product you need with delivery address..<\/p>\n<p>Technical description: Glass mosaic 30.7&#215;32.7<\/p>\n","protected":false},"excerpt":{"rendered":"<p>Debljina plo\u010dice je vrlo va\u017ena, 6 mm &#8211; mozaik spada me\u0111u najkvalitetnije. Veli\u010dina mre\u017ee 30&#215;30 cm nakoju je pritvr\u0111en, omogu\u0107ava pritvr\u0111ivanje na razli\u010dite povr\u0161ine. Ove mozaik plo\u010dice doleaze iz \u0160panije, koja je poznata po kvalitetnom mozaiku. Naj vi\u0161e se prodaju crne mozik plo\u010dice. Kliknite na ime serije za sve plo\u010dice u toj seriji: Aparici Aparici [&hellip;]<\/p>\n","protected":false},"featured_media":93694,"template":"","meta":[],"product_cat":[999773,400,999,410],"product_tag":[],"_links":{"self":[{"href":"https:\/\/www.keramika.com\/srbija\/wp-json\/wp\/v2\/product\/93693"}],"collection":[{"href":"https:\/\/www.keramika.com\/srbija\/wp-json\/wp\/v2\/product"}],"about":[{"href":"https:\/\/www.keramika.com\/srbija\/wp-json\/wp\/v2\/types\/product"}],"wp:featuredmedia":[{"embeddable":true,"href":"https:\/\/www.keramika.com\/srbija\/wp-json\/wp\/v2\/media\/93694"}],"wp:attachment":[{"href":"https:\/\/www.keramika.com\/srbija\/wp-json\/wp\/v2\/media?parent=93693"}],"wp:term":[{"taxonomy":"product_cat","embeddable":true,"href":"https:\/\/www.keramika.com\/srbija\/wp-json\/wp\/v2\/product_cat?post=93693"},{"taxonomy":"product_tag","embeddable":true,"href":"https:\/\/www.keramika.com\/srbija\/wp-json\/wp\/v2\/product_tag?post=93693"}],"curies":[{"name":"wp","href":"https:\/\/api.w.org\/{rel}","templated":true}]}}