{"id":93691,"date":"2017-07-02T05:20:49","date_gmt":"2017-07-02T05:20:49","guid":{"rendered":"http:\/\/www.ceramictiles.com\/srbija\/product\/aparici-mosaic-ozono-oval-white\/"},"modified":"2017-07-02T05:20:49","modified_gmt":"2017-07-02T05:20:49","slug":"aparici-mosaic-ozono-oval-white","status":"publish","type":"product","link":"https:\/\/www.keramika.com\/srbija\/aparici-mosaic-ozono-oval-white\/","title":{"rendered":"Aparici Mosaic Ozono Oval White"},"content":{"rendered":"<p>Debljina od 6 mm ovog mozaika ga \u010dini vrlo izdr\u017eljivim i prijatnim na dodir. Ove lepe, mozaik plo\u010dice bele boje, \u0107e obogatiti svaki prostor. Mozaik plo\u010dice su na mre\u017ei, \u0161to olak\u0161ava njegovu instalaciju. Veli\u010dina mre\u017ee je 30&#215;30 cm. Aparici Mosaic Ozono Oval White je proizvod iz \u0160panije te je izuzetno kvalitetna.<\/p>\n<p>Kliknite na ime serije za sve plo\u010dice u toj seriji: <a class=\"pdfcatal\" href=\"\/\/www.ceramictiles.com\/pdf\/aparici\/catalogue_mosaics_aparici.pdf\" onclick=\"recordOutboundLink(this, 'E-mail', 'Description PDF');return false;\">Aparici Aparici Mosaicos<\/a><\/p>\n<p>Da bi naru\u010dili model iz PDF kataloga ove serije, molimo vas, da nas kontaktirate na: <a href=\"mailto:zo_mi@ceramictiles.com\" onclick=\"recordOutboundLink(this, 'E-mail', 'Description mail');return false;\">zo_mi@ceramictiles.com<\/a> ili nas pozovite na: For exact offer, PLS send us quantity and product you need with delivery address..<\/p>\n<p>Technical description: Glass mosaic 30.5&#215;30.5<\/p>\n","protected":false},"excerpt":{"rendered":"<p>Debljina od 6 mm ovog mozaika ga \u010dini vrlo izdr\u017eljivim i prijatnim na dodir. Ove lepe, mozaik plo\u010dice bele boje, \u0107e obogatiti svaki prostor. Mozaik plo\u010dice su na mre\u017ei, \u0161to olak\u0161ava njegovu instalaciju. Veli\u010dina mre\u017ee je 30&#215;30 cm. Aparici Mosaic Ozono Oval White je proizvod iz \u0160panije te je izuzetno kvalitetna. Kliknite na ime serije [&hellip;]<\/p>\n","protected":false},"featured_media":93692,"template":"","meta":[],"product_cat":[999773,400,999,410],"product_tag":[],"_links":{"self":[{"href":"https:\/\/www.keramika.com\/srbija\/wp-json\/wp\/v2\/product\/93691"}],"collection":[{"href":"https:\/\/www.keramika.com\/srbija\/wp-json\/wp\/v2\/product"}],"about":[{"href":"https:\/\/www.keramika.com\/srbija\/wp-json\/wp\/v2\/types\/product"}],"wp:featuredmedia":[{"embeddable":true,"href":"https:\/\/www.keramika.com\/srbija\/wp-json\/wp\/v2\/media\/93692"}],"wp:attachment":[{"href":"https:\/\/www.keramika.com\/srbija\/wp-json\/wp\/v2\/media?parent=93691"}],"wp:term":[{"taxonomy":"product_cat","embeddable":true,"href":"https:\/\/www.keramika.com\/srbija\/wp-json\/wp\/v2\/product_cat?post=93691"},{"taxonomy":"product_tag","embeddable":true,"href":"https:\/\/www.keramika.com\/srbija\/wp-json\/wp\/v2\/product_tag?post=93691"}],"curies":[{"name":"wp","href":"https:\/\/api.w.org\/{rel}","templated":true}]}}