{"id":93677,"date":"2017-07-02T05:18:26","date_gmt":"2017-07-02T05:18:26","guid":{"rendered":"http:\/\/www.ceramictiles.com\/srbija\/product\/aparici-mosaic-nitro-inox\/"},"modified":"2017-07-02T05:18:26","modified_gmt":"2017-07-02T05:18:26","slug":"aparici-mosaic-nitro-inox","status":"publish","type":"product","link":"https:\/\/www.keramika.com\/srbija\/aparici-mosaic-nitro-inox\/","title":{"rendered":"Aparici Mosaic Nitro Inox"},"content":{"rendered":"<p>Mozaik je debljine 6 mm, \u0161to ga \u010dini izuzetno tvrdim. Veli\u010dina mre\u017ee 30&#215;30 cm nakoju je pritvr\u0111en, omogu\u0107ava pritvr\u0111ivanje na razli\u010dite povr\u0161ine. Veoma moderan mozaik, dominantne srebrne boje, oboga\u0107uje savki prostor. Ovaj mozaik je proizveden od proizvo\u0111a\u010da Aparici, iz \u0160panije.<\/p>\n<p>Kliknite na ime serije za sve plo\u010dice u toj seriji: <a class=\"pdfcatal\" href=\"\/\/www.ceramictiles.com\/pdf\/aparici\/catalogue_mosaics_aparici.pdf\" onclick=\"recordOutboundLink(this, 'E-mail', 'Description PDF');return false;\">Aparici Aparici Mosaicos<\/a><\/p>\n<p>Da bi naru\u010dili model iz PDF kataloga ove serije, molimo vas, da nas kontaktirate na: <a href=\"mailto:zo_mi@ceramictiles.com\" onclick=\"recordOutboundLink(this, 'E-mail', 'Description mail');return false;\">zo_mi@ceramictiles.com<\/a> ili nas pozovite na: For exact offer, PLS send us quantity and product you need with delivery address..<\/p>\n<p>Technical description: Metal mosaic 30&#215;30<\/p>\n","protected":false},"excerpt":{"rendered":"<p>Mozaik je debljine 6 mm, \u0161to ga \u010dini izuzetno tvrdim. Veli\u010dina mre\u017ee 30&#215;30 cm nakoju je pritvr\u0111en, omogu\u0107ava pritvr\u0111ivanje na razli\u010dite povr\u0161ine. Veoma moderan mozaik, dominantne srebrne boje, oboga\u0107uje savki prostor. Ovaj mozaik je proizveden od proizvo\u0111a\u010da Aparici, iz \u0160panije. Kliknite na ime serije za sve plo\u010dice u toj seriji: Aparici Aparici Mosaicos Da bi [&hellip;]<\/p>\n","protected":false},"featured_media":93678,"template":"","meta":[],"product_cat":[999773,440,400,999],"product_tag":[],"_links":{"self":[{"href":"https:\/\/www.keramika.com\/srbija\/wp-json\/wp\/v2\/product\/93677"}],"collection":[{"href":"https:\/\/www.keramika.com\/srbija\/wp-json\/wp\/v2\/product"}],"about":[{"href":"https:\/\/www.keramika.com\/srbija\/wp-json\/wp\/v2\/types\/product"}],"wp:featuredmedia":[{"embeddable":true,"href":"https:\/\/www.keramika.com\/srbija\/wp-json\/wp\/v2\/media\/93678"}],"wp:attachment":[{"href":"https:\/\/www.keramika.com\/srbija\/wp-json\/wp\/v2\/media?parent=93677"}],"wp:term":[{"taxonomy":"product_cat","embeddable":true,"href":"https:\/\/www.keramika.com\/srbija\/wp-json\/wp\/v2\/product_cat?post=93677"},{"taxonomy":"product_tag","embeddable":true,"href":"https:\/\/www.keramika.com\/srbija\/wp-json\/wp\/v2\/product_tag?post=93677"}],"curies":[{"name":"wp","href":"https:\/\/api.w.org\/{rel}","templated":true}]}}