{"id":93671,"date":"2017-07-02T05:17:29","date_gmt":"2017-07-02T05:17:29","guid":{"rendered":"http:\/\/www.ceramictiles.com\/srbija\/product\/aparici-mosaic-motion-white\/"},"modified":"2017-07-02T05:17:29","modified_gmt":"2017-07-02T05:17:29","slug":"aparici-mosaic-motion-white","status":"publish","type":"product","link":"https:\/\/www.keramika.com\/srbija\/aparici-mosaic-motion-white\/","title":{"rendered":"Aparici Mosaic Motion White"},"content":{"rendered":"<p>Mozaik je iz \u0160panije , koja je poznata u svetu kao jedan od najboljih proizvo\u0111a\u010da mozaik plo\u010dica. Mozaik plo\u010dice bele boje, su izuzetno tra\u017eene. Dimenzije mre\u017ee na koju je pritvr\u0111en mozaik je 30&#215;30 cm. Mre\u017ea omogu\u0107ava jednostavnu instalaciju. 6 mm debljina \u0107e zadovoljiti i najzahtevnije kupce.<\/p>\n<p>Kliknite na ime serije za sve plo\u010dice u toj seriji: <a class=\"pdfcatal\" href=\"\/\/www.ceramictiles.com\/pdf\/aparici\/catalogue_mosaics_aparici.pdf\" onclick=\"recordOutboundLink(this, 'E-mail', 'Description PDF');return false;\">Aparici Aparici Mosaicos<\/a><\/p>\n<p>Da bi naru\u010dili model iz PDF kataloga ove serije, molimo vas, da nas kontaktirate na: <a href=\"mailto:zo_mi@ceramictiles.com\" onclick=\"recordOutboundLink(this, 'E-mail', 'Description mail');return false;\">zo_mi@ceramictiles.com<\/a> ili nas pozovite na: For exact offer, PLS send us quantity and product you need with delivery address..<\/p>\n<p>Technical description: Natural stone mosaic 30.5&#215;30.5<\/p>\n","protected":false},"excerpt":{"rendered":"<p>Mozaik je iz \u0160panije , koja je poznata u svetu kao jedan od najboljih proizvo\u0111a\u010da mozaik plo\u010dica. Mozaik plo\u010dice bele boje, su izuzetno tra\u017eene. Dimenzije mre\u017ee na koju je pritvr\u0111en mozaik je 30&#215;30 cm. Mre\u017ea omogu\u0107ava jednostavnu instalaciju. 6 mm debljina \u0107e zadovoljiti i najzahtevnije kupce. Kliknite na ime serije za sve plo\u010dice u toj [&hellip;]<\/p>\n","protected":false},"featured_media":93672,"template":"","meta":[],"product_cat":[999773,420,400,999],"product_tag":[],"_links":{"self":[{"href":"https:\/\/www.keramika.com\/srbija\/wp-json\/wp\/v2\/product\/93671"}],"collection":[{"href":"https:\/\/www.keramika.com\/srbija\/wp-json\/wp\/v2\/product"}],"about":[{"href":"https:\/\/www.keramika.com\/srbija\/wp-json\/wp\/v2\/types\/product"}],"wp:featuredmedia":[{"embeddable":true,"href":"https:\/\/www.keramika.com\/srbija\/wp-json\/wp\/v2\/media\/93672"}],"wp:attachment":[{"href":"https:\/\/www.keramika.com\/srbija\/wp-json\/wp\/v2\/media?parent=93671"}],"wp:term":[{"taxonomy":"product_cat","embeddable":true,"href":"https:\/\/www.keramika.com\/srbija\/wp-json\/wp\/v2\/product_cat?post=93671"},{"taxonomy":"product_tag","embeddable":true,"href":"https:\/\/www.keramika.com\/srbija\/wp-json\/wp\/v2\/product_tag?post=93671"}],"curies":[{"name":"wp","href":"https:\/\/api.w.org\/{rel}","templated":true}]}}