{"id":93663,"date":"2017-07-02T05:16:07","date_gmt":"2017-07-02T05:16:07","guid":{"rendered":"http:\/\/www.ceramictiles.com\/srbija\/product\/aparici-mosaic-motion-small-grey\/"},"modified":"2017-07-02T05:16:07","modified_gmt":"2017-07-02T05:16:07","slug":"aparici-mosaic-motion-small-grey","status":"publish","type":"product","link":"https:\/\/www.keramika.com\/srbija\/aparici-mosaic-motion-small-grey\/","title":{"rendered":"Aparici Mosaic Motion Small Grey"},"content":{"rendered":"<p>Aparici Mosaic Motion Small Grey dolazi iz \u0160panije, koja je poznata po vrlo visokoj kvaliteta keramike u svetu. Mozaik je pritvr\u0111en na mre\u017eu, \u0161to olak\u0161ava njegovu ugradnju. Veli\u010dina mre\u017ee je 30&#215;30 cm , te je pogodan je za razli\u010dite povr\u0161ine. Ove lepe, mozaik plo\u010dice sive boje, \u0107e obogatiti svaki prostor. Debljina plo\u010dice je vrlo va\u017ena, 6 mm &#8211; mozaik spada me\u0111u najkvalitetnije.<\/p>\n<p>Kliknite na ime serije za sve plo\u010dice u toj seriji: <a class=\"pdfcatal\" href=\"\/\/www.ceramictiles.com\/pdf\/aparici\/catalogue_mosaics_aparici.pdf\" onclick=\"recordOutboundLink(this, 'E-mail', 'Description PDF');return false;\">Aparici Aparici Mosaicos<\/a><\/p>\n<p>Da bi naru\u010dili model iz PDF kataloga ove serije, molimo vas, da nas kontaktirate na: <a href=\"mailto:zo_mi@ceramictiles.com\" onclick=\"recordOutboundLink(this, 'E-mail', 'Description mail');return false;\">zo_mi@ceramictiles.com<\/a> ili nas pozovite na: For exact offer, PLS send us quantity and product you need with delivery address..<\/p>\n<p>Technical description: Natural stone mosaic 30.5&#215;30.5<\/p>\n","protected":false},"excerpt":{"rendered":"<p>Aparici Mosaic Motion Small Grey dolazi iz \u0160panije, koja je poznata po vrlo visokoj kvaliteta keramike u svetu. Mozaik je pritvr\u0111en na mre\u017eu, \u0161to olak\u0161ava njegovu ugradnju. Veli\u010dina mre\u017ee je 30&#215;30 cm , te je pogodan je za razli\u010dite povr\u0161ine. Ove lepe, mozaik plo\u010dice sive boje, \u0107e obogatiti svaki prostor. Debljina plo\u010dice je vrlo va\u017ena, [&hellip;]<\/p>\n","protected":false},"featured_media":93664,"template":"","meta":[],"product_cat":[999773,420,400,999],"product_tag":[],"_links":{"self":[{"href":"https:\/\/www.keramika.com\/srbija\/wp-json\/wp\/v2\/product\/93663"}],"collection":[{"href":"https:\/\/www.keramika.com\/srbija\/wp-json\/wp\/v2\/product"}],"about":[{"href":"https:\/\/www.keramika.com\/srbija\/wp-json\/wp\/v2\/types\/product"}],"wp:featuredmedia":[{"embeddable":true,"href":"https:\/\/www.keramika.com\/srbija\/wp-json\/wp\/v2\/media\/93664"}],"wp:attachment":[{"href":"https:\/\/www.keramika.com\/srbija\/wp-json\/wp\/v2\/media?parent=93663"}],"wp:term":[{"taxonomy":"product_cat","embeddable":true,"href":"https:\/\/www.keramika.com\/srbija\/wp-json\/wp\/v2\/product_cat?post=93663"},{"taxonomy":"product_tag","embeddable":true,"href":"https:\/\/www.keramika.com\/srbija\/wp-json\/wp\/v2\/product_tag?post=93663"}],"curies":[{"name":"wp","href":"https:\/\/api.w.org\/{rel}","templated":true}]}}