{"id":93625,"date":"2017-07-02T05:09:48","date_gmt":"2017-07-02T05:09:48","guid":{"rendered":"http:\/\/www.ceramictiles.com\/srbija\/product\/aparici-mosaic-faun-rosso\/"},"modified":"2017-07-02T05:09:48","modified_gmt":"2017-07-02T05:09:48","slug":"aparici-mosaic-faun-rosso","status":"publish","type":"product","link":"https:\/\/www.keramika.com\/srbija\/aparici-mosaic-faun-rosso\/","title":{"rendered":"Aparici Mosaic Faun Rosso"},"content":{"rendered":"<p>Aparici Mosaic Faun Rosso dolazi iz \u0160panije, koja je poznata po vrlo visokoj kvaliteta keramike u svetu. Ovaj mozaik je dostupan u prekrasnoj roze dominantnoj boji. Ako \u017eelite da razli\u010dite boje kontaktirajte nas i mi \u0107emo proveriti kod proizvo\u0111a\u010da. Mozaik je debljine 6 mm, \u0161to ga \u010dini izuzetno tvrdim. Mozaik plo\u010dice su na mre\u017ei, \u0161to olak\u0161ava njegovu instalaciju. Veli\u010dina mre\u017ee je 30&#215;30 cm.<\/p>\n<p>Kliknite na ime serije za sve plo\u010dice u toj seriji: <a class=\"pdfcatal\" href=\"\/\/www.ceramictiles.com\/pdf\/aparici\/catalogue_mosaics_aparici.pdf\" onclick=\"recordOutboundLink(this, 'E-mail', 'Description PDF');return false;\">Aparici Aparici Mosaicos<\/a><\/p>\n<p>Da bi naru\u010dili model iz PDF kataloga ove serije, molimo vas, da nas kontaktirate na: <a href=\"mailto:zo_mi@ceramictiles.com\" onclick=\"recordOutboundLink(this, 'E-mail', 'Description mail');return false;\">zo_mi@ceramictiles.com<\/a> ili nas pozovite na: For exact offer, PLS send us quantity and product you need with delivery address..<\/p>\n<p>Technical description: Natural stone mosaic 30&#215;30<\/p>\n","protected":false},"excerpt":{"rendered":"<p>Aparici Mosaic Faun Rosso dolazi iz \u0160panije, koja je poznata po vrlo visokoj kvaliteta keramike u svetu. Ovaj mozaik je dostupan u prekrasnoj roze dominantnoj boji. Ako \u017eelite da razli\u010dite boje kontaktirajte nas i mi \u0107emo proveriti kod proizvo\u0111a\u010da. Mozaik je debljine 6 mm, \u0161to ga \u010dini izuzetno tvrdim. Mozaik plo\u010dice su na mre\u017ei, \u0161to [&hellip;]<\/p>\n","protected":false},"featured_media":93626,"template":"","meta":[],"product_cat":[999773,420,400,999],"product_tag":[],"_links":{"self":[{"href":"https:\/\/www.keramika.com\/srbija\/wp-json\/wp\/v2\/product\/93625"}],"collection":[{"href":"https:\/\/www.keramika.com\/srbija\/wp-json\/wp\/v2\/product"}],"about":[{"href":"https:\/\/www.keramika.com\/srbija\/wp-json\/wp\/v2\/types\/product"}],"wp:featuredmedia":[{"embeddable":true,"href":"https:\/\/www.keramika.com\/srbija\/wp-json\/wp\/v2\/media\/93626"}],"wp:attachment":[{"href":"https:\/\/www.keramika.com\/srbija\/wp-json\/wp\/v2\/media?parent=93625"}],"wp:term":[{"taxonomy":"product_cat","embeddable":true,"href":"https:\/\/www.keramika.com\/srbija\/wp-json\/wp\/v2\/product_cat?post=93625"},{"taxonomy":"product_tag","embeddable":true,"href":"https:\/\/www.keramika.com\/srbija\/wp-json\/wp\/v2\/product_tag?post=93625"}],"curies":[{"name":"wp","href":"https:\/\/api.w.org\/{rel}","templated":true}]}}