{"id":93621,"date":"2017-07-02T05:09:08","date_gmt":"2017-07-02T05:09:08","guid":{"rendered":"http:\/\/www.ceramictiles.com\/srbija\/product\/aparici-mosaic-faun-grey\/"},"modified":"2017-07-02T05:09:08","modified_gmt":"2017-07-02T05:09:08","slug":"aparici-mosaic-faun-grey","status":"publish","type":"product","link":"https:\/\/www.keramika.com\/srbija\/aparici-mosaic-faun-grey\/","title":{"rendered":"Aparici Mosaic Faun Grey"},"content":{"rendered":"<p>Ovaj mozaik je proizveden od proizvo\u0111a\u010da Aparici, iz \u0160panije. Debljina od 6 mm ovog mozaika ga \u010dini vrlo izdr\u017eljivim i prijatnim na dodir. Plo\u010dice sive boje osvje\u017eit \u0107e svaki prostor. Dimenzije mre\u017ee na koju je pritvr\u0111en mozaik je 30&#215;30 cm. Mre\u017ea omogu\u0107ava jednostavnu instalaciju.<\/p>\n<p>Kliknite na ime serije za sve plo\u010dice u toj seriji: <a class=\"pdfcatal\" href=\"\/\/www.ceramictiles.com\/pdf\/aparici\/catalogue_mosaics_aparici.pdf\" onclick=\"recordOutboundLink(this, 'E-mail', 'Description PDF');return false;\">Aparici Aparici Mosaicos<\/a><\/p>\n<p>Da bi naru\u010dili model iz PDF kataloga ove serije, molimo vas, da nas kontaktirate na: <a href=\"mailto:zo_mi@ceramictiles.com\" onclick=\"recordOutboundLink(this, 'E-mail', 'Description mail');return false;\">zo_mi@ceramictiles.com<\/a> ili nas pozovite na: For exact offer, PLS send us quantity and product you need with delivery address..<\/p>\n<p>Technical description: Natural stone mosaic 30&#215;30<\/p>\n","protected":false},"excerpt":{"rendered":"<p>Ovaj mozaik je proizveden od proizvo\u0111a\u010da Aparici, iz \u0160panije. Debljina od 6 mm ovog mozaika ga \u010dini vrlo izdr\u017eljivim i prijatnim na dodir. Plo\u010dice sive boje osvje\u017eit \u0107e svaki prostor. Dimenzije mre\u017ee na koju je pritvr\u0111en mozaik je 30&#215;30 cm. Mre\u017ea omogu\u0107ava jednostavnu instalaciju. Kliknite na ime serije za sve plo\u010dice u toj seriji: Aparici [&hellip;]<\/p>\n","protected":false},"featured_media":93622,"template":"","meta":[],"product_cat":[999773,420,400,999],"product_tag":[],"_links":{"self":[{"href":"https:\/\/www.keramika.com\/srbija\/wp-json\/wp\/v2\/product\/93621"}],"collection":[{"href":"https:\/\/www.keramika.com\/srbija\/wp-json\/wp\/v2\/product"}],"about":[{"href":"https:\/\/www.keramika.com\/srbija\/wp-json\/wp\/v2\/types\/product"}],"wp:featuredmedia":[{"embeddable":true,"href":"https:\/\/www.keramika.com\/srbija\/wp-json\/wp\/v2\/media\/93622"}],"wp:attachment":[{"href":"https:\/\/www.keramika.com\/srbija\/wp-json\/wp\/v2\/media?parent=93621"}],"wp:term":[{"taxonomy":"product_cat","embeddable":true,"href":"https:\/\/www.keramika.com\/srbija\/wp-json\/wp\/v2\/product_cat?post=93621"},{"taxonomy":"product_tag","embeddable":true,"href":"https:\/\/www.keramika.com\/srbija\/wp-json\/wp\/v2\/product_tag?post=93621"}],"curies":[{"name":"wp","href":"https:\/\/api.w.org\/{rel}","templated":true}]}}