{"id":93607,"date":"2017-07-02T05:06:40","date_gmt":"2017-07-02T05:06:40","guid":{"rendered":"http:\/\/www.ceramictiles.com\/srbija\/product\/aparici-mosaic-eliptic-aqua\/"},"modified":"2017-07-02T05:06:40","modified_gmt":"2017-07-02T05:06:40","slug":"aparici-mosaic-eliptic-aqua","status":"publish","type":"product","link":"https:\/\/www.keramika.com\/srbija\/aparici-mosaic-eliptic-aqua\/","title":{"rendered":"Aparici Mosaic Eliptic Aqua"},"content":{"rendered":"<p>Mozaik je iz \u0160panije , koja je poznata u svetu kao jedan od najboljih proizvo\u0111a\u010da mozaik plo\u010dica. Veli\u010dina 30&#215;30 cm mre\u017ee, na koju su pritvr\u0111ene mozaik plo\u010dice, je odli\u010dna za pokrivanje povr\u0161ine. Prilikom izbora mozaika u glavnom bele boji ne\u0107ete pogre\u0161iti Ovaj mozaik je 6 mm, te je vrlo je izdr\u017eljiv.<\/p>\n<p>Kliknite na ime serije za sve plo\u010dice u toj seriji: <a class=\"pdfcatal\" href=\"\/\/www.ceramictiles.com\/pdf\/aparici\/catalogue_mosaics_aparici.pdf\" onclick=\"recordOutboundLink(this, 'E-mail', 'Description PDF');return false;\">Aparici Aparici Mosaicos<\/a><\/p>\n<p>Da bi naru\u010dili model iz PDF kataloga ove serije, molimo vas, da nas kontaktirate na: <a href=\"mailto:zo_mi@ceramictiles.com\" onclick=\"recordOutboundLink(this, 'E-mail', 'Description mail');return false;\">zo_mi@ceramictiles.com<\/a> ili nas pozovite na: For exact offer, PLS send us quantity and product you need with delivery address..<\/p>\n<p>Technical description: Glass mosaic 28&#215;29<\/p>\n","protected":false},"excerpt":{"rendered":"<p>Mozaik je iz \u0160panije , koja je poznata u svetu kao jedan od najboljih proizvo\u0111a\u010da mozaik plo\u010dica. Veli\u010dina 30&#215;30 cm mre\u017ee, na koju su pritvr\u0111ene mozaik plo\u010dice, je odli\u010dna za pokrivanje povr\u0161ine. Prilikom izbora mozaika u glavnom bele boji ne\u0107ete pogre\u0161iti Ovaj mozaik je 6 mm, te je vrlo je izdr\u017eljiv. Kliknite na ime serije [&hellip;]<\/p>\n","protected":false},"featured_media":93608,"template":"","meta":[],"product_cat":[999773,400,999,410],"product_tag":[],"_links":{"self":[{"href":"https:\/\/www.keramika.com\/srbija\/wp-json\/wp\/v2\/product\/93607"}],"collection":[{"href":"https:\/\/www.keramika.com\/srbija\/wp-json\/wp\/v2\/product"}],"about":[{"href":"https:\/\/www.keramika.com\/srbija\/wp-json\/wp\/v2\/types\/product"}],"wp:featuredmedia":[{"embeddable":true,"href":"https:\/\/www.keramika.com\/srbija\/wp-json\/wp\/v2\/media\/93608"}],"wp:attachment":[{"href":"https:\/\/www.keramika.com\/srbija\/wp-json\/wp\/v2\/media?parent=93607"}],"wp:term":[{"taxonomy":"product_cat","embeddable":true,"href":"https:\/\/www.keramika.com\/srbija\/wp-json\/wp\/v2\/product_cat?post=93607"},{"taxonomy":"product_tag","embeddable":true,"href":"https:\/\/www.keramika.com\/srbija\/wp-json\/wp\/v2\/product_tag?post=93607"}],"curies":[{"name":"wp","href":"https:\/\/api.w.org\/{rel}","templated":true}]}}