{"id":93601,"date":"2017-07-02T05:05:38","date_gmt":"2017-07-02T05:05:38","guid":{"rendered":"http:\/\/www.ceramictiles.com\/srbija\/product\/aparici-mosaic-daily-yellow\/"},"modified":"2017-07-02T05:05:38","modified_gmt":"2017-07-02T05:05:38","slug":"aparici-mosaic-daily-yellow","status":"publish","type":"product","link":"https:\/\/www.keramika.com\/srbija\/aparici-mosaic-daily-yellow\/","title":{"rendered":"Aparici Mosaic Daily Yellow"},"content":{"rendered":"<p>Mozaik plo\u010dice \u017eute boje, su izuzetno tra\u017eene. Debljina plo\u010dice je vrlo va\u017ena, 6 mm &#8211; mozaik spada me\u0111u najkvalitetnije. Aparici Mosaic Daily Yellow je proizvod iz \u0160panije te je izuzetno kvalitetna. Veli\u010dina 30&#215;30 cm mre\u017ee, na koju su pritvr\u0111ene mozaik plo\u010dice, je odli\u010dna za pokrivanje povr\u0161ine.<\/p>\n<p>Kliknite na ime serije za sve plo\u010dice u toj seriji: <a class=\"pdfcatal\" href=\"\/\/www.ceramictiles.com\/pdf\/aparici\/catalogue_mosaics_aparici.pdf\" onclick=\"recordOutboundLink(this, 'E-mail', 'Description PDF');return false;\">Aparici Aparici Mosaicos<\/a><\/p>\n<p>Da bi naru\u010dili model iz PDF kataloga ove serije, molimo vas, da nas kontaktirate na: <a href=\"mailto:zo_mi@ceramictiles.com\" onclick=\"recordOutboundLink(this, 'E-mail', 'Description mail');return false;\">zo_mi@ceramictiles.com<\/a> ili nas pozovite na: For exact offer, PLS send us quantity and product you need with delivery address..<\/p>\n<p>Technical description: Glass mosaic 31&#215;31<\/p>\n","protected":false},"excerpt":{"rendered":"<p>Mozaik plo\u010dice \u017eute boje, su izuzetno tra\u017eene. Debljina plo\u010dice je vrlo va\u017ena, 6 mm &#8211; mozaik spada me\u0111u najkvalitetnije. Aparici Mosaic Daily Yellow je proizvod iz \u0160panije te je izuzetno kvalitetna. Veli\u010dina 30&#215;30 cm mre\u017ee, na koju su pritvr\u0111ene mozaik plo\u010dice, je odli\u010dna za pokrivanje povr\u0161ine. Kliknite na ime serije za sve plo\u010dice u toj [&hellip;]<\/p>\n","protected":false},"featured_media":93602,"template":"","meta":[],"product_cat":[999773,400,999,410],"product_tag":[],"_links":{"self":[{"href":"https:\/\/www.keramika.com\/srbija\/wp-json\/wp\/v2\/product\/93601"}],"collection":[{"href":"https:\/\/www.keramika.com\/srbija\/wp-json\/wp\/v2\/product"}],"about":[{"href":"https:\/\/www.keramika.com\/srbija\/wp-json\/wp\/v2\/types\/product"}],"wp:featuredmedia":[{"embeddable":true,"href":"https:\/\/www.keramika.com\/srbija\/wp-json\/wp\/v2\/media\/93602"}],"wp:attachment":[{"href":"https:\/\/www.keramika.com\/srbija\/wp-json\/wp\/v2\/media?parent=93601"}],"wp:term":[{"taxonomy":"product_cat","embeddable":true,"href":"https:\/\/www.keramika.com\/srbija\/wp-json\/wp\/v2\/product_cat?post=93601"},{"taxonomy":"product_tag","embeddable":true,"href":"https:\/\/www.keramika.com\/srbija\/wp-json\/wp\/v2\/product_tag?post=93601"}],"curies":[{"name":"wp","href":"https:\/\/api.w.org\/{rel}","templated":true}]}}