{"id":93591,"date":"2017-07-02T05:03:51","date_gmt":"2017-07-02T05:03:51","guid":{"rendered":"http:\/\/www.ceramictiles.com\/srbija\/product\/aparici-mosaic-daily-black\/"},"modified":"2017-07-02T05:03:51","modified_gmt":"2017-07-02T05:03:51","slug":"aparici-mosaic-daily-black","status":"publish","type":"product","link":"https:\/\/www.keramika.com\/srbija\/aparici-mosaic-daily-black\/","title":{"rendered":"Aparici Mosaic Daily Black"},"content":{"rendered":"<p>6 mm debljine je dovoljno za zahtevnije kupce. Veli\u010dina 30&#215;30 cm mre\u017ee, na koju su pritvr\u0111ene mozaik plo\u010dice, je odli\u010dna za pokrivanje povr\u0161ine. Ovaj mozaik je proizveden od proizvo\u0111a\u010da Aparici, iz \u0160panije. Mozaik plo\u010dice crne boje, su izuzetno tra\u017eene.<\/p>\n<p>Kliknite na ime serije za sve plo\u010dice u toj seriji: <a class=\"pdfcatal\" href=\"\/\/www.ceramictiles.com\/pdf\/aparici\/catalogue_mosaics_aparici.pdf\" onclick=\"recordOutboundLink(this, 'E-mail', 'Description PDF');return false;\">Aparici Aparici Mosaicos<\/a><\/p>\n<p>Da bi naru\u010dili model iz PDF kataloga ove serije, molimo vas, da nas kontaktirate na: <a href=\"mailto:zo_mi@ceramictiles.com\" onclick=\"recordOutboundLink(this, 'E-mail', 'Description mail');return false;\">zo_mi@ceramictiles.com<\/a> ili nas pozovite na: For exact offer, PLS send us quantity and product you need with delivery address..<\/p>\n<p>Technical description: Glass mosaic 31&#215;31<\/p>\n","protected":false},"excerpt":{"rendered":"<p>6 mm debljine je dovoljno za zahtevnije kupce. Veli\u010dina 30&#215;30 cm mre\u017ee, na koju su pritvr\u0111ene mozaik plo\u010dice, je odli\u010dna za pokrivanje povr\u0161ine. Ovaj mozaik je proizveden od proizvo\u0111a\u010da Aparici, iz \u0160panije. Mozaik plo\u010dice crne boje, su izuzetno tra\u017eene. Kliknite na ime serije za sve plo\u010dice u toj seriji: Aparici Aparici Mosaicos Da bi naru\u010dili [&hellip;]<\/p>\n","protected":false},"featured_media":93592,"template":"","meta":[],"product_cat":[999773,400,999,410],"product_tag":[],"_links":{"self":[{"href":"https:\/\/www.keramika.com\/srbija\/wp-json\/wp\/v2\/product\/93591"}],"collection":[{"href":"https:\/\/www.keramika.com\/srbija\/wp-json\/wp\/v2\/product"}],"about":[{"href":"https:\/\/www.keramika.com\/srbija\/wp-json\/wp\/v2\/types\/product"}],"wp:featuredmedia":[{"embeddable":true,"href":"https:\/\/www.keramika.com\/srbija\/wp-json\/wp\/v2\/media\/93592"}],"wp:attachment":[{"href":"https:\/\/www.keramika.com\/srbija\/wp-json\/wp\/v2\/media?parent=93591"}],"wp:term":[{"taxonomy":"product_cat","embeddable":true,"href":"https:\/\/www.keramika.com\/srbija\/wp-json\/wp\/v2\/product_cat?post=93591"},{"taxonomy":"product_tag","embeddable":true,"href":"https:\/\/www.keramika.com\/srbija\/wp-json\/wp\/v2\/product_tag?post=93591"}],"curies":[{"name":"wp","href":"https:\/\/api.w.org\/{rel}","templated":true}]}}