{"id":93547,"date":"2017-07-02T04:56:15","date_gmt":"2017-07-02T04:56:15","guid":{"rendered":"http:\/\/www.ceramictiles.com\/srbija\/product\/aparici-mosaic-brick-inox\/"},"modified":"2017-07-02T04:56:15","modified_gmt":"2017-07-02T04:56:15","slug":"aparici-mosaic-brick-inox","status":"publish","type":"product","link":"https:\/\/www.keramika.com\/srbija\/aparici-mosaic-brick-inox\/","title":{"rendered":"Aparici Mosaic Brick Inox"},"content":{"rendered":"<p>Debljina od 6 mm ovog mozaika ga \u010dini vrlo izdr\u017eljivim i prijatnim na dodir. Veli\u010dina 30&#215;30 cm mre\u017ee, na koju su pritvr\u0111ene mozaik plo\u010dice, je odli\u010dna za pokrivanje povr\u0161ine. Aparici Mosaic Brick Inox je proizvod iz \u0160panije te je izuzetno kvalitetna. Veoma moderan mozaik, dominantne srebrne boje, oboga\u0107uje savki prostor.<\/p>\n<p>Kliknite na ime serije za sve plo\u010dice u toj seriji: <a class=\"pdfcatal\" href=\"\/\/www.ceramictiles.com\/pdf\/aparici\/catalogue_mosaics_aparici.pdf\" onclick=\"recordOutboundLink(this, 'E-mail', 'Description PDF');return false;\">Aparici Aparici Mosaicos<\/a><\/p>\n<p>Da bi naru\u010dili model iz PDF kataloga ove serije, molimo vas, da nas kontaktirate na: <a href=\"mailto:zo_mi@ceramictiles.com\" onclick=\"recordOutboundLink(this, 'E-mail', 'Description mail');return false;\">zo_mi@ceramictiles.com<\/a> ili nas pozovite na: For exact offer, PLS send us quantity and product you need with delivery address..<\/p>\n<p>Technical description: Metal mosaic 30&#215;30.6<\/p>\n","protected":false},"excerpt":{"rendered":"<p>Debljina od 6 mm ovog mozaika ga \u010dini vrlo izdr\u017eljivim i prijatnim na dodir. Veli\u010dina 30&#215;30 cm mre\u017ee, na koju su pritvr\u0111ene mozaik plo\u010dice, je odli\u010dna za pokrivanje povr\u0161ine. Aparici Mosaic Brick Inox je proizvod iz \u0160panije te je izuzetno kvalitetna. Veoma moderan mozaik, dominantne srebrne boje, oboga\u0107uje savki prostor. Kliknite na ime serije za [&hellip;]<\/p>\n","protected":false},"featured_media":93548,"template":"","meta":[],"product_cat":[999773,440,400,999],"product_tag":[],"_links":{"self":[{"href":"https:\/\/www.keramika.com\/srbija\/wp-json\/wp\/v2\/product\/93547"}],"collection":[{"href":"https:\/\/www.keramika.com\/srbija\/wp-json\/wp\/v2\/product"}],"about":[{"href":"https:\/\/www.keramika.com\/srbija\/wp-json\/wp\/v2\/types\/product"}],"wp:featuredmedia":[{"embeddable":true,"href":"https:\/\/www.keramika.com\/srbija\/wp-json\/wp\/v2\/media\/93548"}],"wp:attachment":[{"href":"https:\/\/www.keramika.com\/srbija\/wp-json\/wp\/v2\/media?parent=93547"}],"wp:term":[{"taxonomy":"product_cat","embeddable":true,"href":"https:\/\/www.keramika.com\/srbija\/wp-json\/wp\/v2\/product_cat?post=93547"},{"taxonomy":"product_tag","embeddable":true,"href":"https:\/\/www.keramika.com\/srbija\/wp-json\/wp\/v2\/product_tag?post=93547"}],"curies":[{"name":"wp","href":"https:\/\/api.w.org\/{rel}","templated":true}]}}