{"id":93527,"date":"2017-07-02T04:53:04","date_gmt":"2017-07-02T04:53:04","guid":{"rendered":"http:\/\/www.ceramictiles.com\/srbija\/product\/habitat-keramika-star-blanco\/"},"modified":"2026-01-03T00:01:24","modified_gmt":"2026-01-03T00:01:24","slug":"habitat-keramika-star-blanco","status":"publish","type":"product","link":"https:\/\/www.keramika.com\/srbija\/habitat-keramika-star-blanco\/","title":{"rendered":"Habitat keramika Star Blanco"},"content":{"rendered":"<p>Habitat Star Blanco je proizvod iz \u0160panije te je izuzetno kvalitetna. 9 mm debljina \u0107e zadovoljiti i najzahtevnije kupce. Plo\u010dice bele boje, su letos izuzetno tre\u017eene. Veli\u010dina plo\u010dice je 31,6&#215;95,3 cm i odli\u010dna je za razli\u010dite povr\u0161ine. Umesto 5005,95 RSD \u0161to je redovna maloprodajna cena keramike, u na\u0161oj online prodavnici, je mo\u017eete dobiti za samo 4005,45 RSD.<\/p>\n<p>Kliknite na ime serije za sve plo\u010dice u toj seriji: <a class=\"pdfcatal\" href=\"\/\/www.ceramictiles.com\/pdf\/habitat\/catalogue_habitat_star.pdf\" onclick=\"recordOutboundLink(this, 'E-mail', 'Description PDF');return false;\">Habitat ceramics Star<\/a><\/p>\n<p>Da bi naru\u010dili model iz PDF kataloga ove serije, molimo vas, da nas kontaktirate na: <a href=\"mailto:zo_mi@ceramictiles.com\" onclick=\"recordOutboundLink(this, 'E-mail', 'Description mail');return false;\">zo_mi@ceramictiles.com<\/a> ili nas pozovite na: For exact offer, PLS send us quantity and product you need with delivery address..<\/p>\n","protected":false},"excerpt":{"rendered":"<p>Habitat Star Blanco je proizvod iz \u0160panije te je izuzetno kvalitetna. 9 mm debljina \u0107e zadovoljiti i najzahtevnije kupce. Plo\u010dice bele boje, su letos izuzetno tre\u017eene. Veli\u010dina plo\u010dice je 31,6&#215;95,3 cm i odli\u010dna je za razli\u010dite povr\u0161ine. Umesto 5005,95 RSD \u0161to je redovna maloprodajna cena keramike, u na\u0161oj online prodavnici, je mo\u017eete dobiti za samo [&hellip;]<\/p>\n","protected":false},"featured_media":93528,"template":"","meta":[],"product_cat":[99921440,200,240,260,999,290,250],"product_tag":[],"_links":{"self":[{"href":"https:\/\/www.keramika.com\/srbija\/wp-json\/wp\/v2\/product\/93527"}],"collection":[{"href":"https:\/\/www.keramika.com\/srbija\/wp-json\/wp\/v2\/product"}],"about":[{"href":"https:\/\/www.keramika.com\/srbija\/wp-json\/wp\/v2\/types\/product"}],"wp:featuredmedia":[{"embeddable":true,"href":"https:\/\/www.keramika.com\/srbija\/wp-json\/wp\/v2\/media\/93528"}],"wp:attachment":[{"href":"https:\/\/www.keramika.com\/srbija\/wp-json\/wp\/v2\/media?parent=93527"}],"wp:term":[{"taxonomy":"product_cat","embeddable":true,"href":"https:\/\/www.keramika.com\/srbija\/wp-json\/wp\/v2\/product_cat?post=93527"},{"taxonomy":"product_tag","embeddable":true,"href":"https:\/\/www.keramika.com\/srbija\/wp-json\/wp\/v2\/product_tag?post=93527"}],"curies":[{"name":"wp","href":"https:\/\/api.w.org\/{rel}","templated":true}]}}