{"id":93521,"date":"2017-07-02T04:52:09","date_gmt":"2017-07-02T04:52:09","guid":{"rendered":"http:\/\/www.ceramictiles.com\/srbija\/product\/habitat-keramika-partenon-nuez\/"},"modified":"2026-01-03T00:01:23","modified_gmt":"2026-01-03T00:01:23","slug":"habitat-keramika-partenon-nuez","status":"publish","type":"product","link":"https:\/\/www.keramika.com\/srbija\/habitat-keramika-partenon-nuez\/","title":{"rendered":"Habitat keramika Partenon Nuez"},"content":{"rendered":"<p>10 mm debljina \u0107e zadovoljiti i najzahtevnije kupce. Plo\u010dica na sliki je 50&#215;100 cm. Habitat Partenon Nuez je dostupna po vrlo povoljnim cenama 3752,45 RSD. Plo\u010dice be\u017e boje osvje\u017eit \u0107e svaki prostor. Habitat Partenon Nuez dolazi iz \u0160panije, koja je poznata po vrlo visokoj kvaliteta keramike u svetu.<\/p>\n<p>Kliknite na ime serije za sve plo\u010dice u toj seriji: <a class=\"pdfcatal\" href=\"\/\/www.ceramictiles.com\/pdf\/habitat\/catalogue_habitat_partenon.pdf\" onclick=\"recordOutboundLink(this, 'E-mail', 'Description PDF');return false;\">Habitat ceramics Partenon<\/a><\/p>\n<p>Da bi naru\u010dili model iz PDF kataloga ove serije, molimo vas, da nas kontaktirate na: <a href=\"mailto:zo_mi@ceramictiles.com\" onclick=\"recordOutboundLink(this, 'E-mail', 'Description mail');return false;\">zo_mi@ceramictiles.com<\/a> ili nas pozovite na: For exact offer, PLS send us quantity and product you need with delivery address..<\/p>\n<p>Technical description: <br \/>Matt tiles &#8211; W 25&#215;75 ; F 60&#215;60 ; 50&#215;100 ;  <br \/>Partenon Ivory ; Partenon Beige ; Partenon Nuez ;  <\/p>\n<p><\/p>\n<div style=\"height: 150px;\"><\/p>\n<div class=\"photo\" style=\"padding:0px;margin:0px;\" ><a href=\"#productimage66\"><img loading=\"lazy\" class=\"aligncenter\" src=\"https:\/\/www.ceramictiles.com\/images\/habitat\/partenon-10x25-beige-cenefa.jpg\" alt=\" width=\"100\" height=\"150\" \/><\/a><\/div>\n<p><\/p>\n<div class=\"photo\" style=\"padding:0px;margin:0px;\" ><a href=\"#productimage67\"><img loading=\"lazy\" class=\"aligncenter\" src=\"https:\/\/www.ceramictiles.com\/images\/habitat\/partenon-10x25-nuez-cenefa.jpg\" alt=\" width=\"100\" height=\"150\" \/><\/a><\/div>\n<p><\/p>\n<div class=\"photo\" style=\"padding:0px;margin:0px;\" ><a href=\"#productimage68\"><img loading=\"lazy\" class=\"aligncenter\" src=\"https:\/\/www.ceramictiles.com\/images\/habitat\/partenon-ambiente-60x60-habitat.jpg\" alt=\" width=\"100\" height=\"150\" \/><\/a><\/div>\n<p><\/p>\n<div class=\"photo\" style=\"padding:0px;margin:0px;\" ><a href=\"#productimage69\"><img loading=\"lazy\" class=\"aligncenter\" src=\"https:\/\/www.ceramictiles.com\/images\/habitat\/partenon-beige-25x75.jpg\" alt=\" width=\"100\" height=\"150\" \/><\/a><\/div>\n<p><\/p>\n<div class=\"photo\" style=\"padding:0px;margin:0px;\" ><a href=\"#productimage70\"><img loading=\"lazy\" class=\"aligncenter\" src=\"https:\/\/www.ceramictiles.com\/images\/habitat\/partenon-beige-liston-5x25.jpg\" alt=\" width=\"100\" height=\"150\" \/><\/a><\/div>\n<p><\/p>\n<div class=\"photo\" style=\"padding:0px;margin:0px;\" ><a href=\"#productimage71\"><img loading=\"lazy\" class=\"aligncenter\" src=\"https:\/\/www.ceramictiles.com\/images\/habitat\/partenon-ivory-25x75.jpg\" alt=\" width=\"100\" height=\"150\" \/><\/a><\/div>\n<p><\/p>\n<div class=\"photo\" style=\"padding:0px;margin:0px;\" ><a href=\"#productimage72\"><img loading=\"lazy\" class=\"aligncenter\" src=\"https:\/\/www.ceramictiles.com\/images\/habitat\/partenon-nuez-25x75.jpg\" alt=\" width=\"100\" height=\"150\" \/><\/a><\/div>\n<p><\/p>\n<div class=\"photo\" style=\"padding:0px;margin:0px;\" ><a href=\"#productimage73\"><img loading=\"lazy\" class=\"aligncenter\" src=\"https:\/\/www.ceramictiles.com\/images\/habitat\/partenon-nuez-liston-5x25.jpg\" alt=\" width=\"100\" height=\"150\" \/><\/a><\/div>\n<p><\/div>\n<p><\/p>\n<div style=\"display: none;\" id=\"productimage66\"> <img src=\"https:\/\/www.ceramictiles.com\/images\/habitat\/partenon-10x25-beige-cenefa.jpg\" alt=\"helmet\"> <\/div>\n<p><\/p>\n<div style=\"display: none;\" id=\"productimage67\"> <img src=\"https:\/\/www.ceramictiles.com\/images\/habitat\/partenon-10x25-nuez-cenefa.jpg\" alt=\"helmet\"> <\/div>\n<p><\/p>\n<div style=\"display: none;\" id=\"productimage68\"> <img src=\"https:\/\/www.ceramictiles.com\/images\/habitat\/partenon-ambiente-60x60-habitat.jpg\" alt=\"helmet\"> <\/div>\n<p><\/p>\n<div style=\"display: none;\" id=\"productimage69\"> <img src=\"https:\/\/www.ceramictiles.com\/images\/habitat\/partenon-beige-25x75.jpg\" alt=\"helmet\"> <\/div>\n<p><\/p>\n<div style=\"display: none;\" id=\"productimage70\"> <img src=\"https:\/\/www.ceramictiles.com\/images\/habitat\/partenon-beige-liston-5x25.jpg\" alt=\"helmet\"> <\/div>\n<p><\/p>\n<div style=\"display: none;\" id=\"productimage71\"> <img src=\"https:\/\/www.ceramictiles.com\/images\/habitat\/partenon-ivory-25x75.jpg\" alt=\"helmet\"> <\/div>\n<p><\/p>\n<div style=\"display: none;\" id=\"productimage72\"> <img src=\"https:\/\/www.ceramictiles.com\/images\/habitat\/partenon-nuez-25x75.jpg\" alt=\"helmet\"> <\/div>\n<p><\/p>\n<div style=\"display: none;\" id=\"productimage73\"> <img src=\"https:\/\/www.ceramictiles.com\/images\/habitat\/partenon-nuez-liston-5x25.jpg\" alt=\"helmet\"> <\/div>\n<p><\/p>\n","protected":false},"excerpt":{"rendered":"<p>10 mm debljina \u0107e zadovoljiti i najzahtevnije kupce. Plo\u010dica na sliki je 50&#215;100 cm. Habitat Partenon Nuez je dostupna po vrlo povoljnim cenama 3752,45 RSD. Plo\u010dice be\u017e boje osvje\u017eit \u0107e svaki prostor. Habitat Partenon Nuez dolazi iz \u0160panije, koja je poznata po vrlo visokoj kvaliteta keramike u svetu. Kliknite na ime serije za sve plo\u010dice [&hellip;]<\/p>\n","protected":false},"featured_media":93522,"template":"","meta":[],"product_cat":[99921440,200,240,260,999,290,250],"product_tag":[],"_links":{"self":[{"href":"https:\/\/www.keramika.com\/srbija\/wp-json\/wp\/v2\/product\/93521"}],"collection":[{"href":"https:\/\/www.keramika.com\/srbija\/wp-json\/wp\/v2\/product"}],"about":[{"href":"https:\/\/www.keramika.com\/srbija\/wp-json\/wp\/v2\/types\/product"}],"wp:featuredmedia":[{"embeddable":true,"href":"https:\/\/www.keramika.com\/srbija\/wp-json\/wp\/v2\/media\/93522"}],"wp:attachment":[{"href":"https:\/\/www.keramika.com\/srbija\/wp-json\/wp\/v2\/media?parent=93521"}],"wp:term":[{"taxonomy":"product_cat","embeddable":true,"href":"https:\/\/www.keramika.com\/srbija\/wp-json\/wp\/v2\/product_cat?post=93521"},{"taxonomy":"product_tag","embeddable":true,"href":"https:\/\/www.keramika.com\/srbija\/wp-json\/wp\/v2\/product_tag?post=93521"}],"curies":[{"name":"wp","href":"https:\/\/api.w.org\/{rel}","templated":true}]}}