{"id":93513,"date":"2017-07-02T04:50:53","date_gmt":"2017-07-02T04:50:53","guid":{"rendered":"http:\/\/www.ceramictiles.com\/srbija\/product\/habitat-keramika-mars-blanco\/"},"modified":"2026-01-03T00:01:22","modified_gmt":"2026-01-03T00:01:22","slug":"habitat-keramika-mars-blanco","status":"publish","type":"product","link":"https:\/\/www.keramika.com\/srbija\/habitat-keramika-mars-blanco\/","title":{"rendered":"Habitat keramika Mars Blanco"},"content":{"rendered":"<p>Ta kolekcija, model plo\u010dice, se prodaje najvi\u0161e bele boje. Habitat Mars Blanco je dostupna po vrlo povoljnim cenama 4005,45 RSD. Plo\u010dica 31,6&#215;95,3 cm je dobra za ve\u0107 razli\u010ditih namena. Ove plo\u010dice dolaze od proizvo\u0111a\u010da Habitat ceramics, iz \u0160panije. 9 mm debljine je dovoljno za zahtevnije kupce.<\/p>\n<p>Kliknite na ime serije za sve plo\u010dice u toj seriji: <a class=\"pdfcatal\" href=\"\/\/www.ceramictiles.com\/pdf\/habitat\/catalogue_habitat_mars.pdf\" onclick=\"recordOutboundLink(this, 'E-mail', 'Description PDF');return false;\">Habitat ceramics Mars<\/a><\/p>\n<p>Da bi naru\u010dili model iz PDF kataloga ove serije, molimo vas, da nas kontaktirate na: <a href=\"mailto:zo_mi@ceramictiles.com\" onclick=\"recordOutboundLink(this, 'E-mail', 'Description mail');return false;\">zo_mi@ceramictiles.com<\/a> ili nas pozovite na: For exact offer, PLS send us quantity and product you need with delivery address..<\/p>\n<p>Technical description: <br \/>Matt tiles &#8211; W 31,6&#215;95,3 <\/p>\n<div style=\"height: 150px;\"><\/p>\n<div class=\"photo\" style=\"padding:0px;margin:0px;\" ><a href=\"#productimage55\"><img loading=\"lazy\" class=\"aligncenter\" src=\"https:\/\/www.ceramictiles.com\/images\/habitat\/mars-decor-cocina1.jpg\" alt=\" width=\"100\" height=\"150\" \/><\/a><\/div>\n<p><\/p>\n<div class=\"photo\" style=\"padding:0px;margin:0px;\" ><a href=\"#productimage56\"><img loading=\"lazy\" class=\"aligncenter\" src=\"https:\/\/www.ceramictiles.com\/images\/habitat\/mars-decor-cocina2.jpg\" alt=\" width=\"100\" height=\"150\" \/><\/a><\/div>\n<p><\/div>\n<p><\/p>\n<div style=\"display: none;\" id=\"productimage55\"> <img src=\"https:\/\/www.ceramictiles.com\/images\/habitat\/mars-decor-cocina1.jpg\" alt=\"helmet\"> <\/div>\n<p><\/p>\n<div style=\"display: none;\" id=\"productimage56\"> <img src=\"https:\/\/www.ceramictiles.com\/images\/habitat\/mars-decor-cocina2.jpg\" alt=\"helmet\"> <\/div>\n<p><\/p>\n","protected":false},"excerpt":{"rendered":"<p>Ta kolekcija, model plo\u010dice, se prodaje najvi\u0161e bele boje. Habitat Mars Blanco je dostupna po vrlo povoljnim cenama 4005,45 RSD. Plo\u010dica 31,6&#215;95,3 cm je dobra za ve\u0107 razli\u010ditih namena. Ove plo\u010dice dolaze od proizvo\u0111a\u010da Habitat ceramics, iz \u0160panije. 9 mm debljine je dovoljno za zahtevnije kupce. Kliknite na ime serije za sve plo\u010dice u toj [&hellip;]<\/p>\n","protected":false},"featured_media":93514,"template":"","meta":[],"product_cat":[99921440,200,240,260,999,290,250],"product_tag":[],"_links":{"self":[{"href":"https:\/\/www.keramika.com\/srbija\/wp-json\/wp\/v2\/product\/93513"}],"collection":[{"href":"https:\/\/www.keramika.com\/srbija\/wp-json\/wp\/v2\/product"}],"about":[{"href":"https:\/\/www.keramika.com\/srbija\/wp-json\/wp\/v2\/types\/product"}],"wp:featuredmedia":[{"embeddable":true,"href":"https:\/\/www.keramika.com\/srbija\/wp-json\/wp\/v2\/media\/93514"}],"wp:attachment":[{"href":"https:\/\/www.keramika.com\/srbija\/wp-json\/wp\/v2\/media?parent=93513"}],"wp:term":[{"taxonomy":"product_cat","embeddable":true,"href":"https:\/\/www.keramika.com\/srbija\/wp-json\/wp\/v2\/product_cat?post=93513"},{"taxonomy":"product_tag","embeddable":true,"href":"https:\/\/www.keramika.com\/srbija\/wp-json\/wp\/v2\/product_tag?post=93513"}],"curies":[{"name":"wp","href":"https:\/\/api.w.org\/{rel}","templated":true}]}}